{"id":14496,"date":"2023-05-31T10:12:26","date_gmt":"2023-05-31T08:12:26","guid":{"rendered":"https:\/\/ilovepoke.it\/?page_id=14496"},"modified":"2025-10-19T17:52:40","modified_gmt":"2025-10-19T15:52:40","slug":"vegan","status":"publish","type":"page","link":"https:\/\/ilovepoke.it\/de\/vegan\/","title":{"rendered":"Vegan"},"content":{"rendered":"<div class=\"wpb-content-wrapper\"><div      class=\"vc_row wpb_row section vc_row-fluid\" style=' text-align:left;'><div class=\"full_section_inner clearfix\"><div class=\"wpb_column vc_column_container vc_col-sm-12\"><div class=\"vc_column-inner\"><div class=\"wpb_wrapper\"><div class=\"vc_empty_space\"  style=\"height: 62px\" >\n\t<span class=\"vc_empty_space_inner\">\n\t\t<span class=\"empty_space_image\"  ><\/span>\n\t<\/span>\n<\/div><\/div><\/div><\/div><\/div><\/div><div      class=\"vc_row wpb_row section vc_row-fluid  chisiamoh2_hndngs vc_custom_1634330315868 grid_section\" style=' text-align:left;'><div class=\"section_inner clearfix\"><div class='section_inner_margin clearfix'><div class=\"wpb_column vc_column_container vc_col-sm-1\"><div class=\"vc_column-inner\"><div class=\"wpb_wrapper\"><\/div><\/div><\/div><div class=\"more-img wpb_column vc_column_container vc_col-sm-4 vc_col-has-fill\"><div class=\"vc_column-inner vc_custom_1685525806679\"><div class=\"wpb_wrapper\">\n\t<div class=\"wpb_text_column wpb_content_element  text_una vc_custom_1747388320242\">\n\t\t<div class=\"wpb_wrapper\">\n\t\t\t<h1 class=\"vegan-core\" style=\"text-align: left;\"><span style=\"color: #dd647f;\">VEGAN CHOICE<\/span><\/h1>\n\n\t\t<\/div>\n\t<\/div>\n\t<div class=\"wpb_text_column wpb_content_element  Text_una_love\">\n\t\t<div class=\"wpb_wrapper\">\n\t\t\t<p>Bocconcini <strong>Gepflanzt 100% Gem\u00fcse<\/strong> basieren auf Erbsenprotein, das in Geschmack und Konsistenz dem H\u00fchnerfleisch sehr \u00e4hnlich ist, jedoch ohne jegliche Zusatzstoffe oder Soja. Reich an <strong>Eiwei\u00dfe<\/strong> (18g\/100g) und Quelle von <strong>Fasern<\/strong>, sind ein<strong>gesunde und schmackhafte Alternative<\/strong> f\u00fcr alle, die auf den Fleischkonsum verzichten oder ihn sogar reduzieren wollen. Im Vergleich zu H\u00fchnerfleisch emittiert planted.chicken au\u00dferdem 77% weniger CO2-eq und verbraucht 85% weniger Wasser.<\/p>\n<p>Sie sind sowohl in der Poke-Schale als auch in der <strong>Tacos<\/strong>!<\/p>\n\n\t\t<\/div>\n\t<\/div><\/div><\/div><\/div><div class=\"wpb_column vc_column_container vc_col-sm-6\"><div class=\"vc_column-inner\"><div class=\"wpb_wrapper\"><div class=\"vc_empty_space\"  style=\"height: 92px\" >\n\t<span class=\"vc_empty_space_inner\">\n\t\t<span class=\"empty_space_image\"  ><\/span>\n\t<\/span>\n<\/div>\n\t<div class=\"wpb_single_image wpb_content_element vc_align_right\">\n\t\t<div class=\"wpb_wrapper\">\n\t\t\t\n\t\t\t<div class=\"vc_single_image-wrapper   vc_box_border_grey\"><img fetchpriority=\"high\" decoding=\"async\" width=\"2000\" height=\"2093\" src=\"https:\/\/ilovepoke.it\/wp-content\/uploads\/2023\/05\/vegan1.jpg\" class=\"vc_single_image-img attachment-full\" alt=\"vegan1\" title=\"vegan1\" srcset=\"https:\/\/ilovepoke.it\/wp-content\/uploads\/2023\/05\/vegan1.jpg 2000w, https:\/\/ilovepoke.it\/wp-content\/uploads\/2023\/05\/vegan1-287x300.jpg 287w, https:\/\/ilovepoke.it\/wp-content\/uploads\/2023\/05\/vegan1-978x1024.jpg 978w, https:\/\/ilovepoke.it\/wp-content\/uploads\/2023\/05\/vegan1-768x804.jpg 768w, https:\/\/ilovepoke.it\/wp-content\/uploads\/2023\/05\/vegan1-1468x1536.jpg 1468w, https:\/\/ilovepoke.it\/wp-content\/uploads\/2023\/05\/vegan1-1957x2048.jpg 1957w, https:\/\/ilovepoke.it\/wp-content\/uploads\/2023\/05\/vegan1-700x733.jpg 700w\" sizes=\"(max-width: 2000px) 100vw, 2000px\" \/><\/div>\n\t\t<\/div>\n\t<\/div>\n<\/div><\/div><\/div><div class=\"wpb_column vc_column_container vc_col-sm-1\"><div class=\"vc_column-inner\"><div class=\"wpb_wrapper\"><\/div><\/div><\/div><\/div><\/div><\/div><div      class=\"vc_row wpb_row section vc_row-fluid\" style=' text-align:left;'><div class=\"full_section_inner clearfix\"><div class=\"wpb_column vc_column_container vc_col-sm-12\"><div class=\"vc_column-inner\"><div class=\"wpb_wrapper\"><div class=\"vc_empty_space\"  style=\"height: 32px\" >\n\t<span class=\"vc_empty_space_inner\">\n\t\t<span class=\"empty_space_image\"  ><\/span>\n\t<\/span>\n<\/div><\/div><\/div><\/div><\/div><\/div><div      class=\"vc_row wpb_row section vc_row-fluid  chisiamoh2_hndngs vc_custom_1634330315868 grid_section\" style=' text-align:left;'><div class=\"section_inner clearfix\"><div class='section_inner_margin clearfix'><div class=\"more-img wpb_column vc_column_container vc_col-sm-6 vc_col-has-fill\"><div class=\"vc_column-inner vc_custom_1685527255975\"><div class=\"wpb_wrapper\">\n\t<div class=\"wpb_single_image wpb_content_element vc_align_right\">\n\t\t<div class=\"wpb_wrapper\">\n\t\t\t\n\t\t\t<div class=\"vc_single_image-wrapper   vc_box_border_grey\"><img decoding=\"async\" width=\"2187\" height=\"2287\" src=\"https:\/\/ilovepoke.it\/wp-content\/uploads\/2023\/05\/cuorepoke.png\" class=\"vc_single_image-img attachment-full\" alt=\"heartpoke\" title=\"heartpoke\" srcset=\"https:\/\/ilovepoke.it\/wp-content\/uploads\/2023\/05\/cuorepoke.png 2187w, https:\/\/ilovepoke.it\/wp-content\/uploads\/2023\/05\/cuorepoke-287x300.png 287w, https:\/\/ilovepoke.it\/wp-content\/uploads\/2023\/05\/cuorepoke-979x1024.png 979w, https:\/\/ilovepoke.it\/wp-content\/uploads\/2023\/05\/cuorepoke-768x803.png 768w, https:\/\/ilovepoke.it\/wp-content\/uploads\/2023\/05\/cuorepoke-1469x1536.png 1469w, https:\/\/ilovepoke.it\/wp-content\/uploads\/2023\/05\/cuorepoke-1958x2048.png 1958w, https:\/\/ilovepoke.it\/wp-content\/uploads\/2023\/05\/cuorepoke-700x732.png 700w\" sizes=\"(max-width: 2187px) 100vw, 2187px\" \/><\/div>\n\t\t<\/div>\n\t<\/div>\n<\/div><\/div><\/div><div class=\"wpb_column vc_column_container vc_col-sm-1\"><div class=\"vc_column-inner\"><div class=\"wpb_wrapper\"><\/div><\/div><\/div><div class=\"wpb_column vc_column_container vc_col-sm-4\"><div class=\"vc_column-inner\"><div class=\"wpb_wrapper\"><div class=\"vc_empty_space\"  style=\"height: 72px\" >\n\t<span class=\"vc_empty_space_inner\">\n\t\t<span class=\"empty_space_image\"  ><\/span>\n\t<\/span>\n<\/div>\n\t<div class=\"wpb_text_column wpb_content_element  Text_una_love\">\n\t\t<div class=\"wpb_wrapper\">\n\t\t\t<p><strong>Bepflanzt<\/strong> ist ein Schweizer Start-up-Unternehmen, das 2019 von der ETH Z\u00fcrich gegr\u00fcndet wurde und sich innerhalb weniger Jahre zu einem europ\u00e4ischen Benchmark im Bereich Lebensmittel entwickelt hat. <strong>auf pflanzlicher Basis<\/strong>. Pflanzliche Erzeugnisse zeichnen sich durch Geschmack und <strong>sauberes Etikett<\/strong>werden in der Tat nur mit <strong>nat\u00fcrliche Zutaten<\/strong>Schweizer und europ\u00e4ischen Lieferkette. Die Aufgabe besteht darin, eine<strong>wirklich gesunde, schmackhafte und nachhaltige Alternative<\/strong> Tierfleisch zu ersetzen, was sich positiv auf den Planeten auswirkt, ohne dass man auf Geschmack und Qualit\u00e4t verzichten muss.<strong>ausgewogene Ern\u00e4hrung<\/strong>.<\/p>\n\n\t\t<\/div>\n\t<\/div><\/div><\/div><\/div><\/div><\/div><\/div><div      class=\"vc_row wpb_row section vc_row-fluid\" style=' text-align:left;'><div class=\"full_section_inner clearfix\"><div class=\"wpb_column vc_column_container vc_col-sm-12\"><div class=\"vc_column-inner\"><div class=\"wpb_wrapper\"><div class=\"vc_empty_space\"  style=\"height: 62px\" >\n\t<span class=\"vc_empty_space_inner\">\n\t\t<span class=\"empty_space_image\"  ><\/span>\n\t<\/span>\n<\/div><\/div><\/div><\/div><\/div><\/div><div      class=\"vc_row wpb_row section vc_row-fluid  btm-sectn-btns vc_custom_1634806608940 grid_section\" style=' text-align:left;'><div class=\"section_inner clearfix\"><div class='section_inner_margin clearfix'><div class=\"wpb_column vc_column_container vc_col-sm-6\" id=\"left-btn-brdr-txt\"><div class=\"vc_column-inner\"><div class=\"wpb_wrapper\">\n\t<div class=\"wpb_text_column wpb_content_element  vc_custom_1667390450640\">\n\t\t<div class=\"wpb_wrapper\">\n\t\t\t<h2>MEHR \u00dcBER UNS<\/h2>\n\n\t\t<\/div>\n\t<\/div><\/div><\/div><\/div><div class=\"wpb_column vc_column_container vc_col-sm-6\" id=\"right-btn-brdr-txt\"><div class=\"vc_column-inner\"><div class=\"wpb_wrapper\">\n\t<div class=\"wpb_text_column wpb_content_element  vc_custom_1631780459431\">\n\t\t<div class=\"wpb_wrapper\">\n\t\t\t<h2>Entdecken Sie unser Men\u00fc<\/h2>\n\n\t\t<\/div>\n\t<\/div><\/div><\/div><\/div><\/div><\/div><\/div><div      class=\"vc_row wpb_row section vc_row-fluid\" style=' text-align:left;'><div class=\"full_section_inner clearfix\"><div class=\"wpb_column vc_column_container vc_col-sm-12\"><div class=\"vc_column-inner\"><div class=\"wpb_wrapper\">\n\t<div class=\"wpb_raw_code wpb_raw_html wpb_content_element\" >\n\t\t<div class=\"wpb_wrapper\">\n\t\t\t<script>\njQuery( document ).ready(function() {\njQuery('div#left-btn-brdr-txt').html('<a href=\"https:\/\/ilovepoke.it\/press\/\"><h2>More About Us\n<\/h2><\/a>');\njQuery('div#right-btn-brdr-txt').html('<a href=\"https:\/\/ilovepoke.it\/componi-bowl\/\"><h2>Scopri il nostro Menu<\/h2><\/a>');\n});\n<\/script>\n\t\t<\/div>\n\t<\/div>\n<\/div><\/div><\/div><\/div><\/div>\n<\/div>","protected":false},"excerpt":{"rendered":"VEGAN CHOICE Planted 100% Vegetable Chunks basieren auf Erbsenprotein, dessen Geschmack und Textur dem von H\u00fchnerfleisch unglaublich \u00e4hnlich ist, jedoch ohne jegliche Zusatzstoffe oder Soja. Reich an Proteinen (18g\/100g) und Ballaststoffen, sind sie eine gesunde und schmackhafte Alternative zu...","protected":false},"author":1,"featured_media":0,"parent":0,"menu_order":0,"comment_status":"closed","ping_status":"closed","template":"full_width.php","meta":{"_acf_changed":false,"content-type":"","inline_featured_image":false,"wpupg_custom_link":[],"wpupg_custom_link_behaviour":["default"],"wpupg_custom_link_nofollow":["default"],"wpupg_custom_image":[],"wpupg_custom_image_id":[],"footnotes":""},"class_list":["post-14496","page","type-page","status-publish","hentry"],"acf":[],"yoast_head":"<!-- This site is optimized with the Yoast SEO Premium plugin v26.1 (Yoast SEO v27.1.1) - https:\/\/yoast.com\/product\/yoast-seo-premium-wordpress\/ -->\n<title>Poke hawaiano Catena fast-food in italia - I love Pok\u00e9<\/title>\n<meta name=\"description\" content=\"I Love Poke \u00e8 la prima catena italiana di fast-food dedicata al mondo del poke, scopri questo piatto hawaiano super healthy, sano e goloso\" \/>\n<meta name=\"robots\" content=\"index, follow, max-snippet:-1, max-image-preview:large, max-video-preview:-1\" \/>\n<link rel=\"canonical\" href=\"https:\/\/ilovepoke.it\/de\/vegan\/\" \/>\n<meta property=\"og:locale\" content=\"de_DE\" \/>\n<meta property=\"og:type\" content=\"article\" \/>\n<meta property=\"og:title\" content=\"Poke hawaiano Catena fast-food in italia - I love Pok\u00e9\" \/>\n<meta property=\"og:description\" content=\"I Love Poke \u00e8 la prima catena italiana di fast-food dedicata al mondo del poke, scopri questo piatto hawaiano super healthy, sano e goloso\" \/>\n<meta property=\"og:url\" content=\"https:\/\/ilovepoke.it\/de\/vegan\/\" \/>\n<meta property=\"og:site_name\" content=\"I love Pok\u00e9\" \/>\n<meta property=\"article:publisher\" content=\"https:\/\/www.facebook.com\/ilovepoke.official\/\" \/>\n<meta property=\"article:modified_time\" content=\"2025-10-19T15:52:40+00:00\" \/>\n<meta property=\"og:image\" content=\"https:\/\/ilovepoke.it\/wp-content\/uploads\/2022\/05\/ILovePoke-12apr22-086.png\" \/>\n\t<meta property=\"og:image:width\" content=\"5224\" \/>\n\t<meta property=\"og:image:height\" content=\"4178\" \/>\n\t<meta property=\"og:image:type\" content=\"image\/png\" \/>\n<meta name=\"twitter:card\" content=\"summary_large_image\" \/>\n<meta name=\"twitter:title\" content=\"Poke hawaiano Catena fast-food in italia - I love Pok\u00e9\" \/>\n<meta name=\"twitter:description\" content=\"I Love Poke \u00e8 la prima catena italiana di fast-food dedicata al mondo del poke, scopri questo piatto hawaiano super healthy, sano e goloso\" \/>\n<meta name=\"twitter:site\" content=\"@ilovepoke_\" \/>\n<meta name=\"twitter:label1\" content=\"Gesch\u00e4tzte Lesezeit\" \/>\n\t<meta name=\"twitter:data1\" content=\"3\u00a0Minuten\" \/>\n<script type=\"application\/ld+json\" class=\"yoast-schema-graph\">{\"@context\":\"https:\/\/schema.org\",\"@graph\":[{\"@type\":[\"Article\",\"BlogPosting\"],\"@id\":\"https:\/\/ilovepoke.it\/vegan\/#article\",\"isPartOf\":{\"@id\":\"https:\/\/ilovepoke.it\/vegan\/\"},\"author\":{\"name\":\"admin\",\"@id\":\"https:\/\/ilovepoke.it\/en\/#\/schema\/person\/4531dd6db37dd7beb4316882c8cec41d\"},\"headline\":\"Vegan\",\"datePublished\":\"2023-05-31T08:12:26+00:00\",\"dateModified\":\"2025-10-19T15:52:40+00:00\",\"mainEntityOfPage\":{\"@id\":\"https:\/\/ilovepoke.it\/vegan\/\"},\"wordCount\":702,\"publisher\":{\"@id\":\"https:\/\/ilovepoke.it\/en\/#organization\"},\"inLanguage\":\"de\"},{\"@type\":\"WebPage\",\"@id\":\"https:\/\/ilovepoke.it\/vegan\/\",\"url\":\"https:\/\/ilovepoke.it\/vegan\/\",\"name\":\"Poke hawaiano Catena fast-food in italia - I love Pok\u00e9\",\"isPartOf\":{\"@id\":\"https:\/\/ilovepoke.it\/en\/#website\"},\"datePublished\":\"2023-05-31T08:12:26+00:00\",\"dateModified\":\"2025-10-19T15:52:40+00:00\",\"description\":\"I Love Poke \u00e8 la prima catena italiana di fast-food dedicata al mondo del poke, scopri questo piatto hawaiano super healthy, sano e goloso\",\"breadcrumb\":{\"@id\":\"https:\/\/ilovepoke.it\/vegan\/#breadcrumb\"},\"inLanguage\":\"de\",\"potentialAction\":[{\"@type\":\"ReadAction\",\"target\":[\"https:\/\/ilovepoke.it\/vegan\/\"]}]},{\"@type\":\"BreadcrumbList\",\"@id\":\"https:\/\/ilovepoke.it\/vegan\/#breadcrumb\",\"itemListElement\":[{\"@type\":\"ListItem\",\"position\":1,\"name\":\"Home\",\"item\":\"https:\/\/ilovepoke.it\/\"},{\"@type\":\"ListItem\",\"position\":2,\"name\":\"Vegan\"}]},{\"@type\":\"WebSite\",\"@id\":\"https:\/\/ilovepoke.it\/en\/#website\",\"url\":\"https:\/\/ilovepoke.it\/en\/\",\"name\":\"I love Poke\",\"description\":\"Poke love. Riso nero, salmone, tonno, arancia e finocchio, alghe wakame, edamame, cavolo rosso, carote, melagrana, sesamo, salsa guacamole e soya.\",\"publisher\":{\"@id\":\"https:\/\/ilovepoke.it\/en\/#organization\"},\"potentialAction\":[{\"@type\":\"SearchAction\",\"target\":{\"@type\":\"EntryPoint\",\"urlTemplate\":\"https:\/\/ilovepoke.it\/en\/?s={search_term_string}\"},\"query-input\":{\"@type\":\"PropertyValueSpecification\",\"valueRequired\":true,\"valueName\":\"search_term_string\"}}],\"inLanguage\":\"de\"},{\"@type\":\"Organization\",\"@id\":\"https:\/\/ilovepoke.it\/en\/#organization\",\"name\":\"I Love Poke\",\"url\":\"https:\/\/ilovepoke.it\/en\/\",\"logo\":{\"@type\":\"ImageObject\",\"inLanguage\":\"de\",\"@id\":\"https:\/\/ilovepoke.it\/en\/#\/schema\/logo\/image\/\",\"url\":\"https:\/\/ilovepoke.it\/wp-content\/uploads\/2021\/02\/ilovepoke_logo_verde-rosa-bianco-2.png\",\"contentUrl\":\"https:\/\/ilovepoke.it\/wp-content\/uploads\/2021\/02\/ilovepoke_logo_verde-rosa-bianco-2.png\",\"width\":500,\"height\":224,\"caption\":\"I Love Poke\"},\"image\":{\"@id\":\"https:\/\/ilovepoke.it\/en\/#\/schema\/logo\/image\/\"},\"sameAs\":[\"https:\/\/www.facebook.com\/ilovepoke.official\/\",\"https:\/\/x.com\/ilovepoke_\",\"https:\/\/www.instagram.com\/ilovepoke.official\/\"]},{\"@type\":\"Person\",\"@id\":\"https:\/\/ilovepoke.it\/en\/#\/schema\/person\/4531dd6db37dd7beb4316882c8cec41d\",\"name\":\"admin\",\"image\":{\"@type\":\"ImageObject\",\"inLanguage\":\"de\",\"@id\":\"https:\/\/ilovepoke.it\/en\/#\/schema\/person\/image\/\",\"url\":\"https:\/\/secure.gravatar.com\/avatar\/0c2e032b23081d10a7afe506d6ff8c7fcac9dec713eb1b948486fd2d373664c2?s=96&d=mm&r=g\",\"contentUrl\":\"https:\/\/secure.gravatar.com\/avatar\/0c2e032b23081d10a7afe506d6ff8c7fcac9dec713eb1b948486fd2d373664c2?s=96&d=mm&r=g\",\"caption\":\"admin\"},\"sameAs\":[\"https:\/\/ilovepoke.it\"],\"url\":\"https:\/\/ilovepoke.it\/de\/author\/admin\/\"}]}<\/script>\n<!-- \/ Yoast SEO Premium plugin. -->","yoast_head_json":{"title":"Hawaiianische Pok\u00e9-Fast-Food-Kette in Italien - Ich liebe Pok\u00e9","description":"I Love Poke ist die erste italienische Fast-Food-Kette, die sich der Welt des Poke widmet. Entdecken Sie dieses supergesunde, gesunde und k\u00f6stliche hawaiianische Gericht","robots":{"index":"index","follow":"follow","max-snippet":"max-snippet:-1","max-image-preview":"max-image-preview:large","max-video-preview":"max-video-preview:-1"},"canonical":"https:\/\/ilovepoke.it\/de\/vegan\/","og_locale":"de_DE","og_type":"article","og_title":"Poke hawaiano Catena fast-food in italia - I love Pok\u00e9","og_description":"I Love Poke \u00e8 la prima catena italiana di fast-food dedicata al mondo del poke, scopri questo piatto hawaiano super healthy, sano e goloso","og_url":"https:\/\/ilovepoke.it\/de\/vegan\/","og_site_name":"I love Pok\u00e9","article_publisher":"https:\/\/www.facebook.com\/ilovepoke.official\/","article_modified_time":"2025-10-19T15:52:40+00:00","og_image":[{"width":5224,"height":4178,"url":"https:\/\/ilovepoke.it\/wp-content\/uploads\/2022\/05\/ILovePoke-12apr22-086.png","type":"image\/png"}],"twitter_card":"summary_large_image","twitter_title":"Poke hawaiano Catena fast-food in italia - I love Pok\u00e9","twitter_description":"I Love Poke \u00e8 la prima catena italiana di fast-food dedicata al mondo del poke, scopri questo piatto hawaiano super healthy, sano e goloso","twitter_site":"@ilovepoke_","twitter_misc":{"Gesch\u00e4tzte Lesezeit":"3\u00a0Minuten"},"schema":{"@context":"https:\/\/schema.org","@graph":[{"@type":["Article","BlogPosting"],"@id":"https:\/\/ilovepoke.it\/vegan\/#article","isPartOf":{"@id":"https:\/\/ilovepoke.it\/vegan\/"},"author":{"name":"admin","@id":"https:\/\/ilovepoke.it\/en\/#\/schema\/person\/4531dd6db37dd7beb4316882c8cec41d"},"headline":"Vegan","datePublished":"2023-05-31T08:12:26+00:00","dateModified":"2025-10-19T15:52:40+00:00","mainEntityOfPage":{"@id":"https:\/\/ilovepoke.it\/vegan\/"},"wordCount":702,"publisher":{"@id":"https:\/\/ilovepoke.it\/en\/#organization"},"inLanguage":"de"},{"@type":"WebPage","@id":"https:\/\/ilovepoke.it\/vegan\/","url":"https:\/\/ilovepoke.it\/vegan\/","name":"Hawaiianische Pok\u00e9-Fast-Food-Kette in Italien - Ich liebe Pok\u00e9","isPartOf":{"@id":"https:\/\/ilovepoke.it\/en\/#website"},"datePublished":"2023-05-31T08:12:26+00:00","dateModified":"2025-10-19T15:52:40+00:00","description":"I Love Poke ist die erste italienische Fast-Food-Kette, die sich der Welt des Poke widmet. Entdecken Sie dieses supergesunde, gesunde und k\u00f6stliche hawaiianische Gericht","breadcrumb":{"@id":"https:\/\/ilovepoke.it\/vegan\/#breadcrumb"},"inLanguage":"de","potentialAction":[{"@type":"ReadAction","target":["https:\/\/ilovepoke.it\/vegan\/"]}]},{"@type":"BreadcrumbList","@id":"https:\/\/ilovepoke.it\/vegan\/#breadcrumb","itemListElement":[{"@type":"ListItem","position":1,"name":"Home","item":"https:\/\/ilovepoke.it\/"},{"@type":"ListItem","position":2,"name":"Vegan"}]},{"@type":"WebSite","@id":"https:\/\/ilovepoke.it\/en\/#website","url":"https:\/\/ilovepoke.it\/en\/","name":"Ich liebe Poke","description":"Poke Liebe. Schwarzer Reis, Lachs, Thunfisch, Orange und Fenchel, Wakame-Algen, Edamame, Rotkohl, Karotten, Granatapfel, Sesam, Guacamole-Sauce und Soja.","publisher":{"@id":"https:\/\/ilovepoke.it\/en\/#organization"},"potentialAction":[{"@type":"SearchAction","target":{"@type":"EntryPoint","urlTemplate":"https:\/\/ilovepoke.it\/en\/?s={search_term_string}"},"query-input":{"@type":"PropertyValueSpecification","valueRequired":true,"valueName":"search_term_string"}}],"inLanguage":"de"},{"@type":"Organization","@id":"https:\/\/ilovepoke.it\/en\/#organization","name":"Ich liebe Koks","url":"https:\/\/ilovepoke.it\/en\/","logo":{"@type":"ImageObject","inLanguage":"de","@id":"https:\/\/ilovepoke.it\/en\/#\/schema\/logo\/image\/","url":"https:\/\/ilovepoke.it\/wp-content\/uploads\/2021\/02\/ilovepoke_logo_verde-rosa-bianco-2.png","contentUrl":"https:\/\/ilovepoke.it\/wp-content\/uploads\/2021\/02\/ilovepoke_logo_verde-rosa-bianco-2.png","width":500,"height":224,"caption":"I Love Poke"},"image":{"@id":"https:\/\/ilovepoke.it\/en\/#\/schema\/logo\/image\/"},"sameAs":["https:\/\/www.facebook.com\/ilovepoke.official\/","https:\/\/x.com\/ilovepoke_","https:\/\/www.instagram.com\/ilovepoke.official\/"]},{"@type":"Person","@id":"https:\/\/ilovepoke.it\/en\/#\/schema\/person\/4531dd6db37dd7beb4316882c8cec41d","name":"admin","image":{"@type":"ImageObject","inLanguage":"de","@id":"https:\/\/ilovepoke.it\/en\/#\/schema\/person\/image\/","url":"https:\/\/secure.gravatar.com\/avatar\/0c2e032b23081d10a7afe506d6ff8c7fcac9dec713eb1b948486fd2d373664c2?s=96&d=mm&r=g","contentUrl":"https:\/\/secure.gravatar.com\/avatar\/0c2e032b23081d10a7afe506d6ff8c7fcac9dec713eb1b948486fd2d373664c2?s=96&d=mm&r=g","caption":"admin"},"sameAs":["https:\/\/ilovepoke.it"],"url":"https:\/\/ilovepoke.it\/de\/author\/admin\/"}]}},"_links":{"self":[{"href":"https:\/\/ilovepoke.it\/de\/wp-json\/wp\/v2\/pages\/14496","targetHints":{"allow":["GET"]}}],"collection":[{"href":"https:\/\/ilovepoke.it\/de\/wp-json\/wp\/v2\/pages"}],"about":[{"href":"https:\/\/ilovepoke.it\/de\/wp-json\/wp\/v2\/types\/page"}],"author":[{"embeddable":true,"href":"https:\/\/ilovepoke.it\/de\/wp-json\/wp\/v2\/users\/1"}],"replies":[{"embeddable":true,"href":"https:\/\/ilovepoke.it\/de\/wp-json\/wp\/v2\/comments?post=14496"}],"version-history":[{"count":1,"href":"https:\/\/ilovepoke.it\/de\/wp-json\/wp\/v2\/pages\/14496\/revisions"}],"predecessor-version":[{"id":900306,"href":"https:\/\/ilovepoke.it\/de\/wp-json\/wp\/v2\/pages\/14496\/revisions\/900306"}],"wp:attachment":[{"href":"https:\/\/ilovepoke.it\/de\/wp-json\/wp\/v2\/media?parent=14496"}],"curies":[{"name":"wp","href":"https:\/\/api.w.org\/{rel}","templated":true}]}}