{"id":1671,"date":"2020-09-14T06:50:16","date_gmt":"2020-09-14T06:50:16","guid":{"rendered":"https:\/\/ilovepoke.it\/?page_id=1671"},"modified":"2026-02-28T08:12:11","modified_gmt":"2026-02-28T08:12:11","slug":"cookie-richtlinie","status":"publish","type":"page","link":"https:\/\/ilovepoke.it\/de\/cookie-richtlinie\/","title":{"rendered":"Cookies-Politik"},"content":{"rendered":"<div class=\"wpb-content-wrapper\"><div      class=\"vc_row wpb_row section vc_row-fluid\" style=' text-align:left;'><div class=\"full_section_inner clearfix\"><div class=\"wpb_column vc_column_container vc_col-sm-12\"><div class=\"vc_column-inner\"><div class=\"wpb_wrapper\">\n\t<div class=\"wpb_text_column wpb_content_element\">\n\t\t<div class=\"wpb_wrapper\">\n\t\t\t<p>COOKIES-POLITIK<\/p>\n<p>Die verwendeten Software-Anwendungen k\u00f6nnen \"Cookie\"-Technologie enthalten. Die Hauptfunktion von Cookies ist die Erleichterung der Navigation f\u00fcr den Benutzer. Cookies k\u00f6nnen Informationen \u00fcber die Navigation innerhalb der Website liefern und den Betrieb bestimmter Dienste erm\u00f6glichen, die die Identifizierung des Weges des Nutzers durch die verschiedenen Seiten der Website erfordern. Bei jedem Zugriff auf das Portal werden unabh\u00e4ngig vom Vorhandensein eines Cookies der Browsertyp, das Betriebssystem (z. B. Microsoft, Apple, Android, Linux usw.), der Host und die Herkunfts-URL des Besuchers sowie die Daten der angeforderten Seite erfasst. Der Nutzer kann seinen Browser jedoch so einstellen, dass er \u00fcber den Erhalt eines Cookies informiert wird und so entscheiden, diesen zu l\u00f6schen. Weitere Informationen zu Cookies finden Sie auf den Websites der Browser-Anbieter.<\/p>\n<p><b>Was sind Cookies?<\/b><\/p>\n<p>Cookies sind kleine Textstrings, die auf Ihrem Computer gespeichert werden, wenn Sie bestimmte Seiten im Internet besuchen. In den meisten Browsern sind Cookies aktiviert. Nachstehend finden Sie die Informationen, die Sie ben\u00f6tigen, um die Cookie-Einstellungen in Ihrem Browser zu \u00e4ndern. Cookies sind nicht sch\u00e4dlich f\u00fcr das Ger\u00e4t. In den von uns erzeugten Cookies speichern wir keine pers\u00f6nlich identifizierbaren Informationen, sondern verwenden sie, um Ihre Erfahrung auf der Website zu verbessern. Sie sind zum Beispiel n\u00fctzlich, um Fehler zu erkennen und zu beheben. Weitere Informationen \u00fcber Cookies finden Sie auf den Seiten:\u00a0<a href=\"https:\/\/www.allaboutcookies.org\/\">www.allaboutcookies.org<\/a>\u00a0e\u00a0<a href=\"https:\/\/www.youronlinechoices.eu\/\">www.youronlinechoices.eu<\/a>.<\/p>\n<p>Cookies k\u00f6nnen verschiedene Funktionen erf\u00fcllen, wie z.B. die effiziente Navigation zwischen den Seiten, und ganz allgemein den Aufenthalt des Nutzers verbessern. Der Inhaber beh\u00e4lt sich das Recht vor, mit Zustimmung des Benutzers Cookies zu verwenden, wenn das Gesetz oder die geltenden Vorschriften dies vorsehen, um die Navigation auf dieser Website zu erleichtern und die angezeigten Informationen zu personalisieren. Der Inhaber beh\u00e4lt sich auch das Recht vor, \u00e4hnliche Systeme zu verwenden, um Informationen \u00fcber die Nutzer der Website, wie z. B. die Art des verwendeten Internetbrowsers und des Betriebssystems, zu statistischen oder Sicherheitszwecken zu sammeln.<\/p>\n<p><b>Arten von Cookies<\/b><\/p>\n<p>Es wird zwischen \"Sitzungscookies\" und \"dauerhaften Cookies\" unterschieden. Erstere werden nach dem Herunterladen beim Schlie\u00dfen des Browsers gel\u00f6scht, w\u00e4hrend letztere gespeichert werden, bis sie ablaufen oder gel\u00f6scht werden. Die Sitzungscookies dienen dazu, die Analyse des Internetverkehrs zu beschleunigen und den Nutzern den Zugriff auf die von der Website angebotenen Dienste zu erleichtern. Sitzungscookies werden vor allem bei der Authentifizierung, Autorisierung und Navigation in Diensten verwendet, die \u00fcber eine Registrierung zug\u00e4nglich sind. Die meisten Browser sind so eingestellt, dass sie Cookies akzeptieren. Wenn Sie keine Cookies akzeptieren m\u00f6chten, k\u00f6nnen Sie Ihren Computer so einstellen, dass er sie ablehnt oder eine Warnung anzeigt, wenn sie gespeichert werden. Wenn Sie die Verwendung von Cookies ablehnen, kann es sein, dass einige Funktionen der Website nicht ordnungsgem\u00e4\u00df funktionieren und einige der Dienste nicht zur Verf\u00fcgung stehen. Die Verwendung von Sitzungscookies ist streng auf die \u00dcbermittlung von Sitzungskennungen beschr\u00e4nkt, die f\u00fcr eine sichere und effiziente Erkundung der Website erforderlich sind. Diese Daten sind technischer Natur, vor\u00fcbergehend g\u00fcltig und werden nicht zur Identifizierung der Nutzer erhoben, k\u00f6nnten aber aufgrund ihrer Funktionsweise und in Kombination mit anderen Daten Dritter (z. B. des Internetanbieters der betroffenen Person) eine Identifizierung erm\u00f6glichen. Erstanbieter-Cookies k\u00f6nnen nur von der Dom\u00e4ne gelesen werden, die sie erstellt hat.<\/p>\n<p><b>Cookies von Dritten:<\/b><\/p>\n<p>erstellt und lesbar von Domains au\u00dferhalb dieser Website. Die verwendete Software erstellt ein Cookie, um Nutzungsstatistiken zu erstellen. Die durch diesen Cookie erzeugten Daten werden bei Google Inc. gespeichert.<\/p>\n<p>Wie Cookies in Google Analytics funktionieren, entnehmen Sie bitte der offiziellen Dokumentation von Google unter url:\u00a0<a href=\"https:\/\/code.google.com\/apis\/analytics\/docs\/concepts\/gaConceptsCookies.html\" target=\"_blank\" rel=\"noopener noreferrer\">http:\/\/code.google.com\/apis\/analytics\/docs\/concepts\/gaConceptsCookies.html<\/a><\/p>\n<p><b>Wie kann ich Cookies deaktivieren?<\/b><\/p>\n<p>Die meisten Browser akzeptieren Cookies automatisch, aber Sie k\u00f6nnen auch w\u00e4hlen, sie nicht zu akzeptieren. Wenn Sie nicht m\u00f6chten, dass Ihr Computer Cookies empf\u00e4ngt und speichert, k\u00f6nnen Sie die Sicherheitseinstellungen Ihres Browsers (Internet Explorer, Google Chrome, Mozilla Firefox, Safari usw.) \u00e4ndern. Es gibt mehrere M\u00f6glichkeiten, Cookies und andere Tracking-Technologien zu verwalten. Indem Sie Ihre Browsereinstellungen \u00e4ndern, k\u00f6nnen Sie Cookies akzeptieren oder ablehnen oder entscheiden, dass Sie eine Warnmeldung erhalten, bevor Sie ein Cookie von den von Ihnen besuchten Websites akzeptieren. Sie k\u00f6nnen alle im Cookie-Ordner Ihres Browsers installierten Cookies l\u00f6schen. Jeder Browser verf\u00fcgt \u00fcber unterschiedliche Verfahren zur Verwaltung der Einstellungen.<\/p>\n<p>Klicken Sie auf einen der unten stehenden Links, um spezifische Anweisungen zu erhalten:<\/p>\n<p><i>Microsoft Internet Explorer<\/i><br \/>\nKlicken Sie auf das Symbol \"Extras\" in der oberen rechten Ecke und w\u00e4hlen Sie \"Internetoptionen\". W\u00e4hlen Sie im Pop-up-Fenster \"Datenschutz\".<br \/>\nHier k\u00f6nnen Sie Ihre Cookie-Einstellungen anpassen oder \u00fcber den Link\u00a0<a href=\"https:\/\/windows.microsoft.com\/en-us\/windows-vista\/block-or-allow-cookies\/\">http:\/\/windows.microsoft.com\/en-us\/windows-vista\/block-or-allow-cookies<\/a><\/p>\n<p><i>Google Chrome<\/i><br \/>\nKlicken Sie auf den Schraubenschl\u00fcssel in der oberen rechten Ecke und w\u00e4hlen Sie \"Einstellungen\". W\u00e4hlen Sie dann \"Erweiterte Einstellungen anzeigen\" (\"Unter der Haube\") und \u00e4ndern Sie die \"Datenschutz\"-Einstellungen.<br \/>\nHier k\u00f6nnen Sie Ihre Cookie-Einstellungen anpassen oder \u00fcber den Link\u00a0<a href=\"https:\/\/support.google.com\/chrome\/bin\/answer.py?hl=en&amp;answer=95647&amp;p=cpn_cookies\" target=\"_blank\" rel=\"noopener noreferrer\">https:\/\/support.google.com\/chrome\/bin\/answer.py?hl=en&amp;answer=95647&amp;p=cpn_cookies<\/a><\/p>\n<p><i>Mozilla Firefox<br \/>\n<\/i>W\u00e4hlen Sie aus dem Dropdown-Men\u00fc in der oberen linken Ecke \"Optionen\". W\u00e4hlen Sie im Pop-up-Fenster \"Datenschutz\".<br \/>\nHier k\u00f6nnen Sie Ihre Cookie-Einstellungen anpassen, oder \u00fcber den Link\u00a0<a href=\"https:\/\/support.mozilla.org\/en-US\/kb\/Enabling%20and%20disabling%20cookies\">http:\/\/support.mozilla.org\/en-US\/kb\/Enabling%20and%20disabling%20cookies<\/a><\/p>\n<p><i>Apfel<\/i>\u00a0Safari<br \/>\nW\u00e4hlen Sie aus dem Dropdown-Men\u00fc in der oberen rechten Ecke \"Einstellungen\". W\u00e4hlen Sie \"Sicherheit\".<br \/>\nHier k\u00f6nnen Sie Ihre Cookie-Einstellungen anpassen oder \u00fcber den Link\u00a0<a href=\"https:\/\/docs.info.apple.com\/article.html\/?path=Safari\/5.0\/en\/9277.html\">http:\/\/docs.info.apple.com\/article.html?path=Safari\/5.0\/en\/9277.html<\/a><\/p>\n<p>Wenn Sie keinen der oben aufgef\u00fchrten Browser verwenden, w\u00e4hlen Sie im entsprechenden Abschnitt des Leitfadens \"Cookies\", um herauszufinden, wo sich Ihr Cookie-Ordner befindet.<\/p>\n<p><b>Deaktivieren von Flash-Cookies<\/b><\/p>\n<p>Klicken Sie auf den unten stehenden Link, um Ihre Flash-Cookie-Einstellungen zu \u00e4ndern.<br \/>\n<a href=\"https:\/\/www.macromedia.com\/support\/documentation\/en\/flashplayer\/help\/settings_manager02.html#118539\" target=\"_blank\" rel=\"noopener noreferrer\">http:\/\/www.macromedia.com\/support\/documentation\/en\/flashplayer\/help\/settings_manager02.html#118539<\/a><\/p>\n<p><b>Google Analytics-Cookies<\/b><\/p>\n<p>Um analytische Cookies zu deaktivieren und zu verhindern, dass Google Analytics Navigationsdaten erfasst, laden Sie das Google Analytics Opt-Out Browser Add-on herunter:\u00a0<a href=\"https:\/\/tools.google.com\/dlpage\/gaoptout\">https:\/\/tools.google.com\/dlpage\/gaoptout<\/a><\/p>\n\n\t\t<\/div>\n\t<\/div><\/div><\/div><\/div><\/div><\/div>\n<\/div>","protected":false},"excerpt":{"rendered":"COOKIES POLICY Die verwendeten Software-Anwendungen k\u00f6nnen \"Cookie\"-Technologie enthalten. Die Hauptfunktion von Cookies ist die Erleichterung der Navigation f\u00fcr den Benutzer. Cookies k\u00f6nnen Informationen \u00fcber die Navigation auf der Website liefern und den Betrieb bestimmter Dienste erm\u00f6glichen, die eine Identifizierung des Nutzers erfordern.","protected":false},"author":1,"featured_media":0,"parent":0,"menu_order":0,"comment_status":"closed","ping_status":"closed","template":"","meta":{"_acf_changed":false,"content-type":"","inline_featured_image":false,"wpupg_custom_link":[],"wpupg_custom_link_behaviour":[],"wpupg_custom_link_nofollow":[],"wpupg_custom_image":[],"wpupg_custom_image_id":[],"footnotes":""},"class_list":["post-1671","page","type-page","status-publish","hentry"],"acf":[],"yoast_head":"<!-- This site is optimized with the Yoast SEO Premium plugin v26.1 (Yoast SEO v27.1.1) - https:\/\/yoast.com\/product\/yoast-seo-premium-wordpress\/ -->\n<title>Cookies Policy - I love Pok\u00e9<\/title>\n<meta name=\"robots\" content=\"index, follow, max-snippet:-1, max-image-preview:large, max-video-preview:-1\" \/>\n<link rel=\"canonical\" href=\"https:\/\/ilovepoke.it\/de\/cookie-richtlinie\/\" \/>\n<meta property=\"og:locale\" content=\"de_DE\" \/>\n<meta property=\"og:type\" content=\"article\" \/>\n<meta property=\"og:title\" content=\"Cookies Policy\" \/>\n<meta property=\"og:url\" content=\"https:\/\/ilovepoke.it\/de\/cookie-richtlinie\/\" \/>\n<meta property=\"og:site_name\" content=\"I love Pok\u00e9\" \/>\n<meta property=\"article:publisher\" content=\"https:\/\/www.facebook.com\/ilovepoke.official\/\" \/>\n<meta property=\"article:modified_time\" content=\"2026-02-28T08:12:11+00:00\" \/>\n<meta property=\"og:image\" content=\"https:\/\/ilovepoke.it\/wp-content\/uploads\/2022\/11\/image-2.jpg\" \/>\n\t<meta property=\"og:image:width\" content=\"626\" \/>\n\t<meta property=\"og:image:height\" content=\"604\" \/>\n\t<meta property=\"og:image:type\" content=\"image\/jpeg\" \/>\n<meta name=\"twitter:card\" content=\"summary_large_image\" \/>\n<meta name=\"twitter:site\" content=\"@ilovepoke_\" \/>\n<meta name=\"twitter:label1\" content=\"Gesch\u00e4tzte Lesezeit\" \/>\n\t<meta name=\"twitter:data1\" content=\"5\u00a0Minuten\" \/>\n<script type=\"application\/ld+json\" class=\"yoast-schema-graph\">{\"@context\":\"https:\/\/schema.org\",\"@graph\":[{\"@type\":[\"Article\",\"BlogPosting\"],\"@id\":\"https:\/\/ilovepoke.it\/cookies-policy\/#article\",\"isPartOf\":{\"@id\":\"https:\/\/ilovepoke.it\/cookies-policy\/\"},\"author\":{\"name\":\"admin\",\"@id\":\"https:\/\/ilovepoke.it\/en\/#\/schema\/person\/4531dd6db37dd7beb4316882c8cec41d\"},\"headline\":\"Cookies Policy\",\"datePublished\":\"2020-09-14T06:50:16+00:00\",\"dateModified\":\"2026-02-28T08:12:11+00:00\",\"mainEntityOfPage\":{\"@id\":\"https:\/\/ilovepoke.it\/cookies-policy\/\"},\"wordCount\":1068,\"publisher\":{\"@id\":\"https:\/\/ilovepoke.it\/en\/#organization\"},\"inLanguage\":\"de\"},{\"@type\":\"WebPage\",\"@id\":\"https:\/\/ilovepoke.it\/cookies-policy\/\",\"url\":\"https:\/\/ilovepoke.it\/cookies-policy\/\",\"name\":\"Cookies Policy - I love Pok\u00e9\",\"isPartOf\":{\"@id\":\"https:\/\/ilovepoke.it\/en\/#website\"},\"datePublished\":\"2020-09-14T06:50:16+00:00\",\"dateModified\":\"2026-02-28T08:12:11+00:00\",\"breadcrumb\":{\"@id\":\"https:\/\/ilovepoke.it\/cookies-policy\/#breadcrumb\"},\"inLanguage\":\"de\",\"potentialAction\":[{\"@type\":\"ReadAction\",\"target\":[\"https:\/\/ilovepoke.it\/cookies-policy\/\"]}]},{\"@type\":\"BreadcrumbList\",\"@id\":\"https:\/\/ilovepoke.it\/cookies-policy\/#breadcrumb\",\"itemListElement\":[{\"@type\":\"ListItem\",\"position\":1,\"name\":\"Home\",\"item\":\"https:\/\/ilovepoke.it\/\"},{\"@type\":\"ListItem\",\"position\":2,\"name\":\"Cookies Policy\"}]},{\"@type\":\"WebSite\",\"@id\":\"https:\/\/ilovepoke.it\/en\/#website\",\"url\":\"https:\/\/ilovepoke.it\/en\/\",\"name\":\"I love Poke\",\"description\":\"Poke love. Riso nero, salmone, tonno, arancia e finocchio, alghe wakame, edamame, cavolo rosso, carote, melagrana, sesamo, salsa guacamole e soya.\",\"publisher\":{\"@id\":\"https:\/\/ilovepoke.it\/en\/#organization\"},\"potentialAction\":[{\"@type\":\"SearchAction\",\"target\":{\"@type\":\"EntryPoint\",\"urlTemplate\":\"https:\/\/ilovepoke.it\/en\/?s={search_term_string}\"},\"query-input\":{\"@type\":\"PropertyValueSpecification\",\"valueRequired\":true,\"valueName\":\"search_term_string\"}}],\"inLanguage\":\"de\"},{\"@type\":\"Organization\",\"@id\":\"https:\/\/ilovepoke.it\/en\/#organization\",\"name\":\"I Love Poke\",\"url\":\"https:\/\/ilovepoke.it\/en\/\",\"logo\":{\"@type\":\"ImageObject\",\"inLanguage\":\"de\",\"@id\":\"https:\/\/ilovepoke.it\/en\/#\/schema\/logo\/image\/\",\"url\":\"https:\/\/ilovepoke.it\/wp-content\/uploads\/2021\/02\/ilovepoke_logo_verde-rosa-bianco-2.png\",\"contentUrl\":\"https:\/\/ilovepoke.it\/wp-content\/uploads\/2021\/02\/ilovepoke_logo_verde-rosa-bianco-2.png\",\"width\":500,\"height\":224,\"caption\":\"I Love Poke\"},\"image\":{\"@id\":\"https:\/\/ilovepoke.it\/en\/#\/schema\/logo\/image\/\"},\"sameAs\":[\"https:\/\/www.facebook.com\/ilovepoke.official\/\",\"https:\/\/x.com\/ilovepoke_\",\"https:\/\/www.instagram.com\/ilovepoke.official\/\"]},{\"@type\":\"Person\",\"@id\":\"https:\/\/ilovepoke.it\/en\/#\/schema\/person\/4531dd6db37dd7beb4316882c8cec41d\",\"name\":\"admin\",\"image\":{\"@type\":\"ImageObject\",\"inLanguage\":\"de\",\"@id\":\"https:\/\/ilovepoke.it\/en\/#\/schema\/person\/image\/\",\"url\":\"https:\/\/secure.gravatar.com\/avatar\/0c2e032b23081d10a7afe506d6ff8c7fcac9dec713eb1b948486fd2d373664c2?s=96&d=mm&r=g\",\"contentUrl\":\"https:\/\/secure.gravatar.com\/avatar\/0c2e032b23081d10a7afe506d6ff8c7fcac9dec713eb1b948486fd2d373664c2?s=96&d=mm&r=g\",\"caption\":\"admin\"},\"sameAs\":[\"https:\/\/ilovepoke.it\"],\"url\":\"https:\/\/ilovepoke.it\/de\/author\/admin\/\"}]}<\/script>\n<!-- \/ Yoast SEO Premium plugin. -->","yoast_head_json":{"title":"Cookies-Richtlinie - Ich liebe Pok\u00e9","robots":{"index":"index","follow":"follow","max-snippet":"max-snippet:-1","max-image-preview":"max-image-preview:large","max-video-preview":"max-video-preview:-1"},"canonical":"https:\/\/ilovepoke.it\/de\/cookie-richtlinie\/","og_locale":"de_DE","og_type":"article","og_title":"Cookies Policy","og_url":"https:\/\/ilovepoke.it\/de\/cookie-richtlinie\/","og_site_name":"I love Pok\u00e9","article_publisher":"https:\/\/www.facebook.com\/ilovepoke.official\/","article_modified_time":"2026-02-28T08:12:11+00:00","og_image":[{"width":626,"height":604,"url":"https:\/\/ilovepoke.it\/wp-content\/uploads\/2022\/11\/image-2.jpg","type":"image\/jpeg"}],"twitter_card":"summary_large_image","twitter_site":"@ilovepoke_","twitter_misc":{"Gesch\u00e4tzte Lesezeit":"5\u00a0Minuten"},"schema":{"@context":"https:\/\/schema.org","@graph":[{"@type":["Article","BlogPosting"],"@id":"https:\/\/ilovepoke.it\/cookies-policy\/#article","isPartOf":{"@id":"https:\/\/ilovepoke.it\/cookies-policy\/"},"author":{"name":"admin","@id":"https:\/\/ilovepoke.it\/en\/#\/schema\/person\/4531dd6db37dd7beb4316882c8cec41d"},"headline":"Cookies Policy","datePublished":"2020-09-14T06:50:16+00:00","dateModified":"2026-02-28T08:12:11+00:00","mainEntityOfPage":{"@id":"https:\/\/ilovepoke.it\/cookies-policy\/"},"wordCount":1068,"publisher":{"@id":"https:\/\/ilovepoke.it\/en\/#organization"},"inLanguage":"de"},{"@type":"WebPage","@id":"https:\/\/ilovepoke.it\/cookies-policy\/","url":"https:\/\/ilovepoke.it\/cookies-policy\/","name":"Cookies-Richtlinie - Ich liebe Pok\u00e9","isPartOf":{"@id":"https:\/\/ilovepoke.it\/en\/#website"},"datePublished":"2020-09-14T06:50:16+00:00","dateModified":"2026-02-28T08:12:11+00:00","breadcrumb":{"@id":"https:\/\/ilovepoke.it\/cookies-policy\/#breadcrumb"},"inLanguage":"de","potentialAction":[{"@type":"ReadAction","target":["https:\/\/ilovepoke.it\/cookies-policy\/"]}]},{"@type":"BreadcrumbList","@id":"https:\/\/ilovepoke.it\/cookies-policy\/#breadcrumb","itemListElement":[{"@type":"ListItem","position":1,"name":"Home","item":"https:\/\/ilovepoke.it\/"},{"@type":"ListItem","position":2,"name":"Cookies Policy"}]},{"@type":"WebSite","@id":"https:\/\/ilovepoke.it\/en\/#website","url":"https:\/\/ilovepoke.it\/en\/","name":"Ich liebe Poke","description":"Poke Liebe. Schwarzer Reis, Lachs, Thunfisch, Orange und Fenchel, Wakame-Algen, Edamame, Rotkohl, Karotten, Granatapfel, Sesam, Guacamole-Sauce und Soja.","publisher":{"@id":"https:\/\/ilovepoke.it\/en\/#organization"},"potentialAction":[{"@type":"SearchAction","target":{"@type":"EntryPoint","urlTemplate":"https:\/\/ilovepoke.it\/en\/?s={search_term_string}"},"query-input":{"@type":"PropertyValueSpecification","valueRequired":true,"valueName":"search_term_string"}}],"inLanguage":"de"},{"@type":"Organization","@id":"https:\/\/ilovepoke.it\/en\/#organization","name":"Ich liebe Koks","url":"https:\/\/ilovepoke.it\/en\/","logo":{"@type":"ImageObject","inLanguage":"de","@id":"https:\/\/ilovepoke.it\/en\/#\/schema\/logo\/image\/","url":"https:\/\/ilovepoke.it\/wp-content\/uploads\/2021\/02\/ilovepoke_logo_verde-rosa-bianco-2.png","contentUrl":"https:\/\/ilovepoke.it\/wp-content\/uploads\/2021\/02\/ilovepoke_logo_verde-rosa-bianco-2.png","width":500,"height":224,"caption":"I Love Poke"},"image":{"@id":"https:\/\/ilovepoke.it\/en\/#\/schema\/logo\/image\/"},"sameAs":["https:\/\/www.facebook.com\/ilovepoke.official\/","https:\/\/x.com\/ilovepoke_","https:\/\/www.instagram.com\/ilovepoke.official\/"]},{"@type":"Person","@id":"https:\/\/ilovepoke.it\/en\/#\/schema\/person\/4531dd6db37dd7beb4316882c8cec41d","name":"admin","image":{"@type":"ImageObject","inLanguage":"de","@id":"https:\/\/ilovepoke.it\/en\/#\/schema\/person\/image\/","url":"https:\/\/secure.gravatar.com\/avatar\/0c2e032b23081d10a7afe506d6ff8c7fcac9dec713eb1b948486fd2d373664c2?s=96&d=mm&r=g","contentUrl":"https:\/\/secure.gravatar.com\/avatar\/0c2e032b23081d10a7afe506d6ff8c7fcac9dec713eb1b948486fd2d373664c2?s=96&d=mm&r=g","caption":"admin"},"sameAs":["https:\/\/ilovepoke.it"],"url":"https:\/\/ilovepoke.it\/de\/author\/admin\/"}]}},"_links":{"self":[{"href":"https:\/\/ilovepoke.it\/de\/wp-json\/wp\/v2\/pages\/1671","targetHints":{"allow":["GET"]}}],"collection":[{"href":"https:\/\/ilovepoke.it\/de\/wp-json\/wp\/v2\/pages"}],"about":[{"href":"https:\/\/ilovepoke.it\/de\/wp-json\/wp\/v2\/types\/page"}],"author":[{"embeddable":true,"href":"https:\/\/ilovepoke.it\/de\/wp-json\/wp\/v2\/users\/1"}],"replies":[{"embeddable":true,"href":"https:\/\/ilovepoke.it\/de\/wp-json\/wp\/v2\/comments?post=1671"}],"version-history":[{"count":0,"href":"https:\/\/ilovepoke.it\/de\/wp-json\/wp\/v2\/pages\/1671\/revisions"}],"wp:attachment":[{"href":"https:\/\/ilovepoke.it\/de\/wp-json\/wp\/v2\/media?parent=1671"}],"curies":[{"name":"wp","href":"https:\/\/api.w.org\/{rel}","templated":true}]}}