{"id":17910,"date":"2024-05-20T16:10:53","date_gmt":"2024-05-20T14:10:53","guid":{"rendered":"https:\/\/ilovepoke.it\/?page_id=17910"},"modified":"2026-03-23T11:30:14","modified_gmt":"2026-03-23T09:30:14","slug":"menu","status":"publish","type":"page","link":"https:\/\/ilovepoke.it\/de\/menu\/","title":{"rendered":"Men\u00fc"},"content":{"rendered":"<div data-elementor-type=\"wp-page\" data-elementor-id=\"17910\" class=\"elementor elementor-17910\" data-elementor-post-type=\"page\">\n\t\t\t\t<div class=\"elementor-element elementor-element-0ccd282 e-flex e-con-boxed parallax_section_no qode_elementor_container_no e-con e-parent\" data-id=\"0ccd282\" data-element_type=\"container\" data-e-type=\"container\" data-settings=\"{&quot;background_background&quot;:&quot;classic&quot;}\">\n\t\t\t\t\t<div class=\"e-con-inner\">\n\t\t\t\t<div class=\"elementor-element elementor-element-7ddce7f elementor-widget elementor-widget-shortcode\" data-id=\"7ddce7f\" data-element_type=\"widget\" data-e-type=\"widget\" data-widget_type=\"shortcode.default\">\n\t\t\t\t<div class=\"elementor-widget-container\">\n\t\t\t\t\t\t\t<div class=\"elementor-shortcode\">    <style>\n    .marquee-text {\n      width: 100%;\n      overflow: hidden;\n      white-space: nowrap;\n      box-sizing: border-box;\n\t\t    padding: 10px 0px;\n\t\tmax-width: 1350px;\n    margin: 0 auto;\n    }\n\n    .marquee-text span {\n      display: inline-block;\n      padding-left: 100%;\n      animation: scroll-left 40s linear infinite;\n      font-size: 30px;\n      font-weight: 500;\n      color: #fff;\n      text-transform: uppercase !important;\n    }\n\n    @keyframes scroll-left {\n      0% {\n        transform: translateX(0%);\n      }\n      100% {\n        transform: translateX(-100%);\n      }\n    }\n\n   .marque-bakery.sticky-marquee {\n  position: fixed;\n  left: 0;\n  right: 0;\n  z-index: 9999;\n  background-color: #e1657f;\n  width: 100%;\n  top: 60px;\n}\n\n    .marque-bakery {\n      transition: all 0.3s ease;\n\t\tbackground: #E1657F;\n    }\n\t     @media (max-width: 768px) {\t.marque-bakery.sticky-marquee{\n\t\t\ttop:0;\n\t\t}\n\t\t}\n    <\/style>\n\n    <div class=\"marque-bakery\">\n      <div class=\"marquee-text\">\n        <a href=\"https:\/\/ilovepoke.it\/de\/registrieren\/\">\n          <span>Werden Sie Pokeliebhaber und entdecken Sie Rabatte, Vorteile und exklusive Preise!               Werden Sie Pokeliebhaber! Entdecken Sie Rabatte, Vorteile und Preise!         \n      werden sie poke-liebhaber! entdecken sie exklusive rabatte, vorteile und pr\u00e4mien!<\/span>\n        <\/a>\n      <\/div>\n    <\/div>\n\n    <script>\n    jQuery(document).ready(function(jQuery) {\n      var marquee = jQuery('.marque-bakery');\n      var offset = 60;\n      var stickyPoint = marquee.offset().top - offset;\n\n      jQuery(window).on('scroll', function() {\n        if (jQuery(window).scrollTop() >= stickyPoint) {\n          marquee.addClass('sticky-marquee');\n        } else {\n          marquee.removeClass('sticky-marquee');\n        }\n      });\n    });\n    <\/script>\n    <\/div>\n\t\t\t\t\t\t<\/div>\n\t\t\t\t<\/div>\n\t\t\t\t\t<\/div>\n\t\t\t\t<\/div>\n\t\t<div class=\"elementor-element elementor-element-d1fda10 e-flex e-con-boxed parallax_section_no qode_elementor_container_no e-con e-parent\" data-id=\"d1fda10\" data-element_type=\"container\" data-e-type=\"container\" data-settings=\"{&quot;background_background&quot;:&quot;classic&quot;}\">\n\t\t\t\t\t<div class=\"e-con-inner\">\n\t\t<div class=\"elementor-element elementor-element-af8d85a e-con-full e-flex parallax_section_no qode_elementor_container_no e-con e-child\" data-id=\"af8d85a\" data-element_type=\"container\" data-e-type=\"container\" data-settings=\"{&quot;background_background&quot;:&quot;classic&quot;}\">\n\t\t\t\t<div class=\"elementor-element elementor-element-d25f80e elementor-widget elementor-widget-heading\" data-id=\"d25f80e\" data-element_type=\"widget\" data-e-type=\"widget\" data-widget_type=\"heading.default\">\n\t\t\t\t<div class=\"elementor-widget-container\">\n\t\t\t\t\t<h1 class=\"elementor-heading-title elementor-size-default\">Entdecken Sie unser Men\u00fc und kreieren Sie Ihren perfekten Poke<\/h1>\t\t\t\t<\/div>\n\t\t\t\t<\/div>\n\t\t\t\t<div class=\"elementor-element elementor-element-6d94d43 elementor-hidden-desktop elementor-hidden-tablet elementor-hidden-mobile elementor-widget elementor-widget-heading\" data-id=\"6d94d43\" data-element_type=\"widget\" data-e-type=\"widget\" data-widget_type=\"heading.default\">\n\t\t\t\t<div class=\"elementor-widget-container\">\n\t\t\t\t\t<h2 class=\"elementor-heading-title elementor-size-default\">Entdecken Sie <\/h2>\t\t\t\t<\/div>\n\t\t\t\t<\/div>\n\t\t<div class=\"elementor-element elementor-element-0857331 e-con-full e-flex parallax_section_no qode_elementor_container_no e-con e-child\" data-id=\"0857331\" data-element_type=\"container\" data-e-type=\"container\">\n\t\t\t\t<div class=\"elementor-element elementor-element-97dee23 elementor-widget elementor-widget-html\" data-id=\"97dee23\" data-element_type=\"widget\" data-e-type=\"widget\" data-widget_type=\"html.default\">\n\t\t\t\t<div class=\"elementor-widget-container\">\n\t\t\t\t\t\r\n  <style>\r\n    .menu-buttons {\r\n      display: flex;\r\n      gap: 20px;\r\n      \r\n    }\r\n\r\n    .menu-button {\r\n      padding: 15px 30px;\r\n      border-radius:50px !important;\r\n      font-size: 16px;\r\n      cursor: pointer;\r\n      border: none;\r\n      background-color: #E1657D;\r\n      color: white;\r\n      border-radius: 5px;\r\n      transition: background-color 0.3s ease;\r\n          font-weight: 600;\r\n    font-family: 'Work Sans', sans-serif;\r\n    }\r\n\r\n@media(max-width:992px){\r\n.menu-button {\r\n    padding: 15px 20px;    \r\n}\r\n}\r\n  <\/style>\r\n\r\n<div class=\"menu-buttons\">\r\n  <button class=\"menu-button\" onclick=\"redirectToMenu('ita')\">MEN\u00dc ITA<\/button>\r\n  <button class=\"menu-button\" onclick=\"redirectToMenu('eng')\">MEN\u00dc ENG<\/button>\r\n  <button class=\"menu-button\" onclick=\"redirectToMenu('aeroporto')\">MEN\u00dc FLUGHAFEN<\/button>\r\n  <button class=\"menu-button\" onclick=\"redirectToMenu('tab')\">ALLERGENTABELLE<\/button>\r\n  <button class=\"menu-button\" onclick=\"redirectToMenu('libro')\">ZUTATENVERZEICHNIS<\/button>\r\n  <\/div>\r\n\r\n<script>\r\n  const menuLinks = {\r\n    ita: 'https:\/\/ilovepoke.it\/wp-content\/uploads\/2025\/10\/ILOVEPOKE_MENU-DIGITAL_NORD_Autunno_2025.pdf',\r\n    eng: 'https:\/\/ilovepoke.it\/wp-content\/uploads\/2025\/10\/ILOVEPOKE_MENU-DIGITAL_NORD_Autunno_2025_ENG.pdf',\r\n    aeroporto: 'https:\/\/ilovepoke.it\/wp-content\/uploads\/2025\/11\/MENU-DIGITAL_AEROPORTO_2025.pdf',\r\n    tab: 'https:\/\/ilovepoke.it\/wp-content\/uploads\/2026\/03\/ILP-Tabella-allergeni-2026.03.05.pdf',\r\n    libro: 'https:\/\/ilovepoke.it\/wp-content\/uploads\/2025\/11\/ILP-Generico-Libro-ingredienti-2025.11.11.pdf'\r\n    \r\n  };\r\n\r\n  function redirectToMenu(type) {\r\n    const link = menuLinks[type];\r\n    if (link) {\r\n      window.location.href = link;\r\n    } else {\r\n      console.error(\"Invalid menu type:\", type);\r\n    }\r\n  }\r\n<\/script>\r\n\r\n\r\n\t\t\t\t<\/div>\n\t\t\t\t<\/div>\n\t\t\t\t<\/div>\n\t\t\t\t<\/div>\n\t\t\t\t\t<\/div>\n\t\t\t\t<\/div>\n\t\t<div class=\"elementor-element elementor-element-60f27bb e-flex e-con-boxed parallax_section_no qode_elementor_container_no e-con e-parent\" data-id=\"60f27bb\" data-element_type=\"container\" data-e-type=\"container\">\n\t\t\t\t\t<div class=\"e-con-inner\">\n\t\t\t\t<div class=\"elementor-element elementor-element-c5b5411 elementor-hidden-desktop elementor-hidden-tablet elementor-hidden-mobile elementor-widget elementor-widget-heading\" data-id=\"c5b5411\" data-element_type=\"widget\" data-e-type=\"widget\" data-widget_type=\"heading.default\">\n\t\t\t\t<div class=\"elementor-widget-container\">\n\t\t\t\t\t<h3 class=\"elementor-heading-title elementor-size-default\">Entdecken Sie <\/h3>\t\t\t\t<\/div>\n\t\t\t\t<\/div>\n\t\t\t\t<div class=\"elementor-element elementor-element-282e6e8 elementor-hidden-desktop elementor-hidden-tablet elementor-hidden-mobile elementor-widget elementor-widget-heading\" data-id=\"282e6e8\" data-element_type=\"widget\" data-e-type=\"widget\" data-widget_type=\"heading.default\">\n\t\t\t\t<div class=\"elementor-widget-container\">\n\t\t\t\t\t<h4 class=\"elementor-heading-title elementor-size-default\">Entdecken Sie <\/h4>\t\t\t\t<\/div>\n\t\t\t\t<\/div>\n\t\t\t\t\t<\/div>\n\t\t\t\t<\/div>\n\t\t\t\t<\/div>","protected":false},"excerpt":{"rendered":"<p>Scopri il nostro menu e crea il tuo poke perfetto Scopri MENU ITA MENU ENG MENU AEROPORTO TABELLA ALLERGENI LIBRO INGREDIENTI Scopri Scopri<\/p>","protected":false},"author":1,"featured_media":12477,"parent":0,"menu_order":0,"comment_status":"closed","ping_status":"closed","template":"","meta":{"_acf_changed":false,"content-type":"","inline_featured_image":false,"wpupg_custom_link":[],"wpupg_custom_link_behaviour":["default"],"wpupg_custom_link_nofollow":["default"],"wpupg_custom_image":[],"wpupg_custom_image_id":[],"footnotes":""},"class_list":["post-17910","page","type-page","status-publish","has-post-thumbnail","hentry"],"acf":[],"yoast_head":"<!-- This site is optimized with the Yoast SEO Premium plugin v26.1 (Yoast SEO v27.1.1) - https:\/\/yoast.com\/product\/yoast-seo-premium-wordpress\/ -->\n<title>Menu Qr Code - I love Pok\u00e9<\/title>\n<meta name=\"description\" content=\"Menu poke bowl, tacos, beverages, kids, sides\" \/>\n<meta name=\"robots\" content=\"index, follow, max-snippet:-1, max-image-preview:large, max-video-preview:-1\" \/>\n<link rel=\"canonical\" href=\"https:\/\/ilovepoke.it\/de\/menu\/\" \/>\n<meta property=\"og:locale\" content=\"de_DE\" \/>\n<meta property=\"og:type\" content=\"article\" \/>\n<meta property=\"og:title\" content=\"Menu\" \/>\n<meta property=\"og:description\" content=\"Scopri il nostro menu e crea il tuo poke perfetto Scopri MENU ITA MENU ENG MENU AEROPORTO TABELLA ALLERGENI LIBRO INGREDIENTI Scopri\" \/>\n<meta property=\"og:url\" content=\"https:\/\/ilovepoke.it\/de\/menu\/\" \/>\n<meta property=\"og:site_name\" content=\"I love Pok\u00e9\" \/>\n<meta property=\"article:publisher\" content=\"https:\/\/www.facebook.com\/ilovepoke.official\/\" \/>\n<meta property=\"article:modified_time\" content=\"2026-03-23T09:30:14+00:00\" \/>\n<meta property=\"og:image\" content=\"https:\/\/ilovepoke.it\/wp-content\/uploads\/2022\/11\/image-1.jpg\" \/>\n\t<meta property=\"og:image:width\" content=\"626\" \/>\n\t<meta property=\"og:image:height\" content=\"616\" \/>\n\t<meta property=\"og:image:type\" content=\"image\/jpeg\" \/>\n<meta name=\"twitter:card\" content=\"summary_large_image\" \/>\n<meta name=\"twitter:site\" content=\"@ilovepoke_\" \/>\n<meta name=\"twitter:label1\" content=\"Gesch\u00e4tzte Lesezeit\" \/>\n\t<meta name=\"twitter:data1\" content=\"1\u00a0Minute\" \/>\n<script type=\"application\/ld+json\" class=\"yoast-schema-graph\">{\"@context\":\"https:\/\/schema.org\",\"@graph\":[{\"@type\":[\"Article\",\"BlogPosting\"],\"@id\":\"https:\/\/ilovepoke.it\/menu\/#article\",\"isPartOf\":{\"@id\":\"https:\/\/ilovepoke.it\/menu\/\"},\"author\":{\"name\":\"admin\",\"@id\":\"https:\/\/ilovepoke.it\/en\/#\/schema\/person\/4531dd6db37dd7beb4316882c8cec41d\"},\"headline\":\"Menu\",\"datePublished\":\"2024-05-20T14:10:53+00:00\",\"dateModified\":\"2026-03-23T09:30:14+00:00\",\"mainEntityOfPage\":{\"@id\":\"https:\/\/ilovepoke.it\/menu\/\"},\"wordCount\":26,\"publisher\":{\"@id\":\"https:\/\/ilovepoke.it\/en\/#organization\"},\"image\":{\"@id\":\"https:\/\/ilovepoke.it\/menu\/#primaryimage\"},\"thumbnailUrl\":\"https:\/\/ilovepoke.it\/wp-content\/uploads\/2022\/11\/image-1.jpg\",\"inLanguage\":\"de\"},{\"@type\":\"WebPage\",\"@id\":\"https:\/\/ilovepoke.it\/menu\/\",\"url\":\"https:\/\/ilovepoke.it\/menu\/\",\"name\":\"Menu Qr Code - I love Pok\u00e9\",\"isPartOf\":{\"@id\":\"https:\/\/ilovepoke.it\/en\/#website\"},\"primaryImageOfPage\":{\"@id\":\"https:\/\/ilovepoke.it\/menu\/#primaryimage\"},\"image\":{\"@id\":\"https:\/\/ilovepoke.it\/menu\/#primaryimage\"},\"thumbnailUrl\":\"https:\/\/ilovepoke.it\/wp-content\/uploads\/2022\/11\/image-1.jpg\",\"datePublished\":\"2024-05-20T14:10:53+00:00\",\"dateModified\":\"2026-03-23T09:30:14+00:00\",\"description\":\"Menu poke bowl, tacos, beverages, kids, sides\",\"breadcrumb\":{\"@id\":\"https:\/\/ilovepoke.it\/menu\/#breadcrumb\"},\"inLanguage\":\"de\",\"potentialAction\":[{\"@type\":\"ReadAction\",\"target\":[\"https:\/\/ilovepoke.it\/menu\/\"]}]},{\"@type\":\"ImageObject\",\"inLanguage\":\"de\",\"@id\":\"https:\/\/ilovepoke.it\/menu\/#primaryimage\",\"url\":\"https:\/\/ilovepoke.it\/wp-content\/uploads\/2022\/11\/image-1.jpg\",\"contentUrl\":\"https:\/\/ilovepoke.it\/wp-content\/uploads\/2022\/11\/image-1.jpg\",\"width\":626,\"height\":616},{\"@type\":\"BreadcrumbList\",\"@id\":\"https:\/\/ilovepoke.it\/menu\/#breadcrumb\",\"itemListElement\":[{\"@type\":\"ListItem\",\"position\":1,\"name\":\"Home\",\"item\":\"https:\/\/ilovepoke.it\/\"},{\"@type\":\"ListItem\",\"position\":2,\"name\":\"Menu\"}]},{\"@type\":\"WebSite\",\"@id\":\"https:\/\/ilovepoke.it\/en\/#website\",\"url\":\"https:\/\/ilovepoke.it\/en\/\",\"name\":\"I love Poke\",\"description\":\"Poke love. Riso nero, salmone, tonno, arancia e finocchio, alghe wakame, edamame, cavolo rosso, carote, melagrana, sesamo, salsa guacamole e soya.\",\"publisher\":{\"@id\":\"https:\/\/ilovepoke.it\/en\/#organization\"},\"potentialAction\":[{\"@type\":\"SearchAction\",\"target\":{\"@type\":\"EntryPoint\",\"urlTemplate\":\"https:\/\/ilovepoke.it\/en\/?s={search_term_string}\"},\"query-input\":{\"@type\":\"PropertyValueSpecification\",\"valueRequired\":true,\"valueName\":\"search_term_string\"}}],\"inLanguage\":\"de\"},{\"@type\":\"Organization\",\"@id\":\"https:\/\/ilovepoke.it\/en\/#organization\",\"name\":\"I Love Poke\",\"url\":\"https:\/\/ilovepoke.it\/en\/\",\"logo\":{\"@type\":\"ImageObject\",\"inLanguage\":\"de\",\"@id\":\"https:\/\/ilovepoke.it\/en\/#\/schema\/logo\/image\/\",\"url\":\"https:\/\/ilovepoke.it\/wp-content\/uploads\/2021\/02\/ilovepoke_logo_verde-rosa-bianco-2.png\",\"contentUrl\":\"https:\/\/ilovepoke.it\/wp-content\/uploads\/2021\/02\/ilovepoke_logo_verde-rosa-bianco-2.png\",\"width\":500,\"height\":224,\"caption\":\"I Love Poke\"},\"image\":{\"@id\":\"https:\/\/ilovepoke.it\/en\/#\/schema\/logo\/image\/\"},\"sameAs\":[\"https:\/\/www.facebook.com\/ilovepoke.official\/\",\"https:\/\/x.com\/ilovepoke_\",\"https:\/\/www.instagram.com\/ilovepoke.official\/\"]},{\"@type\":\"Person\",\"@id\":\"https:\/\/ilovepoke.it\/en\/#\/schema\/person\/4531dd6db37dd7beb4316882c8cec41d\",\"name\":\"admin\",\"image\":{\"@type\":\"ImageObject\",\"inLanguage\":\"de\",\"@id\":\"https:\/\/ilovepoke.it\/en\/#\/schema\/person\/image\/\",\"url\":\"https:\/\/secure.gravatar.com\/avatar\/0c2e032b23081d10a7afe506d6ff8c7fcac9dec713eb1b948486fd2d373664c2?s=96&d=mm&r=g\",\"contentUrl\":\"https:\/\/secure.gravatar.com\/avatar\/0c2e032b23081d10a7afe506d6ff8c7fcac9dec713eb1b948486fd2d373664c2?s=96&d=mm&r=g\",\"caption\":\"admin\"},\"sameAs\":[\"https:\/\/ilovepoke.it\"],\"url\":\"https:\/\/ilovepoke.it\/de\/author\/admin\/\"}]}<\/script>\n<!-- \/ Yoast SEO Premium plugin. -->","yoast_head_json":{"title":"Men\u00fc Qr Code - Ich liebe Pok\u00e9","description":"Men\u00fc Poke Bowl, Tacos, Getr\u00e4nke, Kinder, Beilagen","robots":{"index":"index","follow":"follow","max-snippet":"max-snippet:-1","max-image-preview":"max-image-preview:large","max-video-preview":"max-video-preview:-1"},"canonical":"https:\/\/ilovepoke.it\/de\/menu\/","og_locale":"de_DE","og_type":"article","og_title":"Menu","og_description":"Scopri il nostro menu e crea il tuo poke perfetto Scopri MENU ITA MENU ENG MENU AEROPORTO TABELLA ALLERGENI LIBRO INGREDIENTI Scopri","og_url":"https:\/\/ilovepoke.it\/de\/menu\/","og_site_name":"I love Pok\u00e9","article_publisher":"https:\/\/www.facebook.com\/ilovepoke.official\/","article_modified_time":"2026-03-23T09:30:14+00:00","og_image":[{"width":626,"height":616,"url":"https:\/\/ilovepoke.it\/wp-content\/uploads\/2022\/11\/image-1.jpg","type":"image\/jpeg"}],"twitter_card":"summary_large_image","twitter_site":"@ilovepoke_","twitter_misc":{"Gesch\u00e4tzte Lesezeit":"1\u00a0Minute"},"schema":{"@context":"https:\/\/schema.org","@graph":[{"@type":["Article","BlogPosting"],"@id":"https:\/\/ilovepoke.it\/menu\/#article","isPartOf":{"@id":"https:\/\/ilovepoke.it\/menu\/"},"author":{"name":"admin","@id":"https:\/\/ilovepoke.it\/en\/#\/schema\/person\/4531dd6db37dd7beb4316882c8cec41d"},"headline":"Menu","datePublished":"2024-05-20T14:10:53+00:00","dateModified":"2026-03-23T09:30:14+00:00","mainEntityOfPage":{"@id":"https:\/\/ilovepoke.it\/menu\/"},"wordCount":26,"publisher":{"@id":"https:\/\/ilovepoke.it\/en\/#organization"},"image":{"@id":"https:\/\/ilovepoke.it\/menu\/#primaryimage"},"thumbnailUrl":"https:\/\/ilovepoke.it\/wp-content\/uploads\/2022\/11\/image-1.jpg","inLanguage":"de"},{"@type":"WebPage","@id":"https:\/\/ilovepoke.it\/menu\/","url":"https:\/\/ilovepoke.it\/menu\/","name":"Men\u00fc Qr Code - Ich liebe Pok\u00e9","isPartOf":{"@id":"https:\/\/ilovepoke.it\/en\/#website"},"primaryImageOfPage":{"@id":"https:\/\/ilovepoke.it\/menu\/#primaryimage"},"image":{"@id":"https:\/\/ilovepoke.it\/menu\/#primaryimage"},"thumbnailUrl":"https:\/\/ilovepoke.it\/wp-content\/uploads\/2022\/11\/image-1.jpg","datePublished":"2024-05-20T14:10:53+00:00","dateModified":"2026-03-23T09:30:14+00:00","description":"Men\u00fc Poke Bowl, Tacos, Getr\u00e4nke, Kinder, Beilagen","breadcrumb":{"@id":"https:\/\/ilovepoke.it\/menu\/#breadcrumb"},"inLanguage":"de","potentialAction":[{"@type":"ReadAction","target":["https:\/\/ilovepoke.it\/menu\/"]}]},{"@type":"ImageObject","inLanguage":"de","@id":"https:\/\/ilovepoke.it\/menu\/#primaryimage","url":"https:\/\/ilovepoke.it\/wp-content\/uploads\/2022\/11\/image-1.jpg","contentUrl":"https:\/\/ilovepoke.it\/wp-content\/uploads\/2022\/11\/image-1.jpg","width":626,"height":616},{"@type":"BreadcrumbList","@id":"https:\/\/ilovepoke.it\/menu\/#breadcrumb","itemListElement":[{"@type":"ListItem","position":1,"name":"Home","item":"https:\/\/ilovepoke.it\/"},{"@type":"ListItem","position":2,"name":"Menu"}]},{"@type":"WebSite","@id":"https:\/\/ilovepoke.it\/en\/#website","url":"https:\/\/ilovepoke.it\/en\/","name":"Ich liebe Poke","description":"Poke Liebe. Schwarzer Reis, Lachs, Thunfisch, Orange und Fenchel, Wakame-Algen, Edamame, Rotkohl, Karotten, Granatapfel, Sesam, Guacamole-Sauce und Soja.","publisher":{"@id":"https:\/\/ilovepoke.it\/en\/#organization"},"potentialAction":[{"@type":"SearchAction","target":{"@type":"EntryPoint","urlTemplate":"https:\/\/ilovepoke.it\/en\/?s={search_term_string}"},"query-input":{"@type":"PropertyValueSpecification","valueRequired":true,"valueName":"search_term_string"}}],"inLanguage":"de"},{"@type":"Organization","@id":"https:\/\/ilovepoke.it\/en\/#organization","name":"Ich liebe Koks","url":"https:\/\/ilovepoke.it\/en\/","logo":{"@type":"ImageObject","inLanguage":"de","@id":"https:\/\/ilovepoke.it\/en\/#\/schema\/logo\/image\/","url":"https:\/\/ilovepoke.it\/wp-content\/uploads\/2021\/02\/ilovepoke_logo_verde-rosa-bianco-2.png","contentUrl":"https:\/\/ilovepoke.it\/wp-content\/uploads\/2021\/02\/ilovepoke_logo_verde-rosa-bianco-2.png","width":500,"height":224,"caption":"I Love Poke"},"image":{"@id":"https:\/\/ilovepoke.it\/en\/#\/schema\/logo\/image\/"},"sameAs":["https:\/\/www.facebook.com\/ilovepoke.official\/","https:\/\/x.com\/ilovepoke_","https:\/\/www.instagram.com\/ilovepoke.official\/"]},{"@type":"Person","@id":"https:\/\/ilovepoke.it\/en\/#\/schema\/person\/4531dd6db37dd7beb4316882c8cec41d","name":"admin","image":{"@type":"ImageObject","inLanguage":"de","@id":"https:\/\/ilovepoke.it\/en\/#\/schema\/person\/image\/","url":"https:\/\/secure.gravatar.com\/avatar\/0c2e032b23081d10a7afe506d6ff8c7fcac9dec713eb1b948486fd2d373664c2?s=96&d=mm&r=g","contentUrl":"https:\/\/secure.gravatar.com\/avatar\/0c2e032b23081d10a7afe506d6ff8c7fcac9dec713eb1b948486fd2d373664c2?s=96&d=mm&r=g","caption":"admin"},"sameAs":["https:\/\/ilovepoke.it"],"url":"https:\/\/ilovepoke.it\/de\/author\/admin\/"}]}},"_links":{"self":[{"href":"https:\/\/ilovepoke.it\/de\/wp-json\/wp\/v2\/pages\/17910","targetHints":{"allow":["GET"]}}],"collection":[{"href":"https:\/\/ilovepoke.it\/de\/wp-json\/wp\/v2\/pages"}],"about":[{"href":"https:\/\/ilovepoke.it\/de\/wp-json\/wp\/v2\/types\/page"}],"author":[{"embeddable":true,"href":"https:\/\/ilovepoke.it\/de\/wp-json\/wp\/v2\/users\/1"}],"replies":[{"embeddable":true,"href":"https:\/\/ilovepoke.it\/de\/wp-json\/wp\/v2\/comments?post=17910"}],"version-history":[{"count":28,"href":"https:\/\/ilovepoke.it\/de\/wp-json\/wp\/v2\/pages\/17910\/revisions"}],"predecessor-version":[{"id":900524,"href":"https:\/\/ilovepoke.it\/de\/wp-json\/wp\/v2\/pages\/17910\/revisions\/900524"}],"wp:featuredmedia":[{"embeddable":true,"href":"https:\/\/ilovepoke.it\/de\/wp-json\/wp\/v2\/media\/12477"}],"wp:attachment":[{"href":"https:\/\/ilovepoke.it\/de\/wp-json\/wp\/v2\/media?parent=17910"}],"curies":[{"name":"wp","href":"https:\/\/api.w.org\/{rel}","templated":true}]}}