{"id":24025,"date":"2024-11-14T01:35:21","date_gmt":"2024-11-13T23:35:21","guid":{"rendered":"https:\/\/ilovepoke.it\/?page_id=24025"},"modified":"2025-06-06T00:52:08","modified_gmt":"2025-06-05T22:52:08","slug":"tacos-torino","status":"publish","type":"page","link":"https:\/\/ilovepoke.it\/de\/tacos-torino\/","title":{"rendered":"Tacos Torino"},"content":{"rendered":"<div class=\"wpb-content-wrapper\"><section      data-speed=\"1\" class=\"parallax_section_holder  mainbanner\" style = \" height:px; background-image:url('https:\/\/ilovepoke.it\/wp-content\/uploads\/2021\/12\/FOTO-TOP.jpg');\"><div class=\"parallax_content center\"><div class='parallax_section_inner_margin clearfix'><div class=\"wpb_column vc_column_container vc_col-sm-12\"><div class=\"vc_column-inner\"><div class=\"wpb_wrapper\"><div      class=\"vc_row wpb_row section vc_row-fluid vc_inner  store-top-banner vc_custom_1640943114316\" style=' text-align:center;'><div class=\"full_section_inner clearfix\"><div class=\"wpb_column vc_column_container vc_col-sm-12\"><div class=\"vc_column-inner\"><div class=\"wpb_wrapper\">\n\t<div class=\"wpb_text_column wpb_content_element\">\n\t\t<div class=\"wpb_wrapper\">\n\t\t\t<h2 style=\"color: #5fbdbc !important;\">Tacos Torino<\/h2>\n\n\t\t<\/div>\n\t<\/div><\/div><\/div><\/div><\/div><\/div><\/div><\/div><\/div><\/div><\/div><\/section><div      class=\"vc_row wpb_row section vc_row-fluid  take-away-head vc_custom_1641195610605 grid_section\" style=' text-align:left;'><div class=\"section_inner clearfix\"><div class='section_inner_margin clearfix'><div class=\"wpb_column vc_column_container vc_col-sm-6\"><div class=\"vc_column-inner\"><div class=\"wpb_wrapper\">\n\t<div class=\"wpb_text_column wpb_content_element  colorful-headings vc_custom_1731540699069\">\n\t\t<div class=\"wpb_wrapper\">\n\t\t\t<h3 style=\"color: #ee5c7f;\"><strong>Zum Mitnehmen &amp;<br \/>\nLieferung nach Hause<\/strong><\/h3>\n<h4 style=\"color: #5fbdbc;\"><strong>Die besten Tacos in Turin<\/strong><\/h4>\n\n\t\t<\/div>\n\t<\/div><div class=\"vc_empty_space\"  style=\"height: 300px\" >\n\t<span class=\"vc_empty_space_inner\">\n\t\t<span class=\"empty_space_image\"  ><\/span>\n\t<\/span>\n<\/div>\n\t<div class=\"wpb_single_image wpb_content_element vc_align_left  element_from_left\">\n\t\t<div class=\"wpb_wrapper\">\n\t\t\t\n\t\t\t<div class=\"vc_single_image-wrapper   vc_box_border_grey\"><img fetchpriority=\"high\" decoding=\"async\" width=\"1024\" height=\"1280\" src=\"https:\/\/ilovepoke.it\/wp-content\/uploads\/2024\/11\/photo_2024-11-12_00-12-08.jpg\" class=\"vc_single_image-img attachment-full\" alt=\"Foto 2024 11 12 00 12 08\" title=\"Foto 2024 11 12 00 12 08\" srcset=\"https:\/\/ilovepoke.it\/wp-content\/uploads\/2024\/11\/photo_2024-11-12_00-12-08.jpg 1024w, https:\/\/ilovepoke.it\/wp-content\/uploads\/2024\/11\/photo_2024-11-12_00-12-08-240x300.jpg 240w, https:\/\/ilovepoke.it\/wp-content\/uploads\/2024\/11\/photo_2024-11-12_00-12-08-819x1024.jpg 819w, https:\/\/ilovepoke.it\/wp-content\/uploads\/2024\/11\/photo_2024-11-12_00-12-08-768x960.jpg 768w, https:\/\/ilovepoke.it\/wp-content\/uploads\/2024\/11\/photo_2024-11-12_00-12-08-10x12.jpg 10w, https:\/\/ilovepoke.it\/wp-content\/uploads\/2024\/11\/photo_2024-11-12_00-12-08-700x875.jpg 700w\" sizes=\"(max-width: 1024px) 100vw, 1024px\" \/><\/div>\n\t\t<\/div>\n\t<\/div>\n<\/div><\/div><\/div><div class=\"wpb_column vc_column_container vc_col-sm-6\"><div class=\"vc_column-inner\"><div class=\"wpb_wrapper\">\n\t<div class=\"wpb_text_column wpb_content_element  text-styling\">\n\t\t<div class=\"wpb_wrapper\">\n\t\t\t<p>Tacos a <strong>Turin<\/strong> sind eine Neuinterpretation des traditionellen mexikanischen Stra\u00dfenessens und perfekt f\u00fcr alle, die eine schmackhafte, k\u00f6stliche und vielseitige Mahlzeit suchen. Jeder Taco ist eine kleine Mais- oder Weizentortilla, gef\u00fcllt mit frischen, gesunden Zutaten wie Fleisch, Fisch, Gem\u00fcse, Gew\u00fcrzen und So\u00dfen aller Art.<\/p>\n<p>Tacos sind auch deshalb so beliebt, weil sie nicht nur ein leckeres Gericht sind, sondern auch die M\u00f6glichkeit bieten, mit Zutaten und Geschmack zu experimentieren und so den perfekten Taco zu kreieren. Jeder kann sie nach Belieben f\u00fcllen und verschiedene Arten von Proteinen, Gem\u00fcse, Obst und So\u00dfen kombinieren, um ihnen eine pers\u00f6nliche Note zu verleihen.<\/p>\n<p>Die Zutaten sind frisch und regional, angereichert mit Bio-Produkten und authentischen Aromen. Auf einer warmen Tortillabasis k\u00f6nnen Sie w\u00fcrziges Fleisch, marinierten Fisch, H\u00fclsenfr\u00fcchte und knackiges Gem\u00fcse anrichten und mit Ihren Lieblingssaucen garnieren.<\/p>\n\n\t\t<\/div>\n\t<\/div><a  itemprop=\"url\" href=\"https:\/\/ilovepoke-bolognapmaggiore.ipratico.com\/#\/\" target=\"_blank\" data-hover-background-color=\"#ee5c7f\" class=\"qbutton  medium default bttns-stores  qode-button-shadow\" style=\"color: #ffffff; font-weight: 600; text-transform: uppercase; font-size: 18px; border-radius: 30px;-moz-border-radius: 30px;-webkit-border-radius: 30px; background-color:#5fbdbc;\">TAKE AWAY<\/a>\n\t<div class=\"wpb_text_column wpb_content_element  colorful-headings ordina-online vc_custom_1731540708253\">\n\t\t<div class=\"wpb_wrapper\">\n\t\t\t<h1 style=\"color: #5fbdbc;\"><strong>Bestellen Sie Ihre Tacos in Turin online<\/strong><\/h1>\n<h4 style=\"color: #ee5c7f;\"><strong>Deine Tacos<br \/>\nin Turin bei der Auslieferung <\/strong><\/h4>\n\n\t\t<\/div>\n\t<\/div>\n\t<div class=\"wpb_text_column wpb_content_element  text-styling vc_custom_1731540713497\">\n\t\t<div class=\"wpb_wrapper\">\n\t\t\t<p><b>Ich liebe Poke Turin <\/b>ist Teil von I Love Poke, der ersten italienischen Fast-Food-Kette, die sich der Welt von Poke und Tacos verschrieben hat und in der der Genuss dieser Gerichte zum Schl\u00fcssel f\u00fcr einen gesunden und k\u00f6stlichen Lebensstil wird.<\/p>\n<p>Viele frische und authentische Zutaten, mit denen Sie Ihren Taco individuell gestalten k\u00f6nnen, in einer kreativen und schmackhaften Reise, die sich jedes Mal nach Ihren Vorlieben ver\u00e4ndert. Denn auf sich selbst aufzupassen bedeutet auch, achtsam zu essen, ohne auf die unverf\u00e4lschten und reichhaltigen Aromen zu verzichten, die Mutter Natur uns bietet.<\/p>\n\n\t\t<\/div>\n\t<\/div><a  itemprop=\"url\" href=\"https:\/\/ilovepoke.ordine.deliveroo.it\/it\/\" target=\"_blank\" data-hover-background-color=\"#5fbdbc\" class=\"qbutton  medium default bttns-stores  qode-button-shadow\" style=\"color: #ffffff; font-weight: 600; text-transform: uppercase; font-size: 18px; border-radius: 30px;-moz-border-radius: 30px;-webkit-border-radius: 30px; background-color:#ee5c7f;\">LIEFERUNG<\/a><\/div><\/div><\/div><\/div><\/div><\/div><div      class=\"vc_row wpb_row section vc_row-fluid  pass-a-travarci vc_custom_1641195699694 grid_section\" style=' text-align:left;'><div class=\"section_inner clearfix\"><div class='section_inner_margin clearfix'><div class=\"wpb_column vc_column_container vc_col-sm-6\"><div class=\"vc_column-inner\"><div class=\"wpb_wrapper\">\n\t<div class=\"wpb_text_column wpb_content_element  colorful-headings vc_custom_1731540728366\">\n\t\t<div class=\"wpb_wrapper\">\n\t\t\t<h1 style=\"color: #ee5c7f;\"><strong>BESUCHEN SIE UNS!<\/strong><\/h1>\n<h4 style=\"color: #5fbdbc; margin-top: 10px;\"><strong>Genie\u00dfen Sie Ihre Tacos in Turin!<\/strong><\/h4>\n\n\t\t<\/div>\n\t<\/div>\n\t<div class=\"wpb_text_column wpb_content_element  adresses-txt vc_custom_1731540790191\">\n\t\t<div class=\"wpb_wrapper\">\n\t\t\t<h4 style=\"text-transform: uppercase; color: #5fbdbc;\">Ich liebe Poke TURIN<\/h4>\n<p>Corso Romania, 460 - 10156 Turin (TO)<\/p>\n\n\t\t<\/div>\n\t<\/div>\n\t<div class=\"wpb_text_column wpb_content_element  adresses-txt vc_custom_1731540762719\">\n\t\t<div class=\"wpb_wrapper\">\n\t\t\t<p class=\"day\">Von: Montag bis Sonntag<\/p>\n<p class=\"time\">Anschrift: Corso Romania, 460 - 10156 Turin (TO)<\/p>\n<p class=\"time\">\u00d6ffnungszeiten: 11.30 Uhr bis 20.30 Uhr<\/p>\n<p class=\"time\">Telefonnummer: 388 903 0918<\/p>\n<p class=\"time\">Postanschrift: torino.leporte@ilovepoke.it<\/p>\n\n\t\t<\/div>\n\t<\/div><\/div><\/div><\/div><div class=\"wpb_column vc_column_container vc_col-sm-6\"><div class=\"vc_column-inner\"><div class=\"wpb_wrapper\">\n\t<div class=\"wpb_single_image wpb_content_element vc_align_left  element_from_right\">\n\t\t<div class=\"wpb_wrapper\">\n\t\t\t\n\t\t\t<div class=\"vc_single_image-wrapper   vc_box_border_grey\"><img decoding=\"async\" width=\"836\" height=\"836\" src=\"https:\/\/ilovepoke.it\/wp-content\/uploads\/2021\/12\/store.jpg\" class=\"vc_single_image-img attachment-full\" alt=\"\" title=\"speichern\" srcset=\"https:\/\/ilovepoke.it\/wp-content\/uploads\/2021\/12\/store.jpg 836w, https:\/\/ilovepoke.it\/wp-content\/uploads\/2021\/12\/store-300x300.jpg 300w, https:\/\/ilovepoke.it\/wp-content\/uploads\/2021\/12\/store-150x150.jpg 150w, https:\/\/ilovepoke.it\/wp-content\/uploads\/2021\/12\/store-768x768.jpg 768w, https:\/\/ilovepoke.it\/wp-content\/uploads\/2021\/12\/store-570x570.jpg 570w, https:\/\/ilovepoke.it\/wp-content\/uploads\/2021\/12\/store-500x500.jpg 500w, https:\/\/ilovepoke.it\/wp-content\/uploads\/2021\/12\/store-700x700.jpg 700w\" sizes=\"(max-width: 836px) 100vw, 836px\" \/><\/div>\n\t\t<\/div>\n\t<\/div>\n<\/div><\/div><\/div><\/div><\/div><\/div><div      class=\"vc_row wpb_row section vc_row-fluid  vc_custom_1640952843987\" style=' text-align:left;'><div class=\"full_section_inner clearfix\"><div class=\"wpb_column vc_column_container vc_col-sm-12\"><div class=\"vc_column-inner\"><div class=\"wpb_wrapper\"><div class=\"wpb_gmaps_widget wpb_content_element\"><div class=\"wpb_wrapper\"><div class=\"wpb_map_wraper\"><iframe src=\"https:\/\/www.google.com\/maps\/embed?pb=!1m18!1m12!1m3!1d2815.442198588028!2d7.7087816907402384!3d45.117374281929216!2m3!1f0!2f0!3f0!3m2!1i1024!2i768!4f13.1!3m3!1m2!1s0x478871d204acd1df%3A0xccde1a7995b8ea33!2sI%20Love%20Poke%20-%20Porte%20di%20Torino!5e0!3m2!1sit!2sit!4v1731540823630!5m2!1sit!2sit\" width=\"600\" height=\"450\" style=\"border:0;\" allowfullscreen=\"\" loading=\"lazy\" referrerpolicy=\"no-referrer-when-downgrade\"><\/iframe><\/div><\/div><\/div><\/div><\/div><\/div><\/div><\/div><div      class=\"vc_row wpb_row section vc_row-fluid  bottom-two-btn vc_custom_1641196098316 grid_section\" style=' text-align:left;'><div class=\"section_inner clearfix\"><div class='section_inner_margin clearfix'><div class=\"wpb_column vc_column_container vc_col-sm-6\"><div class=\"vc_column-inner\"><div class=\"wpb_wrapper\">\n\t<div class=\"wpb_text_column wpb_content_element  more-btn-org\">\n\t\t<div class=\"wpb_wrapper\">\n\t\t\t<p><a href=\"https:\/\/ilovepoke.it\/de\/hawaiianischer-stocherkahn\/\">MEHR<br \/>\n\u00dcBER UNS<\/a><\/p>\n\n\t\t<\/div>\n\t<\/div><\/div><\/div><\/div><div class=\"wpb_column vc_column_container vc_col-sm-6\"><div class=\"vc_column-inner\"><div class=\"wpb_wrapper\">\n\t<div class=\"wpb_text_column wpb_content_element  more-btn-green\">\n\t\t<div class=\"wpb_wrapper\">\n\t\t\t<p style=\"text-align: right;\"><a href=\"https:\/\/ilovepoke.it\/de\/kompositionsschale\/\">ENTDECKEN SIE DIE<br \/>\nUNSER MEN\u00dc<\/a><\/p>\n\n\t\t<\/div>\n\t<\/div><\/div><\/div><\/div><\/div><\/div><\/div><div      class=\"vc_row wpb_row section vc_row-fluid\" style=' text-align:left;'><div class=\"full_section_inner clearfix\"><div class=\"wpb_column vc_column_container vc_col-sm-12\"><div class=\"vc_column-inner\"><div class=\"wpb_wrapper\"><\/div><\/div><\/div><\/div><\/div>\n<\/div>","protected":false},"excerpt":{"rendered":"Tacos Torino Take Away &amp; Consegna a domicilio Il miglior Tacos a Torino I tacos a Torino nascono come una rivisitazione del tradizionale street food messicano, perfetti per chi cerca un pasto saporito, sfizioso e versatile. Ogni taco \u00e8 una piccola tortilla di mais o...","protected":false},"author":1,"featured_media":24013,"parent":0,"menu_order":0,"comment_status":"closed","ping_status":"closed","template":"full_width.php","meta":{"_acf_changed":false,"content-type":"","inline_featured_image":false,"wpupg_custom_link":[],"wpupg_custom_link_behaviour":["default"],"wpupg_custom_link_nofollow":["default"],"wpupg_custom_image":[],"wpupg_custom_image_id":[],"footnotes":""},"class_list":["post-24025","page","type-page","status-publish","has-post-thumbnail","hentry"],"acf":[],"yoast_head":"<!-- This site is optimized with the Yoast SEO Premium plugin v26.1 (Yoast SEO v27.1.1) - https:\/\/yoast.com\/product\/yoast-seo-premium-wordpress\/ -->\n<title>Tacos Torino Take Away Ordina online - I love Pok\u00e9<\/title>\n<meta name=\"description\" content=\"Ordina il tuo tacos preferito a Torino! Scegli ingredienti freschi per personalizzare il tuo taco: tortilla, carne, pesce, verdure e salse\" \/>\n<meta name=\"robots\" content=\"index, follow, max-snippet:-1, max-image-preview:large, max-video-preview:-1\" \/>\n<link rel=\"canonical\" href=\"https:\/\/ilovepoke.it\/de\/tacos-torino\/\" \/>\n<meta property=\"og:locale\" content=\"de_DE\" \/>\n<meta property=\"og:type\" content=\"article\" \/>\n<meta property=\"og:title\" content=\"Poke Bologna Take Away Ordina online - I love Pok\u00e9\" \/>\n<meta property=\"og:description\" content=\"Ordina la tua poke preferita a bologna, tanti ingredienti freschi e genuini per personalizzare la tua bowl, riso, pesce, verdure. Take away e delivery\" \/>\n<meta property=\"og:url\" content=\"https:\/\/ilovepoke.it\/de\/tacos-torino\/\" \/>\n<meta property=\"og:site_name\" content=\"I love Pok\u00e9\" \/>\n<meta property=\"article:publisher\" content=\"https:\/\/www.facebook.com\/ilovepoke.official\/\" \/>\n<meta property=\"article:modified_time\" content=\"2025-06-05T22:52:08+00:00\" \/>\n<meta property=\"og:image\" content=\"https:\/\/ilovepoke.it\/wp-content\/uploads\/2022\/05\/ILovePoke-12apr22-086.png\" \/>\n\t<meta property=\"og:image:width\" content=\"5224\" \/>\n\t<meta property=\"og:image:height\" content=\"4178\" \/>\n\t<meta property=\"og:image:type\" content=\"image\/png\" \/>\n<meta name=\"twitter:card\" content=\"summary_large_image\" \/>\n<meta name=\"twitter:title\" content=\"Poke Bologna Take Away Ordina online - I love Pok\u00e9\" \/>\n<meta name=\"twitter:description\" content=\"Ordina la tua poke preferita a bologna, tanti ingredienti freschi e genuini per personalizzare la tua bowl, riso, pesce, verdure. Take away e delivery\" \/>\n<meta name=\"twitter:site\" content=\"@ilovepoke_\" \/>\n<meta name=\"twitter:label1\" content=\"Gesch\u00e4tzte Lesezeit\" \/>\n\t<meta name=\"twitter:data1\" content=\"3\u00a0Minuten\" \/>\n<script type=\"application\/ld+json\" class=\"yoast-schema-graph\">{\"@context\":\"https:\/\/schema.org\",\"@graph\":[{\"@type\":[\"Article\",\"BlogPosting\"],\"@id\":\"https:\/\/ilovepoke.it\/tacos-torino\/#article\",\"isPartOf\":{\"@id\":\"https:\/\/ilovepoke.it\/tacos-torino\/\"},\"author\":{\"name\":\"admin\",\"@id\":\"https:\/\/ilovepoke.it\/en\/#\/schema\/person\/4531dd6db37dd7beb4316882c8cec41d\"},\"headline\":\"Tacos Torino\",\"datePublished\":\"2024-11-13T23:35:21+00:00\",\"dateModified\":\"2025-06-05T22:52:08+00:00\",\"mainEntityOfPage\":{\"@id\":\"https:\/\/ilovepoke.it\/tacos-torino\/\"},\"wordCount\":902,\"publisher\":{\"@id\":\"https:\/\/ilovepoke.it\/en\/#organization\"},\"image\":{\"@id\":\"https:\/\/ilovepoke.it\/tacos-torino\/#primaryimage\"},\"thumbnailUrl\":\"https:\/\/ilovepoke.it\/wp-content\/uploads\/2024\/11\/photo_2024-11-12_00-10-29.jpg\",\"inLanguage\":\"de\"},{\"@type\":\"WebPage\",\"@id\":\"https:\/\/ilovepoke.it\/tacos-torino\/\",\"url\":\"https:\/\/ilovepoke.it\/tacos-torino\/\",\"name\":\"Tacos Torino Take Away Ordina online - I love Pok\u00e9\",\"isPartOf\":{\"@id\":\"https:\/\/ilovepoke.it\/en\/#website\"},\"primaryImageOfPage\":{\"@id\":\"https:\/\/ilovepoke.it\/tacos-torino\/#primaryimage\"},\"image\":{\"@id\":\"https:\/\/ilovepoke.it\/tacos-torino\/#primaryimage\"},\"thumbnailUrl\":\"https:\/\/ilovepoke.it\/wp-content\/uploads\/2024\/11\/photo_2024-11-12_00-10-29.jpg\",\"datePublished\":\"2024-11-13T23:35:21+00:00\",\"dateModified\":\"2025-06-05T22:52:08+00:00\",\"description\":\"Ordina il tuo tacos preferito a Torino! Scegli ingredienti freschi per personalizzare il tuo taco: tortilla, carne, pesce, verdure e salse\",\"breadcrumb\":{\"@id\":\"https:\/\/ilovepoke.it\/tacos-torino\/#breadcrumb\"},\"inLanguage\":\"de\",\"potentialAction\":[{\"@type\":\"ReadAction\",\"target\":[\"https:\/\/ilovepoke.it\/tacos-torino\/\"]}]},{\"@type\":\"ImageObject\",\"inLanguage\":\"de\",\"@id\":\"https:\/\/ilovepoke.it\/tacos-torino\/#primaryimage\",\"url\":\"https:\/\/ilovepoke.it\/wp-content\/uploads\/2024\/11\/photo_2024-11-12_00-10-29.jpg\",\"contentUrl\":\"https:\/\/ilovepoke.it\/wp-content\/uploads\/2024\/11\/photo_2024-11-12_00-10-29.jpg\",\"width\":1080,\"height\":1080,\"caption\":\"photo 2024 11 12 00 10 29\"},{\"@type\":\"BreadcrumbList\",\"@id\":\"https:\/\/ilovepoke.it\/tacos-torino\/#breadcrumb\",\"itemListElement\":[{\"@type\":\"ListItem\",\"position\":1,\"name\":\"Home\",\"item\":\"https:\/\/ilovepoke.it\/\"},{\"@type\":\"ListItem\",\"position\":2,\"name\":\"Tacos Torino\"}]},{\"@type\":\"WebSite\",\"@id\":\"https:\/\/ilovepoke.it\/en\/#website\",\"url\":\"https:\/\/ilovepoke.it\/en\/\",\"name\":\"I love Poke\",\"description\":\"Poke love. Riso nero, salmone, tonno, arancia e finocchio, alghe wakame, edamame, cavolo rosso, carote, melagrana, sesamo, salsa guacamole e soya.\",\"publisher\":{\"@id\":\"https:\/\/ilovepoke.it\/en\/#organization\"},\"potentialAction\":[{\"@type\":\"SearchAction\",\"target\":{\"@type\":\"EntryPoint\",\"urlTemplate\":\"https:\/\/ilovepoke.it\/en\/?s={search_term_string}\"},\"query-input\":{\"@type\":\"PropertyValueSpecification\",\"valueRequired\":true,\"valueName\":\"search_term_string\"}}],\"inLanguage\":\"de\"},{\"@type\":\"Organization\",\"@id\":\"https:\/\/ilovepoke.it\/en\/#organization\",\"name\":\"I Love Poke\",\"url\":\"https:\/\/ilovepoke.it\/en\/\",\"logo\":{\"@type\":\"ImageObject\",\"inLanguage\":\"de\",\"@id\":\"https:\/\/ilovepoke.it\/en\/#\/schema\/logo\/image\/\",\"url\":\"https:\/\/ilovepoke.it\/wp-content\/uploads\/2021\/02\/ilovepoke_logo_verde-rosa-bianco-2.png\",\"contentUrl\":\"https:\/\/ilovepoke.it\/wp-content\/uploads\/2021\/02\/ilovepoke_logo_verde-rosa-bianco-2.png\",\"width\":500,\"height\":224,\"caption\":\"I Love Poke\"},\"image\":{\"@id\":\"https:\/\/ilovepoke.it\/en\/#\/schema\/logo\/image\/\"},\"sameAs\":[\"https:\/\/www.facebook.com\/ilovepoke.official\/\",\"https:\/\/x.com\/ilovepoke_\",\"https:\/\/www.instagram.com\/ilovepoke.official\/\"]},{\"@type\":\"Person\",\"@id\":\"https:\/\/ilovepoke.it\/en\/#\/schema\/person\/4531dd6db37dd7beb4316882c8cec41d\",\"name\":\"admin\",\"image\":{\"@type\":\"ImageObject\",\"inLanguage\":\"de\",\"@id\":\"https:\/\/ilovepoke.it\/en\/#\/schema\/person\/image\/\",\"url\":\"https:\/\/secure.gravatar.com\/avatar\/0c2e032b23081d10a7afe506d6ff8c7fcac9dec713eb1b948486fd2d373664c2?s=96&d=mm&r=g\",\"contentUrl\":\"https:\/\/secure.gravatar.com\/avatar\/0c2e032b23081d10a7afe506d6ff8c7fcac9dec713eb1b948486fd2d373664c2?s=96&d=mm&r=g\",\"caption\":\"admin\"},\"sameAs\":[\"https:\/\/ilovepoke.it\"],\"url\":\"https:\/\/ilovepoke.it\/de\/author\/admin\/\"}]}<\/script>\n<!-- \/ Yoast SEO Premium plugin. -->","yoast_head_json":{"title":"Tacos Torino Take Away Online bestellen - Ich liebe Pok\u00e9","description":"Bestellen Sie Ihre Lieblings-Tacos in Turin! W\u00e4hlen Sie frische Zutaten, um Ihren Taco individuell zu gestalten: Tortillas, Fleisch, Fisch, Gem\u00fcse und So\u00dfen","robots":{"index":"index","follow":"follow","max-snippet":"max-snippet:-1","max-image-preview":"max-image-preview:large","max-video-preview":"max-video-preview:-1"},"canonical":"https:\/\/ilovepoke.it\/de\/tacos-torino\/","og_locale":"de_DE","og_type":"article","og_title":"Poke Bologna Take Away Ordina online - I love Pok\u00e9","og_description":"Ordina la tua poke preferita a bologna, tanti ingredienti freschi e genuini per personalizzare la tua bowl, riso, pesce, verdure. Take away e delivery","og_url":"https:\/\/ilovepoke.it\/de\/tacos-torino\/","og_site_name":"I love Pok\u00e9","article_publisher":"https:\/\/www.facebook.com\/ilovepoke.official\/","article_modified_time":"2025-06-05T22:52:08+00:00","og_image":[{"width":5224,"height":4178,"url":"https:\/\/ilovepoke.it\/wp-content\/uploads\/2022\/05\/ILovePoke-12apr22-086.png","type":"image\/png"}],"twitter_card":"summary_large_image","twitter_title":"Poke Bologna Take Away Ordina online - I love Pok\u00e9","twitter_description":"Ordina la tua poke preferita a bologna, tanti ingredienti freschi e genuini per personalizzare la tua bowl, riso, pesce, verdure. Take away e delivery","twitter_site":"@ilovepoke_","twitter_misc":{"Gesch\u00e4tzte Lesezeit":"3\u00a0Minuten"},"schema":{"@context":"https:\/\/schema.org","@graph":[{"@type":["Article","BlogPosting"],"@id":"https:\/\/ilovepoke.it\/tacos-torino\/#article","isPartOf":{"@id":"https:\/\/ilovepoke.it\/tacos-torino\/"},"author":{"name":"admin","@id":"https:\/\/ilovepoke.it\/en\/#\/schema\/person\/4531dd6db37dd7beb4316882c8cec41d"},"headline":"Tacos Torino","datePublished":"2024-11-13T23:35:21+00:00","dateModified":"2025-06-05T22:52:08+00:00","mainEntityOfPage":{"@id":"https:\/\/ilovepoke.it\/tacos-torino\/"},"wordCount":902,"publisher":{"@id":"https:\/\/ilovepoke.it\/en\/#organization"},"image":{"@id":"https:\/\/ilovepoke.it\/tacos-torino\/#primaryimage"},"thumbnailUrl":"https:\/\/ilovepoke.it\/wp-content\/uploads\/2024\/11\/photo_2024-11-12_00-10-29.jpg","inLanguage":"de"},{"@type":"WebPage","@id":"https:\/\/ilovepoke.it\/tacos-torino\/","url":"https:\/\/ilovepoke.it\/tacos-torino\/","name":"Tacos Torino Take Away Online bestellen - Ich liebe Pok\u00e9","isPartOf":{"@id":"https:\/\/ilovepoke.it\/en\/#website"},"primaryImageOfPage":{"@id":"https:\/\/ilovepoke.it\/tacos-torino\/#primaryimage"},"image":{"@id":"https:\/\/ilovepoke.it\/tacos-torino\/#primaryimage"},"thumbnailUrl":"https:\/\/ilovepoke.it\/wp-content\/uploads\/2024\/11\/photo_2024-11-12_00-10-29.jpg","datePublished":"2024-11-13T23:35:21+00:00","dateModified":"2025-06-05T22:52:08+00:00","description":"Bestellen Sie Ihre Lieblings-Tacos in Turin! W\u00e4hlen Sie frische Zutaten, um Ihren Taco individuell zu gestalten: Tortillas, Fleisch, Fisch, Gem\u00fcse und So\u00dfen","breadcrumb":{"@id":"https:\/\/ilovepoke.it\/tacos-torino\/#breadcrumb"},"inLanguage":"de","potentialAction":[{"@type":"ReadAction","target":["https:\/\/ilovepoke.it\/tacos-torino\/"]}]},{"@type":"ImageObject","inLanguage":"de","@id":"https:\/\/ilovepoke.it\/tacos-torino\/#primaryimage","url":"https:\/\/ilovepoke.it\/wp-content\/uploads\/2024\/11\/photo_2024-11-12_00-10-29.jpg","contentUrl":"https:\/\/ilovepoke.it\/wp-content\/uploads\/2024\/11\/photo_2024-11-12_00-10-29.jpg","width":1080,"height":1080,"caption":"photo 2024 11 12 00 10 29"},{"@type":"BreadcrumbList","@id":"https:\/\/ilovepoke.it\/tacos-torino\/#breadcrumb","itemListElement":[{"@type":"ListItem","position":1,"name":"Home","item":"https:\/\/ilovepoke.it\/"},{"@type":"ListItem","position":2,"name":"Tacos Torino"}]},{"@type":"WebSite","@id":"https:\/\/ilovepoke.it\/en\/#website","url":"https:\/\/ilovepoke.it\/en\/","name":"Ich liebe Poke","description":"Poke Liebe. Schwarzer Reis, Lachs, Thunfisch, Orange und Fenchel, Wakame-Algen, Edamame, Rotkohl, Karotten, Granatapfel, Sesam, Guacamole-Sauce und Soja.","publisher":{"@id":"https:\/\/ilovepoke.it\/en\/#organization"},"potentialAction":[{"@type":"SearchAction","target":{"@type":"EntryPoint","urlTemplate":"https:\/\/ilovepoke.it\/en\/?s={search_term_string}"},"query-input":{"@type":"PropertyValueSpecification","valueRequired":true,"valueName":"search_term_string"}}],"inLanguage":"de"},{"@type":"Organization","@id":"https:\/\/ilovepoke.it\/en\/#organization","name":"Ich liebe Koks","url":"https:\/\/ilovepoke.it\/en\/","logo":{"@type":"ImageObject","inLanguage":"de","@id":"https:\/\/ilovepoke.it\/en\/#\/schema\/logo\/image\/","url":"https:\/\/ilovepoke.it\/wp-content\/uploads\/2021\/02\/ilovepoke_logo_verde-rosa-bianco-2.png","contentUrl":"https:\/\/ilovepoke.it\/wp-content\/uploads\/2021\/02\/ilovepoke_logo_verde-rosa-bianco-2.png","width":500,"height":224,"caption":"I Love Poke"},"image":{"@id":"https:\/\/ilovepoke.it\/en\/#\/schema\/logo\/image\/"},"sameAs":["https:\/\/www.facebook.com\/ilovepoke.official\/","https:\/\/x.com\/ilovepoke_","https:\/\/www.instagram.com\/ilovepoke.official\/"]},{"@type":"Person","@id":"https:\/\/ilovepoke.it\/en\/#\/schema\/person\/4531dd6db37dd7beb4316882c8cec41d","name":"admin","image":{"@type":"ImageObject","inLanguage":"de","@id":"https:\/\/ilovepoke.it\/en\/#\/schema\/person\/image\/","url":"https:\/\/secure.gravatar.com\/avatar\/0c2e032b23081d10a7afe506d6ff8c7fcac9dec713eb1b948486fd2d373664c2?s=96&d=mm&r=g","contentUrl":"https:\/\/secure.gravatar.com\/avatar\/0c2e032b23081d10a7afe506d6ff8c7fcac9dec713eb1b948486fd2d373664c2?s=96&d=mm&r=g","caption":"admin"},"sameAs":["https:\/\/ilovepoke.it"],"url":"https:\/\/ilovepoke.it\/de\/author\/admin\/"}]}},"_links":{"self":[{"href":"https:\/\/ilovepoke.it\/de\/wp-json\/wp\/v2\/pages\/24025","targetHints":{"allow":["GET"]}}],"collection":[{"href":"https:\/\/ilovepoke.it\/de\/wp-json\/wp\/v2\/pages"}],"about":[{"href":"https:\/\/ilovepoke.it\/de\/wp-json\/wp\/v2\/types\/page"}],"author":[{"embeddable":true,"href":"https:\/\/ilovepoke.it\/de\/wp-json\/wp\/v2\/users\/1"}],"replies":[{"embeddable":true,"href":"https:\/\/ilovepoke.it\/de\/wp-json\/wp\/v2\/comments?post=24025"}],"version-history":[{"count":0,"href":"https:\/\/ilovepoke.it\/de\/wp-json\/wp\/v2\/pages\/24025\/revisions"}],"wp:featuredmedia":[{"embeddable":true,"href":"https:\/\/ilovepoke.it\/de\/wp-json\/wp\/v2\/media\/24013"}],"wp:attachment":[{"href":"https:\/\/ilovepoke.it\/de\/wp-json\/wp\/v2\/media?parent=24025"}],"curies":[{"name":"wp","href":"https:\/\/api.w.org\/{rel}","templated":true}]}}