{"id":4484,"date":"2021-06-08T10:22:27","date_gmt":"2021-06-08T10:22:27","guid":{"rendered":"https:\/\/ilovepoke.it\/?page_id=4484"},"modified":"2025-10-19T13:06:20","modified_gmt":"2025-10-19T11:06:20","slug":"i-love-poke-serravalle-3","status":"publish","type":"page","link":"https:\/\/ilovepoke.it\/de\/i-love-poke-serravalle-3\/","title":{"rendered":"Ich liebe Poke Serravalle"},"content":{"rendered":"<div class=\"wpb-content-wrapper\"><section      data-speed=\"1\" class=\"parallax_section_holder  mainbanner\" style = \" height:px; background-image:url('https:\/\/ilovepoke.it\/wp-content\/uploads\/2021\/12\/FOTO-TOP.jpg');\"><div class=\"parallax_content center\"><div class='parallax_section_inner_margin clearfix'><div class=\"wpb_column vc_column_container vc_col-sm-12\"><div class=\"vc_column-inner\"><div class=\"wpb_wrapper\"><div      class=\"vc_row wpb_row section vc_row-fluid vc_inner  store-top-banner vc_custom_1640943114316\" style=' text-align:center;'><div class=\"full_section_inner clearfix\"><div class=\"wpb_column vc_column_container vc_col-sm-12\"><div class=\"vc_column-inner\"><div class=\"wpb_wrapper\">\n\t<div class=\"wpb_text_column wpb_content_element\">\n\t\t<div class=\"wpb_wrapper\">\n\t\t\t<h2 style=\"color: #5fbdbc !important;\">Ich liebe Koks<br \/>\n<span class=\"store_Name\">Serravalle<\/span><\/h2>\n\n\t\t<\/div>\n\t<\/div><\/div><\/div><\/div><\/div><\/div><\/div><\/div><\/div><\/div><\/div><\/section><div      class=\"vc_row wpb_row section vc_row-fluid  take-away-head vc_custom_1641195610605 grid_section\" style=' text-align:left;'><div class=\"section_inner clearfix\"><div class='section_inner_margin clearfix'><div class=\"wpb_column vc_column_container vc_col-sm-6\"><div class=\"vc_column-inner\"><div class=\"wpb_wrapper\">\n\t<div class=\"wpb_text_column wpb_content_element  colorful-headings vc_custom_1653718121320\">\n\t\t<div class=\"wpb_wrapper\">\n\t\t\t<h3 style=\"color: #ee5c7f;\"><strong>Zum Mitnehmen &amp;<br \/>\nLieferung nach Hause<\/strong><\/h3>\n<h4 style=\"color: #5fbdbc;\"><strong>Der beste leckere Poke<br \/>\nHawaiianisch in Serravalle <\/strong><\/h4>\n\n\t\t<\/div>\n\t<\/div><div class=\"vc_empty_space\"  style=\"height: 155px\" >\n\t<span class=\"vc_empty_space_inner\">\n\t\t<span class=\"empty_space_image\"  ><\/span>\n\t<\/span>\n<\/div>\n\t<div class=\"wpb_single_image wpb_content_element vc_align_left  element_from_left\">\n\t\t<div class=\"wpb_wrapper\">\n\t\t\t\n\t\t\t<div class=\"vc_single_image-wrapper   vc_box_border_grey\"><img fetchpriority=\"high\" decoding=\"async\" width=\"600\" height=\"750\" src=\"https:\/\/ilovepoke.it\/wp-content\/uploads\/2021\/12\/poke.jpg\" class=\"vc_single_image-img attachment-full\" alt=\"\" title=\"st\u00f6bern\" srcset=\"https:\/\/ilovepoke.it\/wp-content\/uploads\/2021\/12\/poke.jpg 600w, https:\/\/ilovepoke.it\/wp-content\/uploads\/2021\/12\/poke-240x300.jpg 240w\" sizes=\"(max-width: 600px) 100vw, 600px\" \/><\/div>\n\t\t<\/div>\n\t<\/div>\n<\/div><\/div><\/div><div class=\"wpb_column vc_column_container vc_col-sm-6\"><div class=\"vc_column-inner\"><div class=\"wpb_wrapper\">\n\t<div class=\"wpb_text_column wpb_content_element  text-styling\">\n\t\t<div class=\"wpb_wrapper\">\n\t\t\t<p>Die <a href=\"https:\/\/ilovepoke.it\/de\/arten-von-stopseln-alles-was-sie-wissen-mussen\/\">St\u00f6bern<\/a> in Serravalle ist urspr\u00fcnglich ein so genanntes gesundes Gericht der hawaiianischen K\u00fcche: eine Sch\u00fcssel mit rohem Fisch, Reis, Gew\u00fcrzen, So\u00dfen, Meersalz und Seetang.<\/p>\n<p>Die Poke-Bowl ist auch deshalb so attraktiv, weil sie nicht nur ein kalorienarmes Gericht ist, sondern auch die M\u00f6glichkeit bietet, eine individuelle Poke-Bowl zu kreieren. Jeder kann sich seine eigene Poke-Schale nach seinen W\u00fcnschen zusammenstellen. Frische, gesunde Zutaten, lokale Bio-Produkte und tropische Inselfr\u00fcchte.<br \/>\nZu einer Basis aus Reis, Quinoa, M\u00fcsli oder Salat f\u00fcgen Sie Eiwei\u00df, Gem\u00fcse und Obst nach Geschmack und Ihre Lieblingssaucen hinzu. Die Kombinationsm\u00f6glichkeiten sind fast so vielf\u00e4ltig wie die G\u00fcte dieses Produkts!<\/p>\n\n\t\t<\/div>\n\t<\/div><a  itemprop=\"url\" href=\"https:\/\/ilovepokeserravalle.ipratico.com\/#\/\" target=\"_blank\" data-hover-background-color=\"#ee5c7f\" class=\"qbutton  medium default bttns-stores  qode-button-shadow\" style=\"color: #ffffff; font-weight: 600; text-transform: uppercase; font-size: 18px; border-radius: 30px;-moz-border-radius: 30px;-webkit-border-radius: 30px; background-color:#5fbdbc;\">TAKE AWAY<\/a>\n\t<div class=\"wpb_text_column wpb_content_element  colorful-headings ordina-online vc_custom_1653718175587\">\n\t\t<div class=\"wpb_wrapper\">\n\t\t\t<h1 style=\"color: #5fbdbc;\"><strong>BESTELLEN SIE IHRE POKE BOWL ONLINE in Serravalle<\/strong><\/h1>\n<h4 style=\"color: #ee5c7f;\"><strong>Ihr hawaiianischer Poke<br \/>\nin Serravalle bei der Auslieferung <\/strong><\/h4>\n\n\t\t<\/div>\n\t<\/div>\n\t<div class=\"wpb_text_column wpb_content_element  text-styling vc_custom_1649615766317\">\n\t\t<div class=\"wpb_wrapper\">\n\t\t\t<p><b>Ich liebe Poke Serravalle <\/b>ist Teil von <a href=\"https:\/\/ilovepoke.it\/de\/menu\/\">Ich liebe<\/a> Poke, Italiens erste Fast-Food-Kette, die sich der Welt des Poke widmet, wo der Genuss dieses supergesunden hawaiianischen Gerichts zum Schl\u00fcssel f\u00fcr einen gesunden und k\u00f6stlichen Lebensstil wird.<\/p>\n<p>Viele frische und unverf\u00e4lschte Zutaten, mit denen Sie Ihre Schale individuell gestalten k\u00f6nnen, in einer kreativen und schmackhaften Reise mit einem Ergebnis, das immer wieder anders ist, je nach Ihren W\u00fcnschen. Denn sich selbst zu lieben bedeutet auch, bewusst zu essen, ohne auf das Beste zu verzichten, was Mutter Natur zu bieten hat.<\/p>\n\n\t\t<\/div>\n\t<\/div><a  itemprop=\"url\" href=\"https:\/\/ilovepoke.ordine.deliveroo.it\/it\/\" target=\"_blank\" data-hover-background-color=\"#5fbdbc\" class=\"qbutton  medium default bttns-stores  qode-button-shadow\" style=\"color: #ffffff; font-weight: 600; text-transform: uppercase; font-size: 18px; border-radius: 30px;-moz-border-radius: 30px;-webkit-border-radius: 30px; background-color:#ee5c7f;\">LIEFERUNG<\/a><\/div><\/div><\/div><\/div><\/div><\/div><div      class=\"vc_row wpb_row section vc_row-fluid  pass-a-travarci vc_custom_1641195699694 grid_section\" style=' text-align:left;'><div class=\"section_inner clearfix\"><div class='section_inner_margin clearfix'><div class=\"wpb_column vc_column_container vc_col-sm-6\"><div class=\"vc_column-inner\"><div class=\"wpb_wrapper\">\n\t<div class=\"wpb_text_column wpb_content_element  colorful-headings vc_custom_1644149263245\">\n\t\t<div class=\"wpb_wrapper\">\n\t\t\t<h1 style=\"color: #ee5c7f;\"><strong>Kommen Sie zu uns!<\/strong><\/h1>\n<h4 style=\"color: #5fbdbc; margin-top: 10px;\"><strong>Viel Spa\u00df beim St\u00f6bern in Serravalle!<\/strong><\/h4>\n\n\t\t<\/div>\n\t<\/div>\n\t<div class=\"wpb_text_column wpb_content_element  adresses-txt vc_custom_1641289000748\">\n\t\t<div class=\"wpb_wrapper\">\n\t\t\t<h4 style=\"text-transform: uppercase; color: #5fbdbc;\">Ich liebe Poke Serravalle<\/h4>\n<p class=\"address\">Via della Moda, 1, 15069 Serravalle Scrivia AL, Italien<\/p>\n\n\t\t<\/div>\n\t<\/div>\n\t<div class=\"wpb_text_column wpb_content_element  adresses-txt vc_custom_1730466302020\">\n\t\t<div class=\"wpb_wrapper\">\n\t\t\t<p class=\"connect\">Telefon: 390143609000<\/p>\n<p class=\"day\">Von: Montag bis Sonntag<\/p>\n<p class=\"time\">\u00d6ffnungszeiten: 11.30 Uhr bis 22 Uhr<\/p>\n<p>Postanschrift: serravalle@ilovepoke.it<\/p>\n\n\t\t<\/div>\n\t<\/div><\/div><\/div><\/div><div class=\"wpb_column vc_column_container vc_col-sm-6\"><div class=\"vc_column-inner\"><div class=\"wpb_wrapper\">\n\t<div class=\"wpb_single_image wpb_content_element vc_align_left  element_from_right\">\n\t\t<div class=\"wpb_wrapper\">\n\t\t\t\n\t\t\t<div class=\"vc_single_image-wrapper   vc_box_border_grey\"><img decoding=\"async\" width=\"836\" height=\"836\" src=\"https:\/\/ilovepoke.it\/wp-content\/uploads\/2021\/12\/store.jpg\" class=\"vc_single_image-img attachment-full\" alt=\"\" title=\"speichern\" srcset=\"https:\/\/ilovepoke.it\/wp-content\/uploads\/2021\/12\/store.jpg 836w, https:\/\/ilovepoke.it\/wp-content\/uploads\/2021\/12\/store-300x300.jpg 300w, https:\/\/ilovepoke.it\/wp-content\/uploads\/2021\/12\/store-150x150.jpg 150w, https:\/\/ilovepoke.it\/wp-content\/uploads\/2021\/12\/store-768x768.jpg 768w, https:\/\/ilovepoke.it\/wp-content\/uploads\/2021\/12\/store-570x570.jpg 570w, https:\/\/ilovepoke.it\/wp-content\/uploads\/2021\/12\/store-500x500.jpg 500w, https:\/\/ilovepoke.it\/wp-content\/uploads\/2021\/12\/store-700x700.jpg 700w\" sizes=\"(max-width: 836px) 100vw, 836px\" \/><\/div>\n\t\t<\/div>\n\t<\/div>\n<\/div><\/div><\/div><\/div><\/div><\/div><div      class=\"vc_row wpb_row section vc_row-fluid  vc_custom_1640952843987\" style=' text-align:left;'><div class=\"full_section_inner clearfix\"><div class=\"wpb_column vc_column_container vc_col-sm-12\"><div class=\"vc_column-inner\"><div class=\"wpb_wrapper\"><div class=\"wpb_gmaps_widget wpb_content_element\"><div class=\"wpb_wrapper\"><div class=\"wpb_map_wraper\"><iframe src=\"https:\/\/www.google.com\/maps\/embed?pb=!1m18!1m12!1m3!1d11338.948368346239!2d8.85539825!3d44.724976950000006!2m3!1f0!2f0!3f0!3m2!1i1024!2i768!4f13.1!3m3!1m2!1s0x47875e025926e57d%3A0x737c806d7e4cbeb1!2sSerravalle%20Scrivia!5e0!3m2!1sen!2sin!4v1623148074458!5m2!1sen!2sin\" width=\"100%\" height=\"450\" style=\"border:0;\" allowfullscreen=\"\" loading=\"lazy\"><\/iframe><\/div><\/div><\/div><\/div><\/div><\/div><\/div><\/div><div      class=\"vc_row wpb_row section vc_row-fluid  bottom-two-btn vc_custom_1641196098316 grid_section\" style=' text-align:left;'><div class=\"section_inner clearfix\"><div class='section_inner_margin clearfix'><div class=\"wpb_column vc_column_container vc_col-sm-6\"><div class=\"vc_column-inner\"><div class=\"wpb_wrapper\">\n\t<div class=\"wpb_text_column wpb_content_element  more-btn-org\">\n\t\t<div class=\"wpb_wrapper\">\n\t\t\t<p><a href=\"https:\/\/ilovepoke.it\/de\/hawaiianischer-stocherkahn\/\">MEHR<br \/>\n\u00dcBER UNS<\/a><\/p>\n\n\t\t<\/div>\n\t<\/div><\/div><\/div><\/div><div class=\"wpb_column vc_column_container vc_col-sm-6\"><div class=\"vc_column-inner\"><div class=\"wpb_wrapper\">\n\t<div class=\"wpb_text_column wpb_content_element  more-btn-green\">\n\t\t<div class=\"wpb_wrapper\">\n\t\t\t<p style=\"text-align: right;\"><a href=\"https:\/\/ilovepoke.it\/de\/kompositionsschale\/\">ENTDECKEN SIE DIE<br \/>\nUNSER MEN\u00dc<\/a><\/p>\n\n\t\t<\/div>\n\t<\/div><\/div><\/div><\/div><\/div><\/div><\/div><div      class=\"vc_row wpb_row section vc_row-fluid\" style=' text-align:left;'><div class=\"full_section_inner clearfix\"><div class=\"wpb_column vc_column_container vc_col-sm-12\"><div class=\"vc_column-inner\"><div class=\"wpb_wrapper\"><\/div><\/div><\/div><\/div><\/div>\n<\/div>","protected":false},"excerpt":{"rendered":"I Love Poke Serravalle Take Away &amp; Consegna a domicilio Il miglior tasty poke hawaiano a Serravalle Il Poke a Serravalle nasce, come piatto salutare, cosiddetto healthy, dellacucina hawaiana: una ciotola di pesce crudo, riso, spezie, salse, sale marino e alghe. La ciotola di poke...","protected":false},"author":1,"featured_media":41605,"parent":0,"menu_order":0,"comment_status":"closed","ping_status":"closed","template":"full_width.php","meta":{"_acf_changed":false,"content-type":"","inline_featured_image":false,"wpupg_custom_link":[],"wpupg_custom_link_behaviour":["default"],"wpupg_custom_link_nofollow":["default"],"wpupg_custom_image":[],"wpupg_custom_image_id":[],"footnotes":""},"class_list":["post-4484","page","type-page","status-publish","has-post-thumbnail","hentry"],"acf":[],"yoast_head":"<!-- This site is optimized with the Yoast SEO Premium plugin v26.1 (Yoast SEO v27.1.1) - https:\/\/yoast.com\/product\/yoast-seo-premium-wordpress\/ -->\n<title>Poke Serravalle Hawaiian Sushi Take Away Delivery - I love Pok\u00e9<\/title>\n<meta name=\"description\" content=\"Ordina la tua poke a Serravalle, tanti ingredienti freschi e genuini per personalizzare la tua bowl, riso, pesce, verdure.\" \/>\n<meta name=\"robots\" content=\"index, follow, max-snippet:-1, max-image-preview:large, max-video-preview:-1\" \/>\n<link rel=\"canonical\" href=\"https:\/\/ilovepoke.it\/de\/i-love-poke-serravalle-3\/\" \/>\n<meta property=\"og:locale\" content=\"de_DE\" \/>\n<meta property=\"og:type\" content=\"article\" \/>\n<meta property=\"og:title\" content=\"I Love Poke Serravalle\" \/>\n<meta property=\"og:url\" content=\"https:\/\/ilovepoke.it\/de\/i-love-poke-serravalle-3\/\" \/>\n<meta property=\"og:site_name\" content=\"I love Pok\u00e9\" \/>\n<meta property=\"article:publisher\" content=\"https:\/\/www.facebook.com\/ilovepoke.official\/\" \/>\n<meta property=\"article:modified_time\" content=\"2025-10-19T11:06:20+00:00\" \/>\n<meta property=\"og:image\" content=\"https:\/\/ilovepoke.it\/wp-content\/uploads\/2025\/05\/ILovePoke-12apr22-086-66.webp\" \/>\n\t<meta property=\"og:image:width\" content=\"1350\" \/>\n\t<meta property=\"og:image:height\" content=\"1080\" \/>\n\t<meta property=\"og:image:type\" content=\"image\/webp\" \/>\n<meta name=\"twitter:card\" content=\"summary_large_image\" \/>\n<meta name=\"twitter:site\" content=\"@ilovepoke_\" \/>\n<meta name=\"twitter:label1\" content=\"Gesch\u00e4tzte Lesezeit\" \/>\n\t<meta name=\"twitter:data1\" content=\"3\u00a0Minuten\" \/>\n<script type=\"application\/ld+json\" class=\"yoast-schema-graph\">{\"@context\":\"https:\/\/schema.org\",\"@graph\":[{\"@type\":[\"Article\",\"BlogPosting\"],\"@id\":\"https:\/\/ilovepoke.it\/i-love-poke-serravalle-3\/#article\",\"isPartOf\":{\"@id\":\"https:\/\/ilovepoke.it\/i-love-poke-serravalle-3\/\"},\"author\":{\"name\":\"admin\",\"@id\":\"https:\/\/ilovepoke.it\/en\/#\/schema\/person\/4531dd6db37dd7beb4316882c8cec41d\"},\"headline\":\"I Love Poke Serravalle\",\"datePublished\":\"2021-06-08T10:22:27+00:00\",\"dateModified\":\"2025-10-19T11:06:20+00:00\",\"mainEntityOfPage\":{\"@id\":\"https:\/\/ilovepoke.it\/i-love-poke-serravalle-3\/\"},\"wordCount\":854,\"publisher\":{\"@id\":\"https:\/\/ilovepoke.it\/en\/#organization\"},\"image\":{\"@id\":\"https:\/\/ilovepoke.it\/i-love-poke-serravalle-3\/#primaryimage\"},\"thumbnailUrl\":\"https:\/\/ilovepoke.it\/wp-content\/uploads\/2025\/05\/ILovePoke-12apr22-086-66.webp\",\"inLanguage\":\"de\"},{\"@type\":\"WebPage\",\"@id\":\"https:\/\/ilovepoke.it\/i-love-poke-serravalle-3\/\",\"url\":\"https:\/\/ilovepoke.it\/i-love-poke-serravalle-3\/\",\"name\":\"Poke Serravalle Hawaiian Sushi Take Away Delivery - I love Pok\u00e9\",\"isPartOf\":{\"@id\":\"https:\/\/ilovepoke.it\/en\/#website\"},\"primaryImageOfPage\":{\"@id\":\"https:\/\/ilovepoke.it\/i-love-poke-serravalle-3\/#primaryimage\"},\"image\":{\"@id\":\"https:\/\/ilovepoke.it\/i-love-poke-serravalle-3\/#primaryimage\"},\"thumbnailUrl\":\"https:\/\/ilovepoke.it\/wp-content\/uploads\/2025\/05\/ILovePoke-12apr22-086-66.webp\",\"datePublished\":\"2021-06-08T10:22:27+00:00\",\"dateModified\":\"2025-10-19T11:06:20+00:00\",\"description\":\"Ordina la tua poke a Serravalle, tanti ingredienti freschi e genuini per personalizzare la tua bowl, riso, pesce, verdure.\",\"breadcrumb\":{\"@id\":\"https:\/\/ilovepoke.it\/i-love-poke-serravalle-3\/#breadcrumb\"},\"inLanguage\":\"de\",\"potentialAction\":[{\"@type\":\"ReadAction\",\"target\":[\"https:\/\/ilovepoke.it\/i-love-poke-serravalle-3\/\"]}]},{\"@type\":\"ImageObject\",\"inLanguage\":\"de\",\"@id\":\"https:\/\/ilovepoke.it\/i-love-poke-serravalle-3\/#primaryimage\",\"url\":\"https:\/\/ilovepoke.it\/wp-content\/uploads\/2025\/05\/ILovePoke-12apr22-086-66.webp\",\"contentUrl\":\"https:\/\/ilovepoke.it\/wp-content\/uploads\/2025\/05\/ILovePoke-12apr22-086-66.webp\",\"width\":1350,\"height\":1080,\"caption\":\"I Love Poke Serravalle\"},{\"@type\":\"BreadcrumbList\",\"@id\":\"https:\/\/ilovepoke.it\/i-love-poke-serravalle-3\/#breadcrumb\",\"itemListElement\":[{\"@type\":\"ListItem\",\"position\":1,\"name\":\"Home\",\"item\":\"https:\/\/ilovepoke.it\/\"},{\"@type\":\"ListItem\",\"position\":2,\"name\":\"I Love Poke Serravalle\"}]},{\"@type\":\"WebSite\",\"@id\":\"https:\/\/ilovepoke.it\/en\/#website\",\"url\":\"https:\/\/ilovepoke.it\/en\/\",\"name\":\"I love Poke\",\"description\":\"Poke love. Riso nero, salmone, tonno, arancia e finocchio, alghe wakame, edamame, cavolo rosso, carote, melagrana, sesamo, salsa guacamole e soya.\",\"publisher\":{\"@id\":\"https:\/\/ilovepoke.it\/en\/#organization\"},\"potentialAction\":[{\"@type\":\"SearchAction\",\"target\":{\"@type\":\"EntryPoint\",\"urlTemplate\":\"https:\/\/ilovepoke.it\/en\/?s={search_term_string}\"},\"query-input\":{\"@type\":\"PropertyValueSpecification\",\"valueRequired\":true,\"valueName\":\"search_term_string\"}}],\"inLanguage\":\"de\"},{\"@type\":\"Organization\",\"@id\":\"https:\/\/ilovepoke.it\/en\/#organization\",\"name\":\"I Love Poke\",\"url\":\"https:\/\/ilovepoke.it\/en\/\",\"logo\":{\"@type\":\"ImageObject\",\"inLanguage\":\"de\",\"@id\":\"https:\/\/ilovepoke.it\/en\/#\/schema\/logo\/image\/\",\"url\":\"https:\/\/ilovepoke.it\/wp-content\/uploads\/2021\/02\/ilovepoke_logo_verde-rosa-bianco-2.png\",\"contentUrl\":\"https:\/\/ilovepoke.it\/wp-content\/uploads\/2021\/02\/ilovepoke_logo_verde-rosa-bianco-2.png\",\"width\":500,\"height\":224,\"caption\":\"I Love Poke\"},\"image\":{\"@id\":\"https:\/\/ilovepoke.it\/en\/#\/schema\/logo\/image\/\"},\"sameAs\":[\"https:\/\/www.facebook.com\/ilovepoke.official\/\",\"https:\/\/x.com\/ilovepoke_\",\"https:\/\/www.instagram.com\/ilovepoke.official\/\"]},{\"@type\":\"Person\",\"@id\":\"https:\/\/ilovepoke.it\/en\/#\/schema\/person\/4531dd6db37dd7beb4316882c8cec41d\",\"name\":\"admin\",\"image\":{\"@type\":\"ImageObject\",\"inLanguage\":\"de\",\"@id\":\"https:\/\/ilovepoke.it\/en\/#\/schema\/person\/image\/\",\"url\":\"https:\/\/secure.gravatar.com\/avatar\/0c2e032b23081d10a7afe506d6ff8c7fcac9dec713eb1b948486fd2d373664c2?s=96&d=mm&r=g\",\"contentUrl\":\"https:\/\/secure.gravatar.com\/avatar\/0c2e032b23081d10a7afe506d6ff8c7fcac9dec713eb1b948486fd2d373664c2?s=96&d=mm&r=g\",\"caption\":\"admin\"},\"sameAs\":[\"https:\/\/ilovepoke.it\"],\"url\":\"https:\/\/ilovepoke.it\/de\/author\/admin\/\"}]}<\/script>\n<!-- \/ Yoast SEO Premium plugin. -->","yoast_head_json":{"title":"Poke Serravalle Hawaiian Sushi Take Away Delivery - Ich liebe Pok\u00e9","description":"Bestellen Sie Ihr Poke in Serravalle, mit vielen frischen und unverf\u00e4lschten Zutaten, um Ihre Sch\u00fcssel individuell zu gestalten, Reis, Fisch, Gem\u00fcse.","robots":{"index":"index","follow":"follow","max-snippet":"max-snippet:-1","max-image-preview":"max-image-preview:large","max-video-preview":"max-video-preview:-1"},"canonical":"https:\/\/ilovepoke.it\/de\/i-love-poke-serravalle-3\/","og_locale":"de_DE","og_type":"article","og_title":"I Love Poke Serravalle","og_url":"https:\/\/ilovepoke.it\/de\/i-love-poke-serravalle-3\/","og_site_name":"I love Pok\u00e9","article_publisher":"https:\/\/www.facebook.com\/ilovepoke.official\/","article_modified_time":"2025-10-19T11:06:20+00:00","og_image":[{"width":1350,"height":1080,"url":"https:\/\/ilovepoke.it\/wp-content\/uploads\/2025\/05\/ILovePoke-12apr22-086-66.webp","type":"image\/webp"}],"twitter_card":"summary_large_image","twitter_site":"@ilovepoke_","twitter_misc":{"Gesch\u00e4tzte Lesezeit":"3\u00a0Minuten"},"schema":{"@context":"https:\/\/schema.org","@graph":[{"@type":["Article","BlogPosting"],"@id":"https:\/\/ilovepoke.it\/i-love-poke-serravalle-3\/#article","isPartOf":{"@id":"https:\/\/ilovepoke.it\/i-love-poke-serravalle-3\/"},"author":{"name":"admin","@id":"https:\/\/ilovepoke.it\/en\/#\/schema\/person\/4531dd6db37dd7beb4316882c8cec41d"},"headline":"I Love Poke Serravalle","datePublished":"2021-06-08T10:22:27+00:00","dateModified":"2025-10-19T11:06:20+00:00","mainEntityOfPage":{"@id":"https:\/\/ilovepoke.it\/i-love-poke-serravalle-3\/"},"wordCount":854,"publisher":{"@id":"https:\/\/ilovepoke.it\/en\/#organization"},"image":{"@id":"https:\/\/ilovepoke.it\/i-love-poke-serravalle-3\/#primaryimage"},"thumbnailUrl":"https:\/\/ilovepoke.it\/wp-content\/uploads\/2025\/05\/ILovePoke-12apr22-086-66.webp","inLanguage":"de"},{"@type":"WebPage","@id":"https:\/\/ilovepoke.it\/i-love-poke-serravalle-3\/","url":"https:\/\/ilovepoke.it\/i-love-poke-serravalle-3\/","name":"Poke Serravalle Hawaiian Sushi Take Away Delivery - Ich liebe Pok\u00e9","isPartOf":{"@id":"https:\/\/ilovepoke.it\/en\/#website"},"primaryImageOfPage":{"@id":"https:\/\/ilovepoke.it\/i-love-poke-serravalle-3\/#primaryimage"},"image":{"@id":"https:\/\/ilovepoke.it\/i-love-poke-serravalle-3\/#primaryimage"},"thumbnailUrl":"https:\/\/ilovepoke.it\/wp-content\/uploads\/2025\/05\/ILovePoke-12apr22-086-66.webp","datePublished":"2021-06-08T10:22:27+00:00","dateModified":"2025-10-19T11:06:20+00:00","description":"Bestellen Sie Ihr Poke in Serravalle, mit vielen frischen und unverf\u00e4lschten Zutaten, um Ihre Sch\u00fcssel individuell zu gestalten, Reis, Fisch, Gem\u00fcse.","breadcrumb":{"@id":"https:\/\/ilovepoke.it\/i-love-poke-serravalle-3\/#breadcrumb"},"inLanguage":"de","potentialAction":[{"@type":"ReadAction","target":["https:\/\/ilovepoke.it\/i-love-poke-serravalle-3\/"]}]},{"@type":"ImageObject","inLanguage":"de","@id":"https:\/\/ilovepoke.it\/i-love-poke-serravalle-3\/#primaryimage","url":"https:\/\/ilovepoke.it\/wp-content\/uploads\/2025\/05\/ILovePoke-12apr22-086-66.webp","contentUrl":"https:\/\/ilovepoke.it\/wp-content\/uploads\/2025\/05\/ILovePoke-12apr22-086-66.webp","width":1350,"height":1080,"caption":"I Love Poke Serravalle"},{"@type":"BreadcrumbList","@id":"https:\/\/ilovepoke.it\/i-love-poke-serravalle-3\/#breadcrumb","itemListElement":[{"@type":"ListItem","position":1,"name":"Home","item":"https:\/\/ilovepoke.it\/"},{"@type":"ListItem","position":2,"name":"I Love Poke Serravalle"}]},{"@type":"WebSite","@id":"https:\/\/ilovepoke.it\/en\/#website","url":"https:\/\/ilovepoke.it\/en\/","name":"Ich liebe Poke","description":"Poke Liebe. Schwarzer Reis, Lachs, Thunfisch, Orange und Fenchel, Wakame-Algen, Edamame, Rotkohl, Karotten, Granatapfel, Sesam, Guacamole-Sauce und Soja.","publisher":{"@id":"https:\/\/ilovepoke.it\/en\/#organization"},"potentialAction":[{"@type":"SearchAction","target":{"@type":"EntryPoint","urlTemplate":"https:\/\/ilovepoke.it\/en\/?s={search_term_string}"},"query-input":{"@type":"PropertyValueSpecification","valueRequired":true,"valueName":"search_term_string"}}],"inLanguage":"de"},{"@type":"Organization","@id":"https:\/\/ilovepoke.it\/en\/#organization","name":"Ich liebe Koks","url":"https:\/\/ilovepoke.it\/en\/","logo":{"@type":"ImageObject","inLanguage":"de","@id":"https:\/\/ilovepoke.it\/en\/#\/schema\/logo\/image\/","url":"https:\/\/ilovepoke.it\/wp-content\/uploads\/2021\/02\/ilovepoke_logo_verde-rosa-bianco-2.png","contentUrl":"https:\/\/ilovepoke.it\/wp-content\/uploads\/2021\/02\/ilovepoke_logo_verde-rosa-bianco-2.png","width":500,"height":224,"caption":"I Love Poke"},"image":{"@id":"https:\/\/ilovepoke.it\/en\/#\/schema\/logo\/image\/"},"sameAs":["https:\/\/www.facebook.com\/ilovepoke.official\/","https:\/\/x.com\/ilovepoke_","https:\/\/www.instagram.com\/ilovepoke.official\/"]},{"@type":"Person","@id":"https:\/\/ilovepoke.it\/en\/#\/schema\/person\/4531dd6db37dd7beb4316882c8cec41d","name":"admin","image":{"@type":"ImageObject","inLanguage":"de","@id":"https:\/\/ilovepoke.it\/en\/#\/schema\/person\/image\/","url":"https:\/\/secure.gravatar.com\/avatar\/0c2e032b23081d10a7afe506d6ff8c7fcac9dec713eb1b948486fd2d373664c2?s=96&d=mm&r=g","contentUrl":"https:\/\/secure.gravatar.com\/avatar\/0c2e032b23081d10a7afe506d6ff8c7fcac9dec713eb1b948486fd2d373664c2?s=96&d=mm&r=g","caption":"admin"},"sameAs":["https:\/\/ilovepoke.it"],"url":"https:\/\/ilovepoke.it\/de\/author\/admin\/"}]}},"_links":{"self":[{"href":"https:\/\/ilovepoke.it\/de\/wp-json\/wp\/v2\/pages\/4484","targetHints":{"allow":["GET"]}}],"collection":[{"href":"https:\/\/ilovepoke.it\/de\/wp-json\/wp\/v2\/pages"}],"about":[{"href":"https:\/\/ilovepoke.it\/de\/wp-json\/wp\/v2\/types\/page"}],"author":[{"embeddable":true,"href":"https:\/\/ilovepoke.it\/de\/wp-json\/wp\/v2\/users\/1"}],"replies":[{"embeddable":true,"href":"https:\/\/ilovepoke.it\/de\/wp-json\/wp\/v2\/comments?post=4484"}],"version-history":[{"count":1,"href":"https:\/\/ilovepoke.it\/de\/wp-json\/wp\/v2\/pages\/4484\/revisions"}],"predecessor-version":[{"id":900205,"href":"https:\/\/ilovepoke.it\/de\/wp-json\/wp\/v2\/pages\/4484\/revisions\/900205"}],"wp:featuredmedia":[{"embeddable":true,"href":"https:\/\/ilovepoke.it\/de\/wp-json\/wp\/v2\/media\/41605"}],"wp:attachment":[{"href":"https:\/\/ilovepoke.it\/de\/wp-json\/wp\/v2\/media?parent=4484"}],"curies":[{"name":"wp","href":"https:\/\/api.w.org\/{rel}","templated":true}]}}