{"id":5267,"date":"2021-09-16T10:31:47","date_gmt":"2021-09-16T08:31:47","guid":{"rendered":"https:\/\/ilovepoke.it\/?page_id=5267"},"modified":"2025-10-19T14:27:36","modified_gmt":"2025-10-19T12:27:36","slug":"franchising","status":"publish","type":"page","link":"https:\/\/ilovepoke.it\/de\/franchising\/","title":{"rendered":"Franchising"},"content":{"rendered":"<div class=\"wpb-content-wrapper\"><div      class=\"vc_row wpb_row section vc_row-fluid  chisiamoh2_hndngs vc_custom_1633781251978 grid_section\" style=' text-align:left;'><div class=\"section_inner clearfix\"><div class='section_inner_margin clearfix'><div class=\"wpb_column vc_column_container vc_col-sm-6\"><div class=\"vc_column-inner vc_custom_1633523207537\"><div class=\"wpb_wrapper\">\n\t<div class=\"wpb_text_column wpb_content_element  entra_nel_poke vc_custom_1634641830715\">\n\t\t<div class=\"wpb_wrapper\">\n\t\t\t<h2>BETEILIGEN SIE SICH AM I LOVE POKE-PROJEKT<\/h2>\n\n\t\t<\/div>\n\t<\/div>\n\t<div class=\"wpb_text_column wpb_content_element  i_love_poke\">\n\t\t<div class=\"wpb_wrapper\">\n\t\t\t<p><a href=\"https:\/\/ilovepoke.it\/de\/menu\/\">ICH LIEBE<\/a> <a href=\"https:\/\/ilovepoke.it\/de\/arten-von-stopseln-alles-was-sie-wissen-mussen\/\">POKE<\/a> ist nicht nur ein Poke-Restaurant, es ist auch ein <strong>frisches und gestrafftes Format<\/strong> F\u00f6rderung eines gesunden Lebensstils. Wir legen gro\u00dfen Wert auf die Qualit\u00e4t unserer Produkte, das Wohlbefinden unserer Mitarbeiter und vor allem auf die Zufriedenheit unserer Kunden. <strong>I LOVE POKE ist ein innovatives, gesundes Fast Food<\/strong>die die Ern\u00e4hrungsgewohnheiten der Menschen ver\u00e4ndert hat.<\/p>\n<p>Wenn Sie sich an unserem Erweiterungsprojekt beteiligen m\u00f6chten,<strong> Erz\u00e4hlen Sie uns mehr \u00fcber sich in diesem Formular<\/strong>bei Interesse melden wir uns bei Ihnen zur\u00fcck!<\/p>\n\n\t\t<\/div>\n\t<\/div><\/div><\/div><\/div><div class=\"wpb_column vc_column_container vc_col-sm-6 vc_col-has-fill\"><div class=\"vc_column-inner vc_custom_1634226907614\"><div class=\"wpb_wrapper\">\n\t<div class=\"wpb_single_image wpb_content_element vc_align_right\">\n\t\t<div class=\"wpb_wrapper\">\n\t\t\t\n\t\t\t<div class=\"vc_single_image-wrapper   vc_box_border_grey\"><img fetchpriority=\"high\" decoding=\"async\" width=\"1024\" height=\"768\" src=\"https:\/\/ilovepoke.it\/wp-content\/uploads\/2021\/10\/I-LOVE-POKE-2.jpg\" class=\"vc_single_image-img attachment-full\" alt=\"\" title=\"ICH LIEBE KOKS - 2\" srcset=\"https:\/\/ilovepoke.it\/wp-content\/uploads\/2021\/10\/I-LOVE-POKE-2.jpg 1024w, https:\/\/ilovepoke.it\/wp-content\/uploads\/2021\/10\/I-LOVE-POKE-2-300x225.jpg 300w, https:\/\/ilovepoke.it\/wp-content\/uploads\/2021\/10\/I-LOVE-POKE-2-768x576.jpg 768w, https:\/\/ilovepoke.it\/wp-content\/uploads\/2021\/10\/I-LOVE-POKE-2-800x600.jpg 800w, https:\/\/ilovepoke.it\/wp-content\/uploads\/2021\/10\/I-LOVE-POKE-2-700x525.jpg 700w\" sizes=\"(max-width: 1024px) 100vw, 1024px\" \/><\/div>\n\t\t<\/div>\n\t<\/div>\n<\/div><\/div><\/div><\/div><\/div><\/div><div      class=\"vc_row wpb_row section vc_row-fluid  fransice_space\" style=' text-align:left;'><div class=\"full_section_inner clearfix\"><div class=\"wpb_column vc_column_container vc_col-sm-12\"><div class=\"vc_column-inner\"><div class=\"wpb_wrapper\"><div class=\"vc_empty_space\"  style=\"height: 52px\" >\n\t<span class=\"vc_empty_space_inner\">\n\t\t<span class=\"empty_space_image\"  ><\/span>\n\t<\/span>\n<\/div><\/div><\/div><\/div><\/div><\/div><div      class=\"vc_row wpb_row section vc_row-fluid  grid_section\" style=' text-align:left;'><div class=\"section_inner clearfix\"><div class='section_inner_margin clearfix'><div class=\"wpb_column vc_column_container vc_col-sm-12\"><div class=\"vc_column-inner\"><div class=\"wpb_wrapper\">\n\t<div class=\"wpb_text_column wpb_content_element  vc_custom_1633584330949\">\n\t\t<div class=\"wpb_wrapper\">\n\t\t\t\n<div class=\"wpcf7 no-js\" id=\"wpcf7-f5278-o1\" lang=\"it-IT\" dir=\"ltr\" data-wpcf7-id=\"5278\">\n<div class=\"screen-reader-response\"><p role=\"status\" aria-live=\"polite\" aria-atomic=\"true\"><\/p> <ul><\/ul><\/div>\n<form action=\"\/de\/wp-json\/wp\/v2\/pages\/5267#wpcf7-f5278-o1\" method=\"post\" class=\"wpcf7-form init 2a194d3b1667 cmatic-disconn cmatic-aud-0 cmatic-mapd0-0 cmatic-v0978 cmatic-sent-0 cmatic-total-0\" aria-label=\"Kontakt-Formular\" novalidate=\"novalidate\" data-status=\"init\" data-trp-original-action=\"\/de\/wp-json\/wp\/v2\/pages\/5267#wpcf7-f5278-o1\">\n<fieldset class=\"hidden-fields-container\"><input type=\"hidden\" name=\"_wpcf7\" value=\"5278\" \/><input type=\"hidden\" name=\"_wpcf7_version\" value=\"6.1.5\" \/><input type=\"hidden\" name=\"_wpcf7_locale\" value=\"it_IT\" \/><input type=\"hidden\" name=\"_wpcf7_unit_tag\" value=\"wpcf7-f5278-o1\" \/><input type=\"hidden\" name=\"_wpcf7_container_post\" value=\"0\" \/><input type=\"hidden\" name=\"_wpcf7_posted_data_hash\" value=\"\" \/><input type=\"hidden\" name=\"redirect_nonce\" value=\"fe379010fe\" \/><input type=\"hidden\" name=\"wpcf7cfpdf_hidden_name\" value=\"document-pdf\" \/><input type=\"hidden\" name=\"wpcf7cfpdf_hidden_reference\" value=\"a11e7059\" \/><input type=\"hidden\" name=\"wpcf7cfpdf_hidden_date\" value=\"04222026\" \/>\n<\/fieldset>\n<div class=\"poke-family\">\n<div class=\"pokefamily-main\">\n<div class=\"maincol-left\">\n<p><label>Vorname und Nachname<\/label>\n    <span class=\"wpcf7-form-control-wrap\" data-name=\"your-name\"><input size=\"40\" maxlength=\"400\" class=\"wpcf7-form-control wpcf7-text wpcf7-validates-as-required\" aria-required=\"true\" aria-invalid=\"false\" value=\"\" type=\"text\" name=\"your-name\" \/><\/span> <\/p>\n<\/div>\n<\/div>\n<div class=\"pokefamily-main\">\n<div class=\"maincol-left\">\n<p><label>Telefon<\/label>\n<span class=\"wpcf7-form-control-wrap\" data-name=\"telephone\"><input size=\"40\" maxlength=\"400\" class=\"wpcf7-form-control wpcf7-tel wpcf7-validates-as-required wpcf7-text wpcf7-validates-as-tel\" aria-required=\"true\" aria-invalid=\"false\" value=\"\" type=\"tel\" name=\"telephone\" \/><\/span><\/p>\n<\/div>\n<div class=\"maincol-right\">\n<p><label> E-Mail<\/label>\n    <span class=\"wpcf7-form-control-wrap\" data-name=\"your-email\"><input size=\"40\" maxlength=\"400\" class=\"wpcf7-form-control wpcf7-email wpcf7-validates-as-required wpcf7-text wpcf7-validates-as-email\" aria-required=\"true\" aria-invalid=\"false\" value=\"\" type=\"email\" name=\"your-email\" \/><\/span> <\/p>\n<\/div>\n<\/div>\n<label>Wo w\u00fcrden Sie gerne ein Franchiseunternehmen er\u00f6ffnen?<\/label>\n <span class=\"wpcf7-form-control-wrap\" data-name=\"Dove-vorresti\"><input size=\"40\" maxlength=\"400\" class=\"wpcf7-form-control wpcf7-text wpcf7-validates-as-required\" aria-required=\"true\" aria-invalid=\"false\" value=\"\" type=\"text\" name=\"Dove-vorresti\" \/><\/span>\n\n<label>Haben Sie bereits eine Vorstellung davon, wie viel Sie investieren m\u00f6chten?<\/label>\n<span class=\"wpcf7-form-control-wrap\" data-name=\"checkbox-248\"><span class=\"wpcf7-form-control wpcf7-checkbox wpcf7-validates-as-required\"><span class=\"wpcf7-list-item first\"><label><input type=\"checkbox\" name=\"checkbox-248[]\" value=\"0-50 k\" \/><span class=\"wpcf7-list-item-label\">0-50 k<\/span><\/label><\/span><span class=\"wpcf7-list-item\"><label><input type=\"checkbox\" name=\"checkbox-248[]\" value=\"50-150 k\" \/><span class=\"wpcf7-list-item-label\">50-150 k<\/span><\/label><\/span><span class=\"wpcf7-list-item\"><label><input type=\"checkbox\" name=\"checkbox-248[]\" value=\"150-250 k\" \/><span class=\"wpcf7-list-item-label\">150-250 k<\/span><\/label><\/span><span class=\"wpcf7-list-item last\"><label><input type=\"checkbox\" name=\"checkbox-248[]\" value=\"Oltre\" \/><span class=\"wpcf7-list-item-label\">Jenseits von<\/span><\/label><\/span><\/span><\/span>\n\n<label>Haben Sie bereits ein Franchise-Gesch\u00e4ft\/Restaurant er\u00f6ffnet? <\/label>\n   <span class=\"wpcf7-form-control-wrap\" data-name=\"checkbox-510\"><span class=\"wpcf7-form-control wpcf7-checkbox wpcf7-validates-as-required\"><span class=\"wpcf7-list-item first\"><label><input type=\"checkbox\" name=\"checkbox-510[]\" value=\"Si\" \/><span class=\"wpcf7-list-item-label\">Ja<\/span><\/label><\/span><span class=\"wpcf7-list-item last\"><label><input type=\"checkbox\" name=\"checkbox-510[]\" value=\"No\" \/><span class=\"wpcf7-list-item-label\">Nein<\/span><\/label><\/span><\/span><\/span>\n\n<label> Wenn Sie angeben, welche!<\/label>\n<span class=\"wpcf7-form-control-wrap\" data-name=\"textarea-248\"><textarea cols=\"40\" rows=\"10\" maxlength=\"2000\" class=\"wpcf7-form-control wpcf7-textarea\" aria-invalid=\"false\" name=\"textarea-248\"><\/textarea><\/span>\n\n<label> Ich habe die<a href=\"https:\/\/ilovepoke.it\/privacy-form\/form-privacy.pdf\" style=\"color:#e1657f\" target=\"new\"><u>Offenlegung<\/u><\/a> \u00fcber die Verarbeitung meiner pers\u00f6nlichen Daten <\/label>\n<span class=\"wpcf7-form-control-wrap\" data-name=\"checkbox-lat\"><span class=\"wpcf7-form-control wpcf7-checkbox wpcf7-validates-as-required\"><span class=\"wpcf7-list-item first\"><label><input type=\"checkbox\" name=\"checkbox-lat[]\" value=\"Si\" \/><span class=\"wpcf7-list-item-label\">Ja<\/span><\/label><\/span><span class=\"wpcf7-list-item last\"><label><input type=\"checkbox\" name=\"checkbox-lat[]\" value=\"No\" \/><span class=\"wpcf7-list-item-label\">Nein<\/span><\/label><\/span><\/span><\/span>\n\n<input class=\"wpcf7-form-control wpcf7-submit has-spinner\" type=\"submit\" value=\"Formular abschicken\" \/>\n<\/div><input type='hidden' class='wpcf7-pum' value='{\"closepopup\":false,\"closedelay\":0,\"openpopup\":false,\"openpopup_id\":0}' \/><div class=\"wpcf7-response-output\" aria-hidden=\"true\"><\/div>\n<input type=\"hidden\" name=\"trp-form-language\" value=\"de\"\/><\/form>\n<\/div>\n\n\n\t\t<\/div>\n\t<\/div><\/div><\/div><\/div><\/div><\/div><\/div><div      class=\"vc_row wpb_row section vc_row-fluid\" style=' text-align:left;'><div class=\"full_section_inner clearfix\"><div class=\"wpb_column vc_column_container vc_col-sm-12\"><div class=\"vc_column-inner\"><div class=\"wpb_wrapper\"><div class=\"vc_empty_space\"  style=\"height: 52px\" >\n\t<span class=\"vc_empty_space_inner\">\n\t\t<span class=\"empty_space_image\"  ><\/span>\n\t<\/span>\n<\/div><\/div><\/div><\/div><\/div><\/div><div      class=\"vc_row wpb_row section vc_row-fluid  btm-sectn-btns vc_custom_1634816545223 grid_section\" style=' text-align:left;'><div class=\"section_inner clearfix\"><div class='section_inner_margin clearfix'><div class=\"wpb_column vc_column_container vc_col-sm-6\" id=\"left-btn-brdr-txt\"><div class=\"vc_column-inner\"><div class=\"wpb_wrapper\">\n\t<div class=\"wpb_text_column wpb_content_element  vc_custom_1634019598034\">\n\t\t<div class=\"wpb_wrapper\">\n\t\t\t<h2>Mehr \u00fcber uns<\/h2>\n\n\t\t<\/div>\n\t<\/div><\/div><\/div><\/div><div class=\"wpb_column vc_column_container vc_col-sm-6\" id=\"right-btn-brdr-txt\"><div class=\"vc_column-inner\"><div class=\"wpb_wrapper\">\n\t<div class=\"wpb_text_column wpb_content_element  vc_custom_1634019615602\">\n\t\t<div class=\"wpb_wrapper\">\n\t\t\t<h2>ENTDECKEN SIE DIE<br \/>\nUNSER MEN\u00dc<\/h2>\n\n\t\t<\/div>\n\t<\/div><\/div><\/div><\/div><\/div><\/div><\/div><div      class=\"vc_row wpb_row section vc_row-fluid\" style=' text-align:left;'><div class=\"full_section_inner clearfix\"><div class=\"wpb_column vc_column_container vc_col-sm-12\"><div class=\"vc_column-inner\"><div class=\"wpb_wrapper\">\n\t<div class=\"wpb_raw_code wpb_raw_html wpb_content_element\" >\n\t\t<div class=\"wpb_wrapper\">\n\t\t\t<script>\njQuery( document ).ready(function() {\njQuery('div#left-btn-brdr-txt').html('<a href=\"https:\/\/ilovepoke.it\/press\/\"><h2>More About Us<\/h2><\/a>');\njQuery('div#right-btn-brdr-txt').html('<a href=\"https:\/\/ilovepoke.it\/componi-bowl\/\"><h2>SCOPRI IL<br> NOSTRO MENU<\/h2><\/a>');\n});\n<\/script>\n\t\t<\/div>\n\t<\/div>\n<\/div><\/div><\/div><\/div><\/div>\n<\/div>","protected":false},"excerpt":{"rendered":"ENTER THE I LOVE POKE PROJECT I LOVE POKE ist nicht nur ein Poke-Restaurant, sondern auch ein frisches und schlankes Format, das einen gesunden Lebensstil f\u00f6rdert. Wir legen gro\u00dfen Wert auf die Qualit\u00e4t der Produkte, das Wohlbefinden unserer Mitarbeiter und vor allem...","protected":false},"author":1,"featured_media":0,"parent":0,"menu_order":0,"comment_status":"closed","ping_status":"closed","template":"full_width.php","meta":{"_acf_changed":false,"content-type":"","inline_featured_image":false,"wpupg_custom_link":[],"wpupg_custom_link_behaviour":[],"wpupg_custom_link_nofollow":[],"wpupg_custom_image":[],"wpupg_custom_image_id":[],"footnotes":""},"class_list":["post-5267","page","type-page","status-publish","hentry"],"acf":[],"yoast_head":"<!-- This site is optimized with the Yoast SEO Premium plugin v26.1 (Yoast SEO v27.1.1) - https:\/\/yoast.com\/product\/yoast-seo-premium-wordpress\/ -->\n<title>Franchising Poke format fresco e snello - I love Pok\u00e9<\/title>\n<meta name=\"description\" content=\"I LOVE POKE \u00e8 una realt\u00e0 di fast food healthy innovativa, che ha cambiato il modo di alimentarsi delle persone.\" \/>\n<meta name=\"robots\" content=\"index, follow, max-snippet:-1, max-image-preview:large, max-video-preview:-1\" \/>\n<link rel=\"canonical\" href=\"https:\/\/ilovepoke.it\/de\/franchising\/\" \/>\n<meta property=\"og:locale\" content=\"de_DE\" \/>\n<meta property=\"og:type\" content=\"article\" \/>\n<meta property=\"og:title\" content=\"Franchising\" \/>\n<meta property=\"og:url\" content=\"https:\/\/ilovepoke.it\/de\/franchising\/\" \/>\n<meta property=\"og:site_name\" content=\"I love Pok\u00e9\" \/>\n<meta property=\"article:publisher\" content=\"https:\/\/www.facebook.com\/ilovepoke.official\/\" \/>\n<meta property=\"article:modified_time\" content=\"2025-10-19T12:27:36+00:00\" \/>\n<meta property=\"og:image\" content=\"https:\/\/ilovepoke.it\/wp-content\/uploads\/2022\/11\/image-2.jpg\" \/>\n\t<meta property=\"og:image:width\" content=\"626\" \/>\n\t<meta property=\"og:image:height\" content=\"604\" \/>\n\t<meta property=\"og:image:type\" content=\"image\/jpeg\" \/>\n<meta name=\"twitter:card\" content=\"summary_large_image\" \/>\n<meta name=\"twitter:site\" content=\"@ilovepoke_\" \/>\n<meta name=\"twitter:label1\" content=\"Gesch\u00e4tzte Lesezeit\" \/>\n\t<meta name=\"twitter:data1\" content=\"1\u00a0Minute\" \/>\n<script type=\"application\/ld+json\" class=\"yoast-schema-graph\">{\"@context\":\"https:\/\/schema.org\",\"@graph\":[{\"@type\":[\"Article\",\"BlogPosting\"],\"@id\":\"https:\/\/ilovepoke.it\/franchising\/#article\",\"isPartOf\":{\"@id\":\"https:\/\/ilovepoke.it\/franchising\/\"},\"author\":{\"name\":\"admin\",\"@id\":\"https:\/\/ilovepoke.it\/en\/#\/schema\/person\/4531dd6db37dd7beb4316882c8cec41d\"},\"headline\":\"Franchising\",\"datePublished\":\"2021-09-16T08:31:47+00:00\",\"dateModified\":\"2025-10-19T12:27:36+00:00\",\"mainEntityOfPage\":{\"@id\":\"https:\/\/ilovepoke.it\/franchising\/\"},\"wordCount\":532,\"publisher\":{\"@id\":\"https:\/\/ilovepoke.it\/en\/#organization\"},\"inLanguage\":\"de\"},{\"@type\":\"WebPage\",\"@id\":\"https:\/\/ilovepoke.it\/franchising\/\",\"url\":\"https:\/\/ilovepoke.it\/franchising\/\",\"name\":\"Franchising Poke format fresco e snello - I love Pok\u00e9\",\"isPartOf\":{\"@id\":\"https:\/\/ilovepoke.it\/en\/#website\"},\"datePublished\":\"2021-09-16T08:31:47+00:00\",\"dateModified\":\"2025-10-19T12:27:36+00:00\",\"description\":\"I LOVE POKE \u00e8 una realt\u00e0 di fast food healthy innovativa, che ha cambiato il modo di alimentarsi delle persone.\",\"breadcrumb\":{\"@id\":\"https:\/\/ilovepoke.it\/franchising\/#breadcrumb\"},\"inLanguage\":\"de\",\"potentialAction\":[{\"@type\":\"ReadAction\",\"target\":[\"https:\/\/ilovepoke.it\/franchising\/\"]}]},{\"@type\":\"BreadcrumbList\",\"@id\":\"https:\/\/ilovepoke.it\/franchising\/#breadcrumb\",\"itemListElement\":[{\"@type\":\"ListItem\",\"position\":1,\"name\":\"Home\",\"item\":\"https:\/\/ilovepoke.it\/\"},{\"@type\":\"ListItem\",\"position\":2,\"name\":\"Franchising\"}]},{\"@type\":\"WebSite\",\"@id\":\"https:\/\/ilovepoke.it\/en\/#website\",\"url\":\"https:\/\/ilovepoke.it\/en\/\",\"name\":\"I love Poke\",\"description\":\"Poke love. Riso nero, salmone, tonno, arancia e finocchio, alghe wakame, edamame, cavolo rosso, carote, melagrana, sesamo, salsa guacamole e soya.\",\"publisher\":{\"@id\":\"https:\/\/ilovepoke.it\/en\/#organization\"},\"potentialAction\":[{\"@type\":\"SearchAction\",\"target\":{\"@type\":\"EntryPoint\",\"urlTemplate\":\"https:\/\/ilovepoke.it\/en\/?s={search_term_string}\"},\"query-input\":{\"@type\":\"PropertyValueSpecification\",\"valueRequired\":true,\"valueName\":\"search_term_string\"}}],\"inLanguage\":\"de\"},{\"@type\":\"Organization\",\"@id\":\"https:\/\/ilovepoke.it\/en\/#organization\",\"name\":\"I Love Poke\",\"url\":\"https:\/\/ilovepoke.it\/en\/\",\"logo\":{\"@type\":\"ImageObject\",\"inLanguage\":\"de\",\"@id\":\"https:\/\/ilovepoke.it\/en\/#\/schema\/logo\/image\/\",\"url\":\"https:\/\/ilovepoke.it\/wp-content\/uploads\/2021\/02\/ilovepoke_logo_verde-rosa-bianco-2.png\",\"contentUrl\":\"https:\/\/ilovepoke.it\/wp-content\/uploads\/2021\/02\/ilovepoke_logo_verde-rosa-bianco-2.png\",\"width\":500,\"height\":224,\"caption\":\"I Love Poke\"},\"image\":{\"@id\":\"https:\/\/ilovepoke.it\/en\/#\/schema\/logo\/image\/\"},\"sameAs\":[\"https:\/\/www.facebook.com\/ilovepoke.official\/\",\"https:\/\/x.com\/ilovepoke_\",\"https:\/\/www.instagram.com\/ilovepoke.official\/\"]},{\"@type\":\"Person\",\"@id\":\"https:\/\/ilovepoke.it\/en\/#\/schema\/person\/4531dd6db37dd7beb4316882c8cec41d\",\"name\":\"admin\",\"image\":{\"@type\":\"ImageObject\",\"inLanguage\":\"de\",\"@id\":\"https:\/\/ilovepoke.it\/en\/#\/schema\/person\/image\/\",\"url\":\"https:\/\/secure.gravatar.com\/avatar\/0c2e032b23081d10a7afe506d6ff8c7fcac9dec713eb1b948486fd2d373664c2?s=96&d=mm&r=g\",\"contentUrl\":\"https:\/\/secure.gravatar.com\/avatar\/0c2e032b23081d10a7afe506d6ff8c7fcac9dec713eb1b948486fd2d373664c2?s=96&d=mm&r=g\",\"caption\":\"admin\"},\"sameAs\":[\"https:\/\/ilovepoke.it\"],\"url\":\"https:\/\/ilovepoke.it\/de\/author\/admin\/\"}]}<\/script>\n<!-- \/ Yoast SEO Premium plugin. -->","yoast_head_json":{"title":"Franchising Poke frisches und schlankes Format - Ich liebe Pok\u00e9","description":"I LOVE POKE ist ein innovatives Unternehmen f\u00fcr gesundes Fast Food, das die Art und Weise, wie Menschen essen, ver\u00e4ndert hat.","robots":{"index":"index","follow":"follow","max-snippet":"max-snippet:-1","max-image-preview":"max-image-preview:large","max-video-preview":"max-video-preview:-1"},"canonical":"https:\/\/ilovepoke.it\/de\/franchising\/","og_locale":"de_DE","og_type":"article","og_title":"Franchising","og_url":"https:\/\/ilovepoke.it\/de\/franchising\/","og_site_name":"I love Pok\u00e9","article_publisher":"https:\/\/www.facebook.com\/ilovepoke.official\/","article_modified_time":"2025-10-19T12:27:36+00:00","og_image":[{"width":626,"height":604,"url":"https:\/\/ilovepoke.it\/wp-content\/uploads\/2022\/11\/image-2.jpg","type":"image\/jpeg"}],"twitter_card":"summary_large_image","twitter_site":"@ilovepoke_","twitter_misc":{"Gesch\u00e4tzte Lesezeit":"1\u00a0Minute"},"schema":{"@context":"https:\/\/schema.org","@graph":[{"@type":["Article","BlogPosting"],"@id":"https:\/\/ilovepoke.it\/franchising\/#article","isPartOf":{"@id":"https:\/\/ilovepoke.it\/franchising\/"},"author":{"name":"admin","@id":"https:\/\/ilovepoke.it\/en\/#\/schema\/person\/4531dd6db37dd7beb4316882c8cec41d"},"headline":"Franchising","datePublished":"2021-09-16T08:31:47+00:00","dateModified":"2025-10-19T12:27:36+00:00","mainEntityOfPage":{"@id":"https:\/\/ilovepoke.it\/franchising\/"},"wordCount":532,"publisher":{"@id":"https:\/\/ilovepoke.it\/en\/#organization"},"inLanguage":"de"},{"@type":"WebPage","@id":"https:\/\/ilovepoke.it\/franchising\/","url":"https:\/\/ilovepoke.it\/franchising\/","name":"Franchising Poke frisches und schlankes Format - Ich liebe Pok\u00e9","isPartOf":{"@id":"https:\/\/ilovepoke.it\/en\/#website"},"datePublished":"2021-09-16T08:31:47+00:00","dateModified":"2025-10-19T12:27:36+00:00","description":"I LOVE POKE ist ein innovatives Unternehmen f\u00fcr gesundes Fast Food, das die Art und Weise, wie Menschen essen, ver\u00e4ndert hat.","breadcrumb":{"@id":"https:\/\/ilovepoke.it\/franchising\/#breadcrumb"},"inLanguage":"de","potentialAction":[{"@type":"ReadAction","target":["https:\/\/ilovepoke.it\/franchising\/"]}]},{"@type":"BreadcrumbList","@id":"https:\/\/ilovepoke.it\/franchising\/#breadcrumb","itemListElement":[{"@type":"ListItem","position":1,"name":"Home","item":"https:\/\/ilovepoke.it\/"},{"@type":"ListItem","position":2,"name":"Franchising"}]},{"@type":"WebSite","@id":"https:\/\/ilovepoke.it\/en\/#website","url":"https:\/\/ilovepoke.it\/en\/","name":"Ich liebe Poke","description":"Poke Liebe. Schwarzer Reis, Lachs, Thunfisch, Orange und Fenchel, Wakame-Algen, Edamame, Rotkohl, Karotten, Granatapfel, Sesam, Guacamole-Sauce und Soja.","publisher":{"@id":"https:\/\/ilovepoke.it\/en\/#organization"},"potentialAction":[{"@type":"SearchAction","target":{"@type":"EntryPoint","urlTemplate":"https:\/\/ilovepoke.it\/en\/?s={search_term_string}"},"query-input":{"@type":"PropertyValueSpecification","valueRequired":true,"valueName":"search_term_string"}}],"inLanguage":"de"},{"@type":"Organization","@id":"https:\/\/ilovepoke.it\/en\/#organization","name":"Ich liebe Koks","url":"https:\/\/ilovepoke.it\/en\/","logo":{"@type":"ImageObject","inLanguage":"de","@id":"https:\/\/ilovepoke.it\/en\/#\/schema\/logo\/image\/","url":"https:\/\/ilovepoke.it\/wp-content\/uploads\/2021\/02\/ilovepoke_logo_verde-rosa-bianco-2.png","contentUrl":"https:\/\/ilovepoke.it\/wp-content\/uploads\/2021\/02\/ilovepoke_logo_verde-rosa-bianco-2.png","width":500,"height":224,"caption":"I Love Poke"},"image":{"@id":"https:\/\/ilovepoke.it\/en\/#\/schema\/logo\/image\/"},"sameAs":["https:\/\/www.facebook.com\/ilovepoke.official\/","https:\/\/x.com\/ilovepoke_","https:\/\/www.instagram.com\/ilovepoke.official\/"]},{"@type":"Person","@id":"https:\/\/ilovepoke.it\/en\/#\/schema\/person\/4531dd6db37dd7beb4316882c8cec41d","name":"admin","image":{"@type":"ImageObject","inLanguage":"de","@id":"https:\/\/ilovepoke.it\/en\/#\/schema\/person\/image\/","url":"https:\/\/secure.gravatar.com\/avatar\/0c2e032b23081d10a7afe506d6ff8c7fcac9dec713eb1b948486fd2d373664c2?s=96&d=mm&r=g","contentUrl":"https:\/\/secure.gravatar.com\/avatar\/0c2e032b23081d10a7afe506d6ff8c7fcac9dec713eb1b948486fd2d373664c2?s=96&d=mm&r=g","caption":"admin"},"sameAs":["https:\/\/ilovepoke.it"],"url":"https:\/\/ilovepoke.it\/de\/author\/admin\/"}]}},"_links":{"self":[{"href":"https:\/\/ilovepoke.it\/de\/wp-json\/wp\/v2\/pages\/5267","targetHints":{"allow":["GET"]}}],"collection":[{"href":"https:\/\/ilovepoke.it\/de\/wp-json\/wp\/v2\/pages"}],"about":[{"href":"https:\/\/ilovepoke.it\/de\/wp-json\/wp\/v2\/types\/page"}],"author":[{"embeddable":true,"href":"https:\/\/ilovepoke.it\/de\/wp-json\/wp\/v2\/users\/1"}],"replies":[{"embeddable":true,"href":"https:\/\/ilovepoke.it\/de\/wp-json\/wp\/v2\/comments?post=5267"}],"version-history":[{"count":1,"href":"https:\/\/ilovepoke.it\/de\/wp-json\/wp\/v2\/pages\/5267\/revisions"}],"predecessor-version":[{"id":900188,"href":"https:\/\/ilovepoke.it\/de\/wp-json\/wp\/v2\/pages\/5267\/revisions\/900188"}],"wp:attachment":[{"href":"https:\/\/ilovepoke.it\/de\/wp-json\/wp\/v2\/media?parent=5267"}],"curies":[{"name":"wp","href":"https:\/\/api.w.org\/{rel}","templated":true}]}}