{"id":8507,"date":"2022-01-06T10:26:44","date_gmt":"2022-01-06T08:26:44","guid":{"rendered":"https:\/\/ilovepoke.it\/?page_id=8507"},"modified":"2025-06-05T17:51:47","modified_gmt":"2025-06-05T15:51:47","slug":"i-love-poke-kasilino","status":"publish","type":"page","link":"https:\/\/ilovepoke.it\/de\/i-love-poke-kasilino\/","title":{"rendered":"ICH LIEBE POKE CASILINO"},"content":{"rendered":"<div class=\"wpb-content-wrapper\"><section      data-speed=\"1\" class=\"parallax_section_holder  mainbanner\" style = \" height:px; background-image:url('https:\/\/ilovepoke.it\/wp-content\/uploads\/2021\/12\/FOTO-TOP.jpg');\"><div class=\"parallax_content center\"><div class='parallax_section_inner_margin clearfix'><div class=\"wpb_column vc_column_container vc_col-sm-12\"><div class=\"vc_column-inner\"><div class=\"wpb_wrapper\"><div      class=\"vc_row wpb_row section vc_row-fluid vc_inner  store-top-banner vc_custom_1640943114316\" style=' text-align:center;'><div class=\"full_section_inner clearfix\"><div class=\"wpb_column vc_column_container vc_col-sm-12\"><div class=\"vc_column-inner\"><div class=\"wpb_wrapper\">\n\t<div class=\"wpb_text_column wpb_content_element\">\n\t\t<div class=\"wpb_wrapper\">\n\t\t\t<h2 style=\"color: #5fbdbc !important;\">Ich liebe Koks<br \/>\n<span class=\"store_Name\">Casilino<\/span><\/h2>\n\n\t\t<\/div>\n\t<\/div><\/div><\/div><\/div><\/div><\/div><\/div><\/div><\/div><\/div><\/div><\/section><div      class=\"vc_row wpb_row section vc_row-fluid  take-away-head vc_custom_1641195610605 grid_section\" style=' text-align:left;'><div class=\"section_inner clearfix\"><div class='section_inner_margin clearfix'><div class=\"wpb_column vc_column_container vc_col-sm-6\"><div class=\"vc_column-inner\"><div class=\"wpb_wrapper\">\n\t<div class=\"wpb_text_column wpb_content_element  colorful-headings vc_custom_1661240401270\">\n\t\t<div class=\"wpb_wrapper\">\n\t\t\t<h3 style=\"color: #ee5c7f;\"><strong><br \/>\nLieferung nach Hause<\/strong><\/h3>\n<h4 style=\"color: #5fbdbc;\"><strong>Der beste leckere Poke<br \/>\nHawaiianisch in Casilino<\/strong><\/h4>\n\n\t\t<\/div>\n\t<\/div><div class=\"vc_empty_space\"  style=\"height: 300px\" >\n\t<span class=\"vc_empty_space_inner\">\n\t\t<span class=\"empty_space_image\"  ><\/span>\n\t<\/span>\n<\/div>\n\t<div class=\"wpb_single_image wpb_content_element vc_align_left  element_from_left\">\n\t\t<div class=\"wpb_wrapper\">\n\t\t\t\n\t\t\t<div class=\"vc_single_image-wrapper   vc_box_border_grey\"><img fetchpriority=\"high\" decoding=\"async\" width=\"600\" height=\"750\" src=\"https:\/\/ilovepoke.it\/wp-content\/uploads\/2021\/12\/poke.jpg\" class=\"vc_single_image-img attachment-full\" alt=\"\" title=\"st\u00f6bern\" srcset=\"https:\/\/ilovepoke.it\/wp-content\/uploads\/2021\/12\/poke.jpg 600w, https:\/\/ilovepoke.it\/wp-content\/uploads\/2021\/12\/poke-240x300.jpg 240w\" sizes=\"(max-width: 600px) 100vw, 600px\" \/><\/div>\n\t\t<\/div>\n\t<\/div>\n<\/div><\/div><\/div><div class=\"wpb_column vc_column_container vc_col-sm-6\"><div class=\"vc_column-inner\"><div class=\"wpb_wrapper\">\n\t<div class=\"wpb_text_column wpb_content_element  text-styling\">\n\t\t<div class=\"wpb_wrapper\">\n\t\t\t<p>Die <a href=\"https:\/\/ilovepoke.it\/de\/arten-von-stopseln-alles-was-sie-wissen-mussen\/\">St\u00f6bern<\/a> im Casilino ist urspr\u00fcnglich ein so genanntes gesundes Gericht der hawaiianischen K\u00fcche: eine Sch\u00fcssel mit rohem Fisch, Reis, Gew\u00fcrzen, So\u00dfen, Meersalz und Seetang.<\/p>\n<p>Die Poke-Bowl ist auch deshalb so attraktiv, weil sie nicht nur ein kalorienarmes Gericht ist, sondern auch die M\u00f6glichkeit bietet, eine individuelle Poke-Bowl zu kreieren. Jeder kann sich seine eigene Poke-Schale nach Belieben zusammenstellen.<\/p>\n<p>Frische, gesunde Zutaten, lokale Bio-Produkte und tropische Inselfr\u00fcchte. Zu einer Basis aus Reis, Quinoa, M\u00fcsli oder Salat f\u00fcgen Sie Ihr Lieblingsprotein, Gem\u00fcse, Obst und So\u00dfen hinzu.<\/p>\n<p>Die Kombinationsm\u00f6glichkeiten sind fast so vielf\u00e4ltig wie die G\u00fcte dieses Produkts! Casilino entdeckt daher die Vorz\u00fcge dieses Produkts wieder und s<span class=\"Y2IQFc\" lang=\"it\">und es auf die hawaiianische Art probieren m\u00f6chten, besuchen Sie uns und mahalo, dass Sie Ihre Liebe zu diesem Essen mit uns teilen.<\/span><\/p>\n\n\t\t<\/div>\n\t<\/div>\n\t<div class=\"wpb_text_column wpb_content_element  colorful-headings ordina-online vc_custom_1653584060211\">\n\t\t<div class=\"wpb_wrapper\">\n\t\t\t<h1 style=\"color: #5fbdbc;\"><strong>BESTELLEN SIE IHRE POKE BOWL ONLINE bei Casilino<\/strong><\/h1>\n<h4 style=\"color: #ee5c7f;\"><strong>Ihr hawaiianischer Poke<br \/>\nin Casilino bei Lieferung <\/strong><\/h4>\n\n\t\t<\/div>\n\t<\/div>\n\t<div class=\"wpb_text_column wpb_content_element  text-styling vc_custom_1649409129232\">\n\t\t<div class=\"wpb_wrapper\">\n\t\t\t<p><b>Ich liebe Poke Casilino <\/b>ist Teil von <a href=\"https:\/\/ilovepoke.it\/de\/menu\/\">Ich liebe<\/a> Poke, Italiens erste Fast-Food-Kette, die sich der Welt des Poke widmet, wo der Genuss dieses supergesunden hawaiianischen Gerichts zum Schl\u00fcssel f\u00fcr einen gesunden und k\u00f6stlichen Lebensstil wird.<\/p>\n<p>Viele frische und unverf\u00e4lschte Zutaten, mit denen Sie Ihre Schale individuell gestalten k\u00f6nnen, in einer kreativen und schmackhaften Reise mit einem Ergebnis, das immer wieder anders ist, je nach Ihren W\u00fcnschen. Denn sich selbst zu lieben bedeutet auch, bewusst zu essen, ohne auf das Beste zu verzichten, was Mutter Natur zu bieten hat.<\/p>\n\n\t\t<\/div>\n\t<\/div><a  itemprop=\"url\" href=\"https:\/\/ilovepoke.ordine.deliveroo.it\/it\/\" target=\"_blank\" data-hover-background-color=\"#5fbdbc\" class=\"qbutton  medium default bttns-stores  qode-button-shadow\" style=\"color: #ffffff; font-weight: 600; text-transform: uppercase; font-size: 18px; border-radius: 30px;-moz-border-radius: 30px;-webkit-border-radius: 30px; background-color:#ee5c7f;\">LIEFERUNG<\/a><\/div><\/div><\/div><\/div><\/div><\/div><div      class=\"vc_row wpb_row section vc_row-fluid  pass-a-travarci vc_custom_1641195699694 grid_section\" style=' text-align:left;'><div class=\"section_inner clearfix\"><div class='section_inner_margin clearfix'><div class=\"wpb_column vc_column_container vc_col-sm-6\"><div class=\"vc_column-inner\"><div class=\"wpb_wrapper\">\n\t<div class=\"wpb_text_column wpb_content_element  colorful-headings vc_custom_1644063660440\">\n\t\t<div class=\"wpb_wrapper\">\n\t\t\t<h1 style=\"color: #ee5c7f;\"><strong>BESUCHEN SIE UNS!<\/strong><\/h1>\n<h4 style=\"color: #5fbdbc; margin-top: 10px;\"><strong>Viel Spa\u00df beim St\u00f6bern im Casilino!<\/strong><\/h4>\n\n\t\t<\/div>\n\t<\/div>\n\t<div class=\"wpb_text_column wpb_content_element  adresses-txt vc_custom_1641457491469\">\n\t\t<div class=\"wpb_wrapper\">\n\t\t\t<h4 style=\"text-transform: uppercase; color: #5fbdbc;\">Ich liebe Poke Casilino<\/h4>\n<p class=\"address\">Einkaufszentrum Casilino, Via Casilina 1011, Rom<\/p>\n\n\t\t<\/div>\n\t<\/div>\n\t<div class=\"wpb_text_column wpb_content_element  adresses-txt vc_custom_1730202278506\">\n\t\t<div class=\"wpb_wrapper\">\n\t\t\t<p class=\"connect\">Telefon: 388 863 4737<\/p>\n<p class=\"day\">Von: Montag bis Sonntag<\/p>\n<p class=\"time\">\u00d6ffnungszeiten: 11:30 - 20:30<\/p>\n<p>Postanschrift: casilino@ilovepoke.it<\/p>\n\n\t\t<\/div>\n\t<\/div><\/div><\/div><\/div><div class=\"wpb_column vc_column_container vc_col-sm-6\"><div class=\"vc_column-inner\"><div class=\"wpb_wrapper\">\n\t<div class=\"wpb_single_image wpb_content_element vc_align_left  element_from_right\">\n\t\t<div class=\"wpb_wrapper\">\n\t\t\t\n\t\t\t<div class=\"vc_single_image-wrapper   vc_box_border_grey\"><img decoding=\"async\" width=\"836\" height=\"836\" src=\"https:\/\/ilovepoke.it\/wp-content\/uploads\/2021\/12\/store.jpg\" class=\"vc_single_image-img attachment-full\" alt=\"\" title=\"speichern\" srcset=\"https:\/\/ilovepoke.it\/wp-content\/uploads\/2021\/12\/store.jpg 836w, https:\/\/ilovepoke.it\/wp-content\/uploads\/2021\/12\/store-300x300.jpg 300w, https:\/\/ilovepoke.it\/wp-content\/uploads\/2021\/12\/store-150x150.jpg 150w, https:\/\/ilovepoke.it\/wp-content\/uploads\/2021\/12\/store-768x768.jpg 768w, https:\/\/ilovepoke.it\/wp-content\/uploads\/2021\/12\/store-570x570.jpg 570w, https:\/\/ilovepoke.it\/wp-content\/uploads\/2021\/12\/store-500x500.jpg 500w, https:\/\/ilovepoke.it\/wp-content\/uploads\/2021\/12\/store-700x700.jpg 700w\" sizes=\"(max-width: 836px) 100vw, 836px\" \/><\/div>\n\t\t<\/div>\n\t<\/div>\n<\/div><\/div><\/div><\/div><\/div><\/div><div      class=\"vc_row wpb_row section vc_row-fluid  vc_custom_1640952843987\" style=' text-align:left;'><div class=\"full_section_inner clearfix\"><div class=\"wpb_column vc_column_container vc_col-sm-12\"><div class=\"vc_column-inner\"><div class=\"wpb_wrapper\"><div class=\"wpb_gmaps_widget wpb_content_element\"><div class=\"wpb_wrapper\"><div class=\"wpb_map_wraper\"><iframe src=\"https:\/\/www.google.com\/maps\/embed?pb=!1m18!1m12!1m3!1d2971.0255714947502!2d12.580867015440878!3d41.87079627922263!2m3!1f0!2f0!3f0!3m2!1i1024!2i768!4f13.1!3m3!1m2!1s0x132f635d5027f5bb%3A0x9fc6dde4a3183958!2sI%20love%20poke%20Casilino!5e0!3m2!1sen!2sin!4v1641457546496!5m2!1sen!2sin\" width=\"600\" height=\"450\" style=\"border:0;\" allowfullscreen=\"\" loading=\"lazy\"><\/iframe><\/div><\/div><\/div><\/div><\/div><\/div><\/div><\/div><div      class=\"vc_row wpb_row section vc_row-fluid  bottom-two-btn vc_custom_1641196098316 grid_section\" style=' text-align:left;'><div class=\"section_inner clearfix\"><div class='section_inner_margin clearfix'><div class=\"wpb_column vc_column_container vc_col-sm-6\"><div class=\"vc_column-inner\"><div class=\"wpb_wrapper\">\n\t<div class=\"wpb_text_column wpb_content_element  more-btn-org\">\n\t\t<div class=\"wpb_wrapper\">\n\t\t\t<p><a href=\"https:\/\/ilovepoke.it\/de\/hawaiianischer-stocherkahn\/\">MEHR<br \/>\n\u00dcBER UNS<\/a><\/p>\n\n\t\t<\/div>\n\t<\/div><\/div><\/div><\/div><div class=\"wpb_column vc_column_container vc_col-sm-6\"><div class=\"vc_column-inner\"><div class=\"wpb_wrapper\">\n\t<div class=\"wpb_text_column wpb_content_element  more-btn-green\">\n\t\t<div class=\"wpb_wrapper\">\n\t\t\t<p style=\"text-align: right;\"><a href=\"https:\/\/ilovepoke.it\/de\/kompositionsschale\/\">ENTDECKEN SIE DIE<br \/>\nUNSER MEN\u00dc<\/a><\/p>\n\n\t\t<\/div>\n\t<\/div><\/div><\/div><\/div><\/div><\/div><\/div><div      class=\"vc_row wpb_row section vc_row-fluid\" style=' text-align:left;'><div class=\"full_section_inner clearfix\"><div class=\"wpb_column vc_column_container vc_col-sm-12\"><div class=\"vc_column-inner\"><div class=\"wpb_wrapper\"><\/div><\/div><\/div><\/div><\/div>\n<\/div>","protected":false},"excerpt":{"rendered":"I Love Poke Casilino Home Delivery Das beste hawaiianische Poke in Casilino Das Poke in Casilino entstand als sogenanntes gesundes Gericht der hawaiianischen K\u00fcche: eine Sch\u00fcssel mit rohem Fisch, Reis, Gew\u00fcrzen, So\u00dfen, Meersalz und Seetang. Die Poke-Schale erfreut auch...","protected":false},"author":1,"featured_media":41377,"parent":0,"menu_order":0,"comment_status":"closed","ping_status":"closed","template":"full_width.php","meta":{"_acf_changed":false,"content-type":"","inline_featured_image":false,"wpupg_custom_link":[],"wpupg_custom_link_behaviour":["default"],"wpupg_custom_link_nofollow":["default"],"wpupg_custom_image":[],"wpupg_custom_image_id":[],"footnotes":""},"class_list":["post-8507","page","type-page","status-publish","has-post-thumbnail","hentry"],"acf":[],"yoast_head":"<!-- This site is optimized with the Yoast SEO Premium plugin v26.1 (Yoast SEO v27.1.1) - https:\/\/yoast.com\/product\/yoast-seo-premium-wordpress\/ -->\n<title>I Love Poke Casilino Take Away e Delivery - I love Pok\u00e9<\/title>\n<meta name=\"description\" content=\"Ordina online Poke a Casilino, tanti ingredienti freschi e genuini per personalizzare la tua bowl, riso, pesce, verdure. Take Away e Delivery\" \/>\n<meta name=\"robots\" content=\"index, follow, max-snippet:-1, max-image-preview:large, max-video-preview:-1\" \/>\n<link rel=\"canonical\" href=\"https:\/\/ilovepoke.it\/de\/i-love-poke-kasilino\/\" \/>\n<meta property=\"og:locale\" content=\"de_DE\" \/>\n<meta property=\"og:type\" content=\"article\" \/>\n<meta property=\"og:title\" content=\"I Love Poke Casilino Take Away e Delivery - I love Pok\u00e9\" \/>\n<meta property=\"og:description\" content=\"Ordina online Poke a Casilino, tanti ingredienti freschi e genuini per personalizzare la tua bowl, riso, pesce, verdure. Take Away e Delivery\" \/>\n<meta property=\"og:url\" content=\"https:\/\/ilovepoke.it\/de\/i-love-poke-kasilino\/\" \/>\n<meta property=\"og:site_name\" content=\"I love Pok\u00e9\" \/>\n<meta property=\"article:publisher\" content=\"https:\/\/www.facebook.com\/ilovepoke.official\/\" \/>\n<meta property=\"article:modified_time\" content=\"2025-06-05T15:51:47+00:00\" \/>\n<meta property=\"og:image\" content=\"https:\/\/ilovepoke.it\/wp-content\/uploads\/2022\/05\/ILovePoke-12apr22-086.png\" \/>\n\t<meta property=\"og:image:width\" content=\"5224\" \/>\n\t<meta property=\"og:image:height\" content=\"4178\" \/>\n\t<meta property=\"og:image:type\" content=\"image\/png\" \/>\n<meta name=\"twitter:card\" content=\"summary_large_image\" \/>\n<meta name=\"twitter:title\" content=\"I Love Poke Casilino Take Away e Delivery - I love Pok\u00e9\" \/>\n<meta name=\"twitter:description\" content=\"Ordina online Poke a Casilino, tanti ingredienti freschi e genuini per personalizzare la tua bowl, riso, pesce, verdure. Take Away e Delivery\" \/>\n<meta name=\"twitter:site\" content=\"@ilovepoke_\" \/>\n<meta name=\"twitter:label1\" content=\"Gesch\u00e4tzte Lesezeit\" \/>\n\t<meta name=\"twitter:data1\" content=\"3\u00a0Minuten\" \/>\n<script type=\"application\/ld+json\" class=\"yoast-schema-graph\">{\"@context\":\"https:\/\/schema.org\",\"@graph\":[{\"@type\":[\"Article\",\"BlogPosting\"],\"@id\":\"https:\/\/ilovepoke.it\/i-love-poke-casilino\/#article\",\"isPartOf\":{\"@id\":\"https:\/\/ilovepoke.it\/i-love-poke-casilino\/\"},\"author\":{\"name\":\"admin\",\"@id\":\"https:\/\/ilovepoke.it\/en\/#\/schema\/person\/4531dd6db37dd7beb4316882c8cec41d\"},\"headline\":\"I LOVE POKE CASILINO\",\"datePublished\":\"2022-01-06T08:26:44+00:00\",\"dateModified\":\"2025-06-05T15:51:47+00:00\",\"mainEntityOfPage\":{\"@id\":\"https:\/\/ilovepoke.it\/i-love-poke-casilino\/\"},\"wordCount\":845,\"publisher\":{\"@id\":\"https:\/\/ilovepoke.it\/en\/#organization\"},\"image\":{\"@id\":\"https:\/\/ilovepoke.it\/i-love-poke-casilino\/#primaryimage\"},\"thumbnailUrl\":\"https:\/\/ilovepoke.it\/wp-content\/uploads\/2025\/05\/ILovePoke-12apr22-086-13.png\",\"inLanguage\":\"de\"},{\"@type\":\"WebPage\",\"@id\":\"https:\/\/ilovepoke.it\/i-love-poke-casilino\/\",\"url\":\"https:\/\/ilovepoke.it\/i-love-poke-casilino\/\",\"name\":\"I Love Poke Casilino Take Away e Delivery - I love Pok\u00e9\",\"isPartOf\":{\"@id\":\"https:\/\/ilovepoke.it\/en\/#website\"},\"primaryImageOfPage\":{\"@id\":\"https:\/\/ilovepoke.it\/i-love-poke-casilino\/#primaryimage\"},\"image\":{\"@id\":\"https:\/\/ilovepoke.it\/i-love-poke-casilino\/#primaryimage\"},\"thumbnailUrl\":\"https:\/\/ilovepoke.it\/wp-content\/uploads\/2025\/05\/ILovePoke-12apr22-086-13.png\",\"datePublished\":\"2022-01-06T08:26:44+00:00\",\"dateModified\":\"2025-06-05T15:51:47+00:00\",\"description\":\"Ordina online Poke a Casilino, tanti ingredienti freschi e genuini per personalizzare la tua bowl, riso, pesce, verdure. Take Away e Delivery\",\"breadcrumb\":{\"@id\":\"https:\/\/ilovepoke.it\/i-love-poke-casilino\/#breadcrumb\"},\"inLanguage\":\"de\",\"potentialAction\":[{\"@type\":\"ReadAction\",\"target\":[\"https:\/\/ilovepoke.it\/i-love-poke-casilino\/\"]}]},{\"@type\":\"ImageObject\",\"inLanguage\":\"de\",\"@id\":\"https:\/\/ilovepoke.it\/i-love-poke-casilino\/#primaryimage\",\"url\":\"https:\/\/ilovepoke.it\/wp-content\/uploads\/2025\/05\/ILovePoke-12apr22-086-13.png\",\"contentUrl\":\"https:\/\/ilovepoke.it\/wp-content\/uploads\/2025\/05\/ILovePoke-12apr22-086-13.png\",\"width\":1350,\"height\":1080,\"caption\":\"I LOVE POKE CASILINO\"},{\"@type\":\"BreadcrumbList\",\"@id\":\"https:\/\/ilovepoke.it\/i-love-poke-casilino\/#breadcrumb\",\"itemListElement\":[{\"@type\":\"ListItem\",\"position\":1,\"name\":\"Home\",\"item\":\"https:\/\/ilovepoke.it\/\"},{\"@type\":\"ListItem\",\"position\":2,\"name\":\"I LOVE POKE CASILINO\"}]},{\"@type\":\"WebSite\",\"@id\":\"https:\/\/ilovepoke.it\/en\/#website\",\"url\":\"https:\/\/ilovepoke.it\/en\/\",\"name\":\"I love Poke\",\"description\":\"Poke love. Riso nero, salmone, tonno, arancia e finocchio, alghe wakame, edamame, cavolo rosso, carote, melagrana, sesamo, salsa guacamole e soya.\",\"publisher\":{\"@id\":\"https:\/\/ilovepoke.it\/en\/#organization\"},\"potentialAction\":[{\"@type\":\"SearchAction\",\"target\":{\"@type\":\"EntryPoint\",\"urlTemplate\":\"https:\/\/ilovepoke.it\/en\/?s={search_term_string}\"},\"query-input\":{\"@type\":\"PropertyValueSpecification\",\"valueRequired\":true,\"valueName\":\"search_term_string\"}}],\"inLanguage\":\"de\"},{\"@type\":\"Organization\",\"@id\":\"https:\/\/ilovepoke.it\/en\/#organization\",\"name\":\"I Love Poke\",\"url\":\"https:\/\/ilovepoke.it\/en\/\",\"logo\":{\"@type\":\"ImageObject\",\"inLanguage\":\"de\",\"@id\":\"https:\/\/ilovepoke.it\/en\/#\/schema\/logo\/image\/\",\"url\":\"https:\/\/ilovepoke.it\/wp-content\/uploads\/2021\/02\/ilovepoke_logo_verde-rosa-bianco-2.png\",\"contentUrl\":\"https:\/\/ilovepoke.it\/wp-content\/uploads\/2021\/02\/ilovepoke_logo_verde-rosa-bianco-2.png\",\"width\":500,\"height\":224,\"caption\":\"I Love Poke\"},\"image\":{\"@id\":\"https:\/\/ilovepoke.it\/en\/#\/schema\/logo\/image\/\"},\"sameAs\":[\"https:\/\/www.facebook.com\/ilovepoke.official\/\",\"https:\/\/x.com\/ilovepoke_\",\"https:\/\/www.instagram.com\/ilovepoke.official\/\"]},{\"@type\":\"Person\",\"@id\":\"https:\/\/ilovepoke.it\/en\/#\/schema\/person\/4531dd6db37dd7beb4316882c8cec41d\",\"name\":\"admin\",\"image\":{\"@type\":\"ImageObject\",\"inLanguage\":\"de\",\"@id\":\"https:\/\/ilovepoke.it\/en\/#\/schema\/person\/image\/\",\"url\":\"https:\/\/secure.gravatar.com\/avatar\/0c2e032b23081d10a7afe506d6ff8c7fcac9dec713eb1b948486fd2d373664c2?s=96&d=mm&r=g\",\"contentUrl\":\"https:\/\/secure.gravatar.com\/avatar\/0c2e032b23081d10a7afe506d6ff8c7fcac9dec713eb1b948486fd2d373664c2?s=96&d=mm&r=g\",\"caption\":\"admin\"},\"sameAs\":[\"https:\/\/ilovepoke.it\"],\"url\":\"https:\/\/ilovepoke.it\/de\/author\/admin\/\"}]}<\/script>\n<!-- \/ Yoast SEO Premium plugin. -->","yoast_head_json":{"title":"Ich liebe Poke Casilino Take Away und Delivery - Ich liebe Pok\u00e9","description":"Bestellen Sie Poke online bei Casilino, viele frische und gesunde Zutaten, um Ihre Sch\u00fcssel individuell zu gestalten, Reis, Fisch, Gem\u00fcse. Zum Mitnehmen und Delivery","robots":{"index":"index","follow":"follow","max-snippet":"max-snippet:-1","max-image-preview":"max-image-preview:large","max-video-preview":"max-video-preview:-1"},"canonical":"https:\/\/ilovepoke.it\/de\/i-love-poke-kasilino\/","og_locale":"de_DE","og_type":"article","og_title":"I Love Poke Casilino Take Away e Delivery - I love Pok\u00e9","og_description":"Ordina online Poke a Casilino, tanti ingredienti freschi e genuini per personalizzare la tua bowl, riso, pesce, verdure. Take Away e Delivery","og_url":"https:\/\/ilovepoke.it\/de\/i-love-poke-kasilino\/","og_site_name":"I love Pok\u00e9","article_publisher":"https:\/\/www.facebook.com\/ilovepoke.official\/","article_modified_time":"2025-06-05T15:51:47+00:00","og_image":[{"width":5224,"height":4178,"url":"https:\/\/ilovepoke.it\/wp-content\/uploads\/2022\/05\/ILovePoke-12apr22-086.png","type":"image\/png"}],"twitter_card":"summary_large_image","twitter_title":"I Love Poke Casilino Take Away e Delivery - I love Pok\u00e9","twitter_description":"Ordina online Poke a Casilino, tanti ingredienti freschi e genuini per personalizzare la tua bowl, riso, pesce, verdure. Take Away e Delivery","twitter_site":"@ilovepoke_","twitter_misc":{"Gesch\u00e4tzte Lesezeit":"3\u00a0Minuten"},"schema":{"@context":"https:\/\/schema.org","@graph":[{"@type":["Article","BlogPosting"],"@id":"https:\/\/ilovepoke.it\/i-love-poke-casilino\/#article","isPartOf":{"@id":"https:\/\/ilovepoke.it\/i-love-poke-casilino\/"},"author":{"name":"admin","@id":"https:\/\/ilovepoke.it\/en\/#\/schema\/person\/4531dd6db37dd7beb4316882c8cec41d"},"headline":"I LOVE POKE CASILINO","datePublished":"2022-01-06T08:26:44+00:00","dateModified":"2025-06-05T15:51:47+00:00","mainEntityOfPage":{"@id":"https:\/\/ilovepoke.it\/i-love-poke-casilino\/"},"wordCount":845,"publisher":{"@id":"https:\/\/ilovepoke.it\/en\/#organization"},"image":{"@id":"https:\/\/ilovepoke.it\/i-love-poke-casilino\/#primaryimage"},"thumbnailUrl":"https:\/\/ilovepoke.it\/wp-content\/uploads\/2025\/05\/ILovePoke-12apr22-086-13.png","inLanguage":"de"},{"@type":"WebPage","@id":"https:\/\/ilovepoke.it\/i-love-poke-casilino\/","url":"https:\/\/ilovepoke.it\/i-love-poke-casilino\/","name":"Ich liebe Poke Casilino Take Away und Delivery - Ich liebe Pok\u00e9","isPartOf":{"@id":"https:\/\/ilovepoke.it\/en\/#website"},"primaryImageOfPage":{"@id":"https:\/\/ilovepoke.it\/i-love-poke-casilino\/#primaryimage"},"image":{"@id":"https:\/\/ilovepoke.it\/i-love-poke-casilino\/#primaryimage"},"thumbnailUrl":"https:\/\/ilovepoke.it\/wp-content\/uploads\/2025\/05\/ILovePoke-12apr22-086-13.png","datePublished":"2022-01-06T08:26:44+00:00","dateModified":"2025-06-05T15:51:47+00:00","description":"Bestellen Sie Poke online bei Casilino, viele frische und gesunde Zutaten, um Ihre Sch\u00fcssel individuell zu gestalten, Reis, Fisch, Gem\u00fcse. Zum Mitnehmen und Delivery","breadcrumb":{"@id":"https:\/\/ilovepoke.it\/i-love-poke-casilino\/#breadcrumb"},"inLanguage":"de","potentialAction":[{"@type":"ReadAction","target":["https:\/\/ilovepoke.it\/i-love-poke-casilino\/"]}]},{"@type":"ImageObject","inLanguage":"de","@id":"https:\/\/ilovepoke.it\/i-love-poke-casilino\/#primaryimage","url":"https:\/\/ilovepoke.it\/wp-content\/uploads\/2025\/05\/ILovePoke-12apr22-086-13.png","contentUrl":"https:\/\/ilovepoke.it\/wp-content\/uploads\/2025\/05\/ILovePoke-12apr22-086-13.png","width":1350,"height":1080,"caption":"I LOVE POKE CASILINO"},{"@type":"BreadcrumbList","@id":"https:\/\/ilovepoke.it\/i-love-poke-casilino\/#breadcrumb","itemListElement":[{"@type":"ListItem","position":1,"name":"Home","item":"https:\/\/ilovepoke.it\/"},{"@type":"ListItem","position":2,"name":"I LOVE POKE CASILINO"}]},{"@type":"WebSite","@id":"https:\/\/ilovepoke.it\/en\/#website","url":"https:\/\/ilovepoke.it\/en\/","name":"Ich liebe Poke","description":"Poke Liebe. Schwarzer Reis, Lachs, Thunfisch, Orange und Fenchel, Wakame-Algen, Edamame, Rotkohl, Karotten, Granatapfel, Sesam, Guacamole-Sauce und Soja.","publisher":{"@id":"https:\/\/ilovepoke.it\/en\/#organization"},"potentialAction":[{"@type":"SearchAction","target":{"@type":"EntryPoint","urlTemplate":"https:\/\/ilovepoke.it\/en\/?s={search_term_string}"},"query-input":{"@type":"PropertyValueSpecification","valueRequired":true,"valueName":"search_term_string"}}],"inLanguage":"de"},{"@type":"Organization","@id":"https:\/\/ilovepoke.it\/en\/#organization","name":"Ich liebe Koks","url":"https:\/\/ilovepoke.it\/en\/","logo":{"@type":"ImageObject","inLanguage":"de","@id":"https:\/\/ilovepoke.it\/en\/#\/schema\/logo\/image\/","url":"https:\/\/ilovepoke.it\/wp-content\/uploads\/2021\/02\/ilovepoke_logo_verde-rosa-bianco-2.png","contentUrl":"https:\/\/ilovepoke.it\/wp-content\/uploads\/2021\/02\/ilovepoke_logo_verde-rosa-bianco-2.png","width":500,"height":224,"caption":"I Love Poke"},"image":{"@id":"https:\/\/ilovepoke.it\/en\/#\/schema\/logo\/image\/"},"sameAs":["https:\/\/www.facebook.com\/ilovepoke.official\/","https:\/\/x.com\/ilovepoke_","https:\/\/www.instagram.com\/ilovepoke.official\/"]},{"@type":"Person","@id":"https:\/\/ilovepoke.it\/en\/#\/schema\/person\/4531dd6db37dd7beb4316882c8cec41d","name":"admin","image":{"@type":"ImageObject","inLanguage":"de","@id":"https:\/\/ilovepoke.it\/en\/#\/schema\/person\/image\/","url":"https:\/\/secure.gravatar.com\/avatar\/0c2e032b23081d10a7afe506d6ff8c7fcac9dec713eb1b948486fd2d373664c2?s=96&d=mm&r=g","contentUrl":"https:\/\/secure.gravatar.com\/avatar\/0c2e032b23081d10a7afe506d6ff8c7fcac9dec713eb1b948486fd2d373664c2?s=96&d=mm&r=g","caption":"admin"},"sameAs":["https:\/\/ilovepoke.it"],"url":"https:\/\/ilovepoke.it\/de\/author\/admin\/"}]}},"_links":{"self":[{"href":"https:\/\/ilovepoke.it\/de\/wp-json\/wp\/v2\/pages\/8507","targetHints":{"allow":["GET"]}}],"collection":[{"href":"https:\/\/ilovepoke.it\/de\/wp-json\/wp\/v2\/pages"}],"about":[{"href":"https:\/\/ilovepoke.it\/de\/wp-json\/wp\/v2\/types\/page"}],"author":[{"embeddable":true,"href":"https:\/\/ilovepoke.it\/de\/wp-json\/wp\/v2\/users\/1"}],"replies":[{"embeddable":true,"href":"https:\/\/ilovepoke.it\/de\/wp-json\/wp\/v2\/comments?post=8507"}],"version-history":[{"count":0,"href":"https:\/\/ilovepoke.it\/de\/wp-json\/wp\/v2\/pages\/8507\/revisions"}],"wp:featuredmedia":[{"embeddable":true,"href":"https:\/\/ilovepoke.it\/de\/wp-json\/wp\/v2\/media\/41377"}],"wp:attachment":[{"href":"https:\/\/ilovepoke.it\/de\/wp-json\/wp\/v2\/media?parent=8507"}],"curies":[{"name":"wp","href":"https:\/\/api.w.org\/{rel}","templated":true}]}}