{"id":14496,"date":"2023-05-31T10:12:26","date_gmt":"2023-05-31T08:12:26","guid":{"rendered":"https:\/\/ilovepoke.it\/?page_id=14496"},"modified":"2025-10-19T17:52:40","modified_gmt":"2025-10-19T15:52:40","slug":"vegetalien","status":"publish","type":"page","link":"https:\/\/ilovepoke.it\/fr\/vegetalien\/","title":{"rendered":"V\u00e9g\u00e9talien"},"content":{"rendered":"<div class=\"wpb-content-wrapper\"><div      class=\"vc_row wpb_row section vc_row-fluid\" style=' text-align:left;'><div class=\"full_section_inner clearfix\"><div class=\"wpb_column vc_column_container vc_col-sm-12\"><div class=\"vc_column-inner\"><div class=\"wpb_wrapper\"><div class=\"vc_empty_space\"  style=\"height: 62px\" >\n\t<span class=\"vc_empty_space_inner\">\n\t\t<span class=\"empty_space_image\"  ><\/span>\n\t<\/span>\n<\/div><\/div><\/div><\/div><\/div><\/div><div      class=\"vc_row wpb_row section vc_row-fluid  chisiamoh2_hndngs vc_custom_1634330315868 grid_section\" style=' text-align:left;'><div class=\"section_inner clearfix\"><div class='section_inner_margin clearfix'><div class=\"wpb_column vc_column_container vc_col-sm-1\"><div class=\"vc_column-inner\"><div class=\"wpb_wrapper\"><\/div><\/div><\/div><div class=\"more-img wpb_column vc_column_container vc_col-sm-4 vc_col-has-fill\"><div class=\"vc_column-inner vc_custom_1685525806679\"><div class=\"wpb_wrapper\">\n\t<div class=\"wpb_text_column wpb_content_element  text_una vc_custom_1747388320242\">\n\t\t<div class=\"wpb_wrapper\">\n\t\t\t<h1 class=\"vegan-core\" style=\"text-align: left;\"><span style=\"color: #dd647f;\">CHOIX VEGAN<\/span><\/h1>\n\n\t\t<\/div>\n\t<\/div>\n\t<div class=\"wpb_text_column wpb_content_element  Text_una_love\">\n\t\t<div class=\"wpb_wrapper\">\n\t\t\t<p>Bocconcini <strong>Plantation de 100% l\u00e9gumes<\/strong> sont \u00e0 base de prot\u00e9ines de pois, avec un go\u00fbt et une texture incroyablement similaires \u00e0 ceux de la viande de poulet, mais sans aucun additif ni soja. Riche en <strong>prot\u00e9ines<\/strong> (18g\/100g) et source de <strong>fibres<\/strong>sont une<strong>alternative saine et savoureuse<\/strong> pour ceux qui souhaitent \u00e9liminer ou m\u00eame r\u00e9duire leur consommation de viande. De plus, compar\u00e9 \u00e0 la viande de poulet, le poulet plant\u00e9 \u00e9met 77% de CO2-eq en moins et consomme 85% d'eau en moins.<\/p>\n<p>Ils sont disponibles \u00e0 la fois dans la cuvette Poke et dans la cuvette Poke. <strong>Tacos<\/strong>!<\/p>\n\n\t\t<\/div>\n\t<\/div><\/div><\/div><\/div><div class=\"wpb_column vc_column_container vc_col-sm-6\"><div class=\"vc_column-inner\"><div class=\"wpb_wrapper\"><div class=\"vc_empty_space\"  style=\"height: 92px\" >\n\t<span class=\"vc_empty_space_inner\">\n\t\t<span class=\"empty_space_image\"  ><\/span>\n\t<\/span>\n<\/div>\n\t<div class=\"wpb_single_image wpb_content_element vc_align_right\">\n\t\t<div class=\"wpb_wrapper\">\n\t\t\t\n\t\t\t<div class=\"vc_single_image-wrapper   vc_box_border_grey\"><img fetchpriority=\"high\" decoding=\"async\" width=\"2000\" height=\"2093\" src=\"https:\/\/ilovepoke.it\/wp-content\/uploads\/2023\/05\/vegan1.jpg\" class=\"vc_single_image-img attachment-full\" alt=\"v\u00e9g\u00e9talien1\" title=\"v\u00e9g\u00e9talien1\" srcset=\"https:\/\/ilovepoke.it\/wp-content\/uploads\/2023\/05\/vegan1.jpg 2000w, https:\/\/ilovepoke.it\/wp-content\/uploads\/2023\/05\/vegan1-287x300.jpg 287w, https:\/\/ilovepoke.it\/wp-content\/uploads\/2023\/05\/vegan1-978x1024.jpg 978w, https:\/\/ilovepoke.it\/wp-content\/uploads\/2023\/05\/vegan1-768x804.jpg 768w, https:\/\/ilovepoke.it\/wp-content\/uploads\/2023\/05\/vegan1-1468x1536.jpg 1468w, https:\/\/ilovepoke.it\/wp-content\/uploads\/2023\/05\/vegan1-1957x2048.jpg 1957w, https:\/\/ilovepoke.it\/wp-content\/uploads\/2023\/05\/vegan1-700x733.jpg 700w\" sizes=\"(max-width: 2000px) 100vw, 2000px\" \/><\/div>\n\t\t<\/div>\n\t<\/div>\n<\/div><\/div><\/div><div class=\"wpb_column vc_column_container vc_col-sm-1\"><div class=\"vc_column-inner\"><div class=\"wpb_wrapper\"><\/div><\/div><\/div><\/div><\/div><\/div><div      class=\"vc_row wpb_row section vc_row-fluid\" style=' text-align:left;'><div class=\"full_section_inner clearfix\"><div class=\"wpb_column vc_column_container vc_col-sm-12\"><div class=\"vc_column-inner\"><div class=\"wpb_wrapper\"><div class=\"vc_empty_space\"  style=\"height: 32px\" >\n\t<span class=\"vc_empty_space_inner\">\n\t\t<span class=\"empty_space_image\"  ><\/span>\n\t<\/span>\n<\/div><\/div><\/div><\/div><\/div><\/div><div      class=\"vc_row wpb_row section vc_row-fluid  chisiamoh2_hndngs vc_custom_1634330315868 grid_section\" style=' text-align:left;'><div class=\"section_inner clearfix\"><div class='section_inner_margin clearfix'><div class=\"more-img wpb_column vc_column_container vc_col-sm-6 vc_col-has-fill\"><div class=\"vc_column-inner vc_custom_1685527255975\"><div class=\"wpb_wrapper\">\n\t<div class=\"wpb_single_image wpb_content_element vc_align_right\">\n\t\t<div class=\"wpb_wrapper\">\n\t\t\t\n\t\t\t<div class=\"vc_single_image-wrapper   vc_box_border_grey\"><img decoding=\"async\" width=\"2187\" height=\"2287\" src=\"https:\/\/ilovepoke.it\/wp-content\/uploads\/2023\/05\/cuorepoke.png\" class=\"vc_single_image-img attachment-full\" alt=\"coeur de poisson\" title=\"coeur de poisson\" srcset=\"https:\/\/ilovepoke.it\/wp-content\/uploads\/2023\/05\/cuorepoke.png 2187w, https:\/\/ilovepoke.it\/wp-content\/uploads\/2023\/05\/cuorepoke-287x300.png 287w, https:\/\/ilovepoke.it\/wp-content\/uploads\/2023\/05\/cuorepoke-979x1024.png 979w, https:\/\/ilovepoke.it\/wp-content\/uploads\/2023\/05\/cuorepoke-768x803.png 768w, https:\/\/ilovepoke.it\/wp-content\/uploads\/2023\/05\/cuorepoke-1469x1536.png 1469w, https:\/\/ilovepoke.it\/wp-content\/uploads\/2023\/05\/cuorepoke-1958x2048.png 1958w, https:\/\/ilovepoke.it\/wp-content\/uploads\/2023\/05\/cuorepoke-700x732.png 700w\" sizes=\"(max-width: 2187px) 100vw, 2187px\" \/><\/div>\n\t\t<\/div>\n\t<\/div>\n<\/div><\/div><\/div><div class=\"wpb_column vc_column_container vc_col-sm-1\"><div class=\"vc_column-inner\"><div class=\"wpb_wrapper\"><\/div><\/div><\/div><div class=\"wpb_column vc_column_container vc_col-sm-4\"><div class=\"vc_column-inner\"><div class=\"wpb_wrapper\"><div class=\"vc_empty_space\"  style=\"height: 72px\" >\n\t<span class=\"vc_empty_space_inner\">\n\t\t<span class=\"empty_space_image\"  ><\/span>\n\t<\/span>\n<\/div>\n\t<div class=\"wpb_text_column wpb_content_element  Text_una_love\">\n\t\t<div class=\"wpb_wrapper\">\n\t\t\t<p><strong>Plant\u00e9s<\/strong> est une start-up suisse fond\u00e9e en 2019 par l'ETH Zurich et est devenue en quelques ann\u00e9es une r\u00e9f\u00e9rence europ\u00e9enne en mati\u00e8re d'alimentation. <strong>\u00e0 base de plantes<\/strong>. Les produits v\u00e9g\u00e9taux se distinguent par leur go\u00fbt et <strong>\u00e9tiquette propre<\/strong>ne sont en effet r\u00e9alis\u00e9es qu'avec <strong>ingr\u00e9dients naturels<\/strong>cha\u00eene d'approvisionnement suisse et europ\u00e9enne. La mission est en fait d'offrir une<strong>une alternative vraiment saine, savoureuse et durable<\/strong> \u00e0 la viande animale, g\u00e9n\u00e9rant un impact positif sur la plan\u00e8te sans sacrifier le go\u00fbt et le plaisir de manger.<strong>une alimentation \u00e9quilibr\u00e9e<\/strong>.<\/p>\n\n\t\t<\/div>\n\t<\/div><\/div><\/div><\/div><\/div><\/div><\/div><div      class=\"vc_row wpb_row section vc_row-fluid\" style=' text-align:left;'><div class=\"full_section_inner clearfix\"><div class=\"wpb_column vc_column_container vc_col-sm-12\"><div class=\"vc_column-inner\"><div class=\"wpb_wrapper\"><div class=\"vc_empty_space\"  style=\"height: 62px\" >\n\t<span class=\"vc_empty_space_inner\">\n\t\t<span class=\"empty_space_image\"  ><\/span>\n\t<\/span>\n<\/div><\/div><\/div><\/div><\/div><\/div><div      class=\"vc_row wpb_row section vc_row-fluid  btm-sectn-btns vc_custom_1634806608940 grid_section\" style=' text-align:left;'><div class=\"section_inner clearfix\"><div class='section_inner_margin clearfix'><div class=\"wpb_column vc_column_container vc_col-sm-6\" id=\"left-btn-brdr-txt\"><div class=\"vc_column-inner\"><div class=\"wpb_wrapper\">\n\t<div class=\"wpb_text_column wpb_content_element  vc_custom_1667390450640\">\n\t\t<div class=\"wpb_wrapper\">\n\t\t\t<h2>EN SAVOIR PLUS SUR NOUS<\/h2>\n\n\t\t<\/div>\n\t<\/div><\/div><\/div><\/div><div class=\"wpb_column vc_column_container vc_col-sm-6\" id=\"right-btn-brdr-txt\"><div class=\"vc_column-inner\"><div class=\"wpb_wrapper\">\n\t<div class=\"wpb_text_column wpb_content_element  vc_custom_1631780459431\">\n\t\t<div class=\"wpb_wrapper\">\n\t\t\t<h2>D\u00e9couvrez notre menu<\/h2>\n\n\t\t<\/div>\n\t<\/div><\/div><\/div><\/div><\/div><\/div><\/div><div      class=\"vc_row wpb_row section vc_row-fluid\" style=' text-align:left;'><div class=\"full_section_inner clearfix\"><div class=\"wpb_column vc_column_container vc_col-sm-12\"><div class=\"vc_column-inner\"><div class=\"wpb_wrapper\">\n\t<div class=\"wpb_raw_code wpb_raw_html wpb_content_element\" >\n\t\t<div class=\"wpb_wrapper\">\n\t\t\t<script>\njQuery( document ).ready(function() {\njQuery('div#left-btn-brdr-txt').html('<a href=\"https:\/\/ilovepoke.it\/press\/\"><h2>More About Us\n<\/h2><\/a>');\njQuery('div#right-btn-brdr-txt').html('<a href=\"https:\/\/ilovepoke.it\/componi-bowl\/\"><h2>Scopri il nostro Menu<\/h2><\/a>');\n});\n<\/script>\n\t\t<\/div>\n\t<\/div>\n<\/div><\/div><\/div><\/div><\/div>\n<\/div>","protected":false},"excerpt":{"rendered":"VEGAN CHOICE Les morceaux de l\u00e9gumes Planted 100% sont \u00e0 base de prot\u00e9ines de pois, avec un go\u00fbt et une texture incroyablement similaires \u00e0 ceux de la viande de poulet, mais sans additifs ni soja. Riches en prot\u00e9ines (18g\/100g) et source de fibres, ils constituent une alternative saine et...","protected":false},"author":1,"featured_media":0,"parent":0,"menu_order":0,"comment_status":"closed","ping_status":"closed","template":"full_width.php","meta":{"_acf_changed":false,"content-type":"","inline_featured_image":false,"wpupg_custom_link":[],"wpupg_custom_link_behaviour":["default"],"wpupg_custom_link_nofollow":["default"],"wpupg_custom_image":[],"wpupg_custom_image_id":[],"footnotes":""},"class_list":["post-14496","page","type-page","status-publish","hentry"],"acf":[],"yoast_head":"<!-- This site is optimized with the Yoast SEO Premium plugin v26.1 (Yoast SEO v27.1.1) - https:\/\/yoast.com\/product\/yoast-seo-premium-wordpress\/ -->\n<title>Poke hawaiano Catena fast-food in italia - I love Pok\u00e9<\/title>\n<meta name=\"description\" content=\"I Love Poke \u00e8 la prima catena italiana di fast-food dedicata al mondo del poke, scopri questo piatto hawaiano super healthy, sano e goloso\" \/>\n<meta name=\"robots\" content=\"index, follow, max-snippet:-1, max-image-preview:large, max-video-preview:-1\" \/>\n<link rel=\"canonical\" href=\"https:\/\/ilovepoke.it\/fr\/vegetalien\/\" \/>\n<meta property=\"og:locale\" content=\"fr_FR\" \/>\n<meta property=\"og:type\" content=\"article\" \/>\n<meta property=\"og:title\" content=\"Poke hawaiano Catena fast-food in italia - I love Pok\u00e9\" \/>\n<meta property=\"og:description\" content=\"I Love Poke \u00e8 la prima catena italiana di fast-food dedicata al mondo del poke, scopri questo piatto hawaiano super healthy, sano e goloso\" \/>\n<meta property=\"og:url\" content=\"https:\/\/ilovepoke.it\/fr\/vegetalien\/\" \/>\n<meta property=\"og:site_name\" content=\"I love Pok\u00e9\" \/>\n<meta property=\"article:publisher\" content=\"https:\/\/www.facebook.com\/ilovepoke.official\/\" \/>\n<meta property=\"article:modified_time\" content=\"2025-10-19T15:52:40+00:00\" \/>\n<meta property=\"og:image\" content=\"https:\/\/ilovepoke.it\/wp-content\/uploads\/2022\/05\/ILovePoke-12apr22-086.png\" \/>\n\t<meta property=\"og:image:width\" content=\"5224\" \/>\n\t<meta property=\"og:image:height\" content=\"4178\" \/>\n\t<meta property=\"og:image:type\" content=\"image\/png\" \/>\n<meta name=\"twitter:card\" content=\"summary_large_image\" \/>\n<meta name=\"twitter:title\" content=\"Poke hawaiano Catena fast-food in italia - I love Pok\u00e9\" \/>\n<meta name=\"twitter:description\" content=\"I Love Poke \u00e8 la prima catena italiana di fast-food dedicata al mondo del poke, scopri questo piatto hawaiano super healthy, sano e goloso\" \/>\n<meta name=\"twitter:site\" content=\"@ilovepoke_\" \/>\n<meta name=\"twitter:label1\" content=\"Dur\u00e9e de lecture estim\u00e9e\" \/>\n\t<meta name=\"twitter:data1\" content=\"3 minutes\" \/>\n<script type=\"application\/ld+json\" class=\"yoast-schema-graph\">{\"@context\":\"https:\/\/schema.org\",\"@graph\":[{\"@type\":[\"Article\",\"BlogPosting\"],\"@id\":\"https:\/\/ilovepoke.it\/vegan\/#article\",\"isPartOf\":{\"@id\":\"https:\/\/ilovepoke.it\/vegan\/\"},\"author\":{\"name\":\"admin\",\"@id\":\"https:\/\/ilovepoke.it\/en\/#\/schema\/person\/4531dd6db37dd7beb4316882c8cec41d\"},\"headline\":\"Vegan\",\"datePublished\":\"2023-05-31T08:12:26+00:00\",\"dateModified\":\"2025-10-19T15:52:40+00:00\",\"mainEntityOfPage\":{\"@id\":\"https:\/\/ilovepoke.it\/vegan\/\"},\"wordCount\":702,\"publisher\":{\"@id\":\"https:\/\/ilovepoke.it\/en\/#organization\"},\"inLanguage\":\"fr-FR\"},{\"@type\":\"WebPage\",\"@id\":\"https:\/\/ilovepoke.it\/vegan\/\",\"url\":\"https:\/\/ilovepoke.it\/vegan\/\",\"name\":\"Poke hawaiano Catena fast-food in italia - I love Pok\u00e9\",\"isPartOf\":{\"@id\":\"https:\/\/ilovepoke.it\/en\/#website\"},\"datePublished\":\"2023-05-31T08:12:26+00:00\",\"dateModified\":\"2025-10-19T15:52:40+00:00\",\"description\":\"I Love Poke \u00e8 la prima catena italiana di fast-food dedicata al mondo del poke, scopri questo piatto hawaiano super healthy, sano e goloso\",\"breadcrumb\":{\"@id\":\"https:\/\/ilovepoke.it\/vegan\/#breadcrumb\"},\"inLanguage\":\"fr-FR\",\"potentialAction\":[{\"@type\":\"ReadAction\",\"target\":[\"https:\/\/ilovepoke.it\/vegan\/\"]}]},{\"@type\":\"BreadcrumbList\",\"@id\":\"https:\/\/ilovepoke.it\/vegan\/#breadcrumb\",\"itemListElement\":[{\"@type\":\"ListItem\",\"position\":1,\"name\":\"Home\",\"item\":\"https:\/\/ilovepoke.it\/\"},{\"@type\":\"ListItem\",\"position\":2,\"name\":\"Vegan\"}]},{\"@type\":\"WebSite\",\"@id\":\"https:\/\/ilovepoke.it\/en\/#website\",\"url\":\"https:\/\/ilovepoke.it\/en\/\",\"name\":\"I love Poke\",\"description\":\"Poke love. Riso nero, salmone, tonno, arancia e finocchio, alghe wakame, edamame, cavolo rosso, carote, melagrana, sesamo, salsa guacamole e soya.\",\"publisher\":{\"@id\":\"https:\/\/ilovepoke.it\/en\/#organization\"},\"potentialAction\":[{\"@type\":\"SearchAction\",\"target\":{\"@type\":\"EntryPoint\",\"urlTemplate\":\"https:\/\/ilovepoke.it\/en\/?s={search_term_string}\"},\"query-input\":{\"@type\":\"PropertyValueSpecification\",\"valueRequired\":true,\"valueName\":\"search_term_string\"}}],\"inLanguage\":\"fr-FR\"},{\"@type\":\"Organization\",\"@id\":\"https:\/\/ilovepoke.it\/en\/#organization\",\"name\":\"I Love Poke\",\"url\":\"https:\/\/ilovepoke.it\/en\/\",\"logo\":{\"@type\":\"ImageObject\",\"inLanguage\":\"fr-FR\",\"@id\":\"https:\/\/ilovepoke.it\/en\/#\/schema\/logo\/image\/\",\"url\":\"https:\/\/ilovepoke.it\/wp-content\/uploads\/2021\/02\/ilovepoke_logo_verde-rosa-bianco-2.png\",\"contentUrl\":\"https:\/\/ilovepoke.it\/wp-content\/uploads\/2021\/02\/ilovepoke_logo_verde-rosa-bianco-2.png\",\"width\":500,\"height\":224,\"caption\":\"I Love Poke\"},\"image\":{\"@id\":\"https:\/\/ilovepoke.it\/en\/#\/schema\/logo\/image\/\"},\"sameAs\":[\"https:\/\/www.facebook.com\/ilovepoke.official\/\",\"https:\/\/x.com\/ilovepoke_\",\"https:\/\/www.instagram.com\/ilovepoke.official\/\"]},{\"@type\":\"Person\",\"@id\":\"https:\/\/ilovepoke.it\/en\/#\/schema\/person\/4531dd6db37dd7beb4316882c8cec41d\",\"name\":\"admin\",\"image\":{\"@type\":\"ImageObject\",\"inLanguage\":\"fr-FR\",\"@id\":\"https:\/\/ilovepoke.it\/en\/#\/schema\/person\/image\/\",\"url\":\"https:\/\/secure.gravatar.com\/avatar\/0c2e032b23081d10a7afe506d6ff8c7fcac9dec713eb1b948486fd2d373664c2?s=96&d=mm&r=g\",\"contentUrl\":\"https:\/\/secure.gravatar.com\/avatar\/0c2e032b23081d10a7afe506d6ff8c7fcac9dec713eb1b948486fd2d373664c2?s=96&d=mm&r=g\",\"caption\":\"admin\"},\"sameAs\":[\"https:\/\/ilovepoke.it\"],\"url\":\"https:\/\/ilovepoke.it\/fr\/author\/admin\/\"}]}<\/script>\n<!-- \/ Yoast SEO Premium plugin. -->","yoast_head_json":{"title":"Une cha\u00eene de restauration rapide hawa\u00efenne en Italie - J'aime le Pok\u00e9","description":"I Love Poke est la premi\u00e8re cha\u00eene italienne de restauration rapide d\u00e9di\u00e9e au monde du poke. D\u00e9couvrez ce plat hawa\u00efen super sain et d\u00e9licieux.","robots":{"index":"index","follow":"follow","max-snippet":"max-snippet:-1","max-image-preview":"max-image-preview:large","max-video-preview":"max-video-preview:-1"},"canonical":"https:\/\/ilovepoke.it\/fr\/vegetalien\/","og_locale":"fr_FR","og_type":"article","og_title":"Poke hawaiano Catena fast-food in italia - I love Pok\u00e9","og_description":"I Love Poke \u00e8 la prima catena italiana di fast-food dedicata al mondo del poke, scopri questo piatto hawaiano super healthy, sano e goloso","og_url":"https:\/\/ilovepoke.it\/fr\/vegetalien\/","og_site_name":"I love Pok\u00e9","article_publisher":"https:\/\/www.facebook.com\/ilovepoke.official\/","article_modified_time":"2025-10-19T15:52:40+00:00","og_image":[{"width":5224,"height":4178,"url":"https:\/\/ilovepoke.it\/wp-content\/uploads\/2022\/05\/ILovePoke-12apr22-086.png","type":"image\/png"}],"twitter_card":"summary_large_image","twitter_title":"Poke hawaiano Catena fast-food in italia - I love Pok\u00e9","twitter_description":"I Love Poke \u00e8 la prima catena italiana di fast-food dedicata al mondo del poke, scopri questo piatto hawaiano super healthy, sano e goloso","twitter_site":"@ilovepoke_","twitter_misc":{"Dur\u00e9e de lecture estim\u00e9e":"3 minutes"},"schema":{"@context":"https:\/\/schema.org","@graph":[{"@type":["Article","BlogPosting"],"@id":"https:\/\/ilovepoke.it\/vegan\/#article","isPartOf":{"@id":"https:\/\/ilovepoke.it\/vegan\/"},"author":{"name":"admin","@id":"https:\/\/ilovepoke.it\/en\/#\/schema\/person\/4531dd6db37dd7beb4316882c8cec41d"},"headline":"Vegan","datePublished":"2023-05-31T08:12:26+00:00","dateModified":"2025-10-19T15:52:40+00:00","mainEntityOfPage":{"@id":"https:\/\/ilovepoke.it\/vegan\/"},"wordCount":702,"publisher":{"@id":"https:\/\/ilovepoke.it\/en\/#organization"},"inLanguage":"fr-FR"},{"@type":"WebPage","@id":"https:\/\/ilovepoke.it\/vegan\/","url":"https:\/\/ilovepoke.it\/vegan\/","name":"Une cha\u00eene de restauration rapide hawa\u00efenne en Italie - J'aime le Pok\u00e9","isPartOf":{"@id":"https:\/\/ilovepoke.it\/en\/#website"},"datePublished":"2023-05-31T08:12:26+00:00","dateModified":"2025-10-19T15:52:40+00:00","description":"I Love Poke est la premi\u00e8re cha\u00eene italienne de restauration rapide d\u00e9di\u00e9e au monde du poke. D\u00e9couvrez ce plat hawa\u00efen super sain et d\u00e9licieux.","breadcrumb":{"@id":"https:\/\/ilovepoke.it\/vegan\/#breadcrumb"},"inLanguage":"fr-FR","potentialAction":[{"@type":"ReadAction","target":["https:\/\/ilovepoke.it\/vegan\/"]}]},{"@type":"BreadcrumbList","@id":"https:\/\/ilovepoke.it\/vegan\/#breadcrumb","itemListElement":[{"@type":"ListItem","position":1,"name":"Home","item":"https:\/\/ilovepoke.it\/"},{"@type":"ListItem","position":2,"name":"Vegan"}]},{"@type":"WebSite","@id":"https:\/\/ilovepoke.it\/en\/#website","url":"https:\/\/ilovepoke.it\/en\/","name":"J'aime le Poke","description":"Poke love. Riz noir, saumon, thon, orange et fenouil, algues wakame, edamame, chou rouge, carottes, grenade, s\u00e9same, sauce guacamole et soja.","publisher":{"@id":"https:\/\/ilovepoke.it\/en\/#organization"},"potentialAction":[{"@type":"SearchAction","target":{"@type":"EntryPoint","urlTemplate":"https:\/\/ilovepoke.it\/en\/?s={search_term_string}"},"query-input":{"@type":"PropertyValueSpecification","valueRequired":true,"valueName":"search_term_string"}}],"inLanguage":"fr-FR"},{"@type":"Organization","@id":"https:\/\/ilovepoke.it\/en\/#organization","name":"I Love Poke","url":"https:\/\/ilovepoke.it\/en\/","logo":{"@type":"ImageObject","inLanguage":"fr-FR","@id":"https:\/\/ilovepoke.it\/en\/#\/schema\/logo\/image\/","url":"https:\/\/ilovepoke.it\/wp-content\/uploads\/2021\/02\/ilovepoke_logo_verde-rosa-bianco-2.png","contentUrl":"https:\/\/ilovepoke.it\/wp-content\/uploads\/2021\/02\/ilovepoke_logo_verde-rosa-bianco-2.png","width":500,"height":224,"caption":"I Love Poke"},"image":{"@id":"https:\/\/ilovepoke.it\/en\/#\/schema\/logo\/image\/"},"sameAs":["https:\/\/www.facebook.com\/ilovepoke.official\/","https:\/\/x.com\/ilovepoke_","https:\/\/www.instagram.com\/ilovepoke.official\/"]},{"@type":"Person","@id":"https:\/\/ilovepoke.it\/en\/#\/schema\/person\/4531dd6db37dd7beb4316882c8cec41d","name":"l'administration","image":{"@type":"ImageObject","inLanguage":"fr-FR","@id":"https:\/\/ilovepoke.it\/en\/#\/schema\/person\/image\/","url":"https:\/\/secure.gravatar.com\/avatar\/0c2e032b23081d10a7afe506d6ff8c7fcac9dec713eb1b948486fd2d373664c2?s=96&d=mm&r=g","contentUrl":"https:\/\/secure.gravatar.com\/avatar\/0c2e032b23081d10a7afe506d6ff8c7fcac9dec713eb1b948486fd2d373664c2?s=96&d=mm&r=g","caption":"admin"},"sameAs":["https:\/\/ilovepoke.it"],"url":"https:\/\/ilovepoke.it\/fr\/author\/admin\/"}]}},"_links":{"self":[{"href":"https:\/\/ilovepoke.it\/fr\/wp-json\/wp\/v2\/pages\/14496","targetHints":{"allow":["GET"]}}],"collection":[{"href":"https:\/\/ilovepoke.it\/fr\/wp-json\/wp\/v2\/pages"}],"about":[{"href":"https:\/\/ilovepoke.it\/fr\/wp-json\/wp\/v2\/types\/page"}],"author":[{"embeddable":true,"href":"https:\/\/ilovepoke.it\/fr\/wp-json\/wp\/v2\/users\/1"}],"replies":[{"embeddable":true,"href":"https:\/\/ilovepoke.it\/fr\/wp-json\/wp\/v2\/comments?post=14496"}],"version-history":[{"count":1,"href":"https:\/\/ilovepoke.it\/fr\/wp-json\/wp\/v2\/pages\/14496\/revisions"}],"predecessor-version":[{"id":900306,"href":"https:\/\/ilovepoke.it\/fr\/wp-json\/wp\/v2\/pages\/14496\/revisions\/900306"}],"wp:attachment":[{"href":"https:\/\/ilovepoke.it\/fr\/wp-json\/wp\/v2\/media?parent=14496"}],"curies":[{"name":"wp","href":"https:\/\/api.w.org\/{rel}","templated":true}]}}