{"id":1570,"date":"2020-09-07T13:27:15","date_gmt":"2020-09-07T13:27:15","guid":{"rendered":"https:\/\/ilovepoke.it\/?page_id=1570"},"modified":"2025-10-19T14:37:29","modified_gmt":"2025-10-19T12:37:29","slug":"livraison-3","status":"publish","type":"page","link":"https:\/\/ilovepoke.it\/fr\/livraison-3\/","title":{"rendered":"Livraison"},"content":{"rendered":"<div class=\"wpb-content-wrapper\"><section      data-speed=\"1\" class=\"parallax_section_holder  mainbanner\" style = \" height:px; background-image:url('https:\/\/ilovepoke.it\/wp-content\/uploads\/2020\/09\/take-away-poke.jpg');\"><div class=\"parallax_content left\"><div class='parallax_section_inner_margin clearfix'><div class=\"wpb_column vc_column_container vc_col-sm-12\"><div class=\"vc_column-inner\"><div class=\"wpb_wrapper\"><div      class=\"vc_row wpb_row section vc_row-fluid vc_inner  vc_custom_1599484997220\" style=' text-align:center;'><div class=\"full_section_inner clearfix\"><div class=\"wpb_column vc_column_container vc_col-sm-12\"><div class=\"vc_column-inner\"><div class=\"wpb_wrapper\">\n\t<div class=\"wpb_text_column wpb_content_element\">\n\t\t<div class=\"wpb_wrapper\">\n\t\t\t<h2><span style=\"color: #fff;\">Livraison Poke<\/span><\/h2>\n\n\t\t<\/div>\n\t<\/div><\/div><\/div><\/div><\/div><\/div><\/div><\/div><\/div><\/div><\/div><\/section><div      class=\"vc_row wpb_row section vc_row-fluid\" style=' text-align:left;'><div class=\"full_section_inner clearfix\"><div class=\"wpb_column vc_column_container vc_col-sm-12\"><div class=\"vc_column-inner vc_custom_1510217317722\"><div class=\"wpb_wrapper\">\n\t<div class=\"wpb_single_image wpb_content_element vc_align_center\">\n\t\t<div class=\"wpb_wrapper\">\n\t\t\t\n\t\t\t<div class=\"vc_single_image-wrapper   vc_box_border_grey\"><img fetchpriority=\"high\" decoding=\"async\" width=\"1920\" height=\"198\" src=\"https:\/\/ilovepoke.it\/wp-content\/uploads\/2017\/11\/shape2.png\" class=\"vc_single_image-img attachment-full\" alt=\"forme2\" title=\"forme2\" srcset=\"https:\/\/ilovepoke.it\/wp-content\/uploads\/2017\/11\/shape2.png 1920w, https:\/\/ilovepoke.it\/wp-content\/uploads\/2017\/11\/shape2-600x62.png 600w, https:\/\/ilovepoke.it\/wp-content\/uploads\/2017\/11\/shape2-300x31.png 300w, https:\/\/ilovepoke.it\/wp-content\/uploads\/2017\/11\/shape2-1024x106.png 1024w, https:\/\/ilovepoke.it\/wp-content\/uploads\/2017\/11\/shape2-768x79.png 768w, https:\/\/ilovepoke.it\/wp-content\/uploads\/2017\/11\/shape2-1536x158.png 1536w, https:\/\/ilovepoke.it\/wp-content\/uploads\/2017\/11\/shape2-700x72.png 700w\" sizes=\"(max-width: 1920px) 100vw, 1920px\" \/><\/div>\n\t\t<\/div>\n\t<\/div>\n<\/div><\/div><\/div><\/div><\/div><div      class=\"vc_row wpb_row section vc_row-fluid  grid_section\" style=' text-align:left;'><div class=\"section_inner clearfix\"><div class='section_inner_margin clearfix'><div class=\"wpb_column vc_column_container vc_col-sm-6\"><div class=\"vc_column-inner\"><div class=\"wpb_wrapper\">\n\t<div class=\"wpb_text_column wpb_content_element\">\n\t\t<div class=\"wpb_wrapper\">\n\t\t\t<h3 style=\"margin-bottom: 20px;\">Un vol pour Hawa\u00ef sans bouger de chez soi ?<\/h3>\n<p>Commandez votre <a href=\"https:\/\/ilovepoke.it\/fr\/types-de-poke-tout-ce-quil-faut-savoir\/\">poke<\/a> Le choix d'un produit de qualit\u00e9 se fait dans le confort de votre maison, pour un d\u00e9jeuner ou un d\u00eener sain, agr\u00e9able au palais et \u00e0 l'\u0153il ! Vous nous trouverez sur les principaux portails de livraison.<\/p>\n\n\t\t<\/div>\n\t<\/div>\n\t<div class=\"wpb_single_image wpb_content_element vc_align_center\">\n\t\t<div class=\"wpb_wrapper\">\n\t\t\t\n\t\t\t<div class=\"vc_single_image-wrapper   vc_box_border_grey\"><img decoding=\"async\" width=\"1920\" height=\"739\" src=\"https:\/\/ilovepoke.it\/wp-content\/uploads\/2020\/09\/prodotti.png\" class=\"vc_single_image-img attachment-full\" alt=\"\" title=\"produits\" srcset=\"https:\/\/ilovepoke.it\/wp-content\/uploads\/2020\/09\/prodotti.png 1920w, https:\/\/ilovepoke.it\/wp-content\/uploads\/2020\/09\/prodotti-300x115.png 300w, https:\/\/ilovepoke.it\/wp-content\/uploads\/2020\/09\/prodotti-1024x394.png 1024w, https:\/\/ilovepoke.it\/wp-content\/uploads\/2020\/09\/prodotti-768x296.png 768w, https:\/\/ilovepoke.it\/wp-content\/uploads\/2020\/09\/prodotti-1536x591.png 1536w, https:\/\/ilovepoke.it\/wp-content\/uploads\/2020\/09\/prodotti-18x7.png 18w, https:\/\/ilovepoke.it\/wp-content\/uploads\/2020\/09\/prodotti-700x269.png 700w\" sizes=\"(max-width: 1920px) 100vw, 1920px\" \/><\/div>\n\t\t<\/div>\n\t<\/div>\n<\/div><\/div><\/div><div class=\"top-row-bottom wpb_column vc_column_container vc_col-sm-6\"><div class=\"vc_column-inner\"><div class=\"wpb_wrapper\">\n\t<div class=\"wpb_single_image wpb_content_element vc_align_center\">\n\t\t<div class=\"wpb_wrapper\">\n\t\t\t\n\t\t\t<div class=\"vc_single_image-wrapper   vc_box_border_grey\"><img decoding=\"async\" width=\"1000\" height=\"1000\" src=\"https:\/\/ilovepoke.it\/wp-content\/uploads\/2020\/09\/i-love-poke6970_.jpg\" class=\"vc_single_image-img attachment-full\" alt=\"\" title=\"i love poke6970_\" srcset=\"https:\/\/ilovepoke.it\/wp-content\/uploads\/2020\/09\/i-love-poke6970_.jpg 1000w, https:\/\/ilovepoke.it\/wp-content\/uploads\/2020\/09\/i-love-poke6970_-300x300.jpg 300w, https:\/\/ilovepoke.it\/wp-content\/uploads\/2020\/09\/i-love-poke6970_-150x150.jpg 150w, https:\/\/ilovepoke.it\/wp-content\/uploads\/2020\/09\/i-love-poke6970_-768x768.jpg 768w, https:\/\/ilovepoke.it\/wp-content\/uploads\/2020\/09\/i-love-poke6970_-120x120.jpg 120w, https:\/\/ilovepoke.it\/wp-content\/uploads\/2020\/09\/i-love-poke6970_-12x12.jpg 12w, https:\/\/ilovepoke.it\/wp-content\/uploads\/2020\/09\/i-love-poke6970_-500x500.jpg 500w, https:\/\/ilovepoke.it\/wp-content\/uploads\/2020\/09\/i-love-poke6970_-570x570.jpg 570w, https:\/\/ilovepoke.it\/wp-content\/uploads\/2020\/09\/i-love-poke6970_-700x700.jpg 700w\" sizes=\"(max-width: 1000px) 100vw, 1000px\" \/><\/div>\n\t\t<\/div>\n\t<\/div>\n\n\t<div class=\"wpb_raw_code wpb_raw_html wpb_content_element\" >\n\t\t<div class=\"wpb_wrapper\">\n\t\t\t<script>\njQuery(document).ready(function(){\n\tjQuery('#hover-effect .vc_column-inner > .wpb_wrapper').click(function() {\n        var href = jQuery(this).find(\"a\").attr(\"href\");\n        if(href) {\n            window.location = href;\n        }\n    });\n});\n<\/script\n\t\t<\/div>\n\t<\/div>\n<\/div><\/div><\/div><\/div><\/div><\/div><div id=\"hover-effect\"     class=\"vc_row wpb_row section vc_row-fluid  vc_custom_1600689337379 grid_section\" style=' text-align:left;'><div class=\"section_inner clearfix\"><div class='section_inner_margin clearfix'><div class=\"wpb_column vc_column_container vc_col-sm-6\"><div class=\"vc_column-inner\"><div class=\"wpb_wrapper\">\n\t<div class=\"wpb_text_column wpb_content_element\">\n\t\t<div class=\"wpb_wrapper\">\n\t\t\t<p><img fetchpriority=\"high\" decoding=\"async\" loading=\"eager\" class=\"\" style=\"float: left;\" src=\"https:\/\/ilovepoke.it\/wp-content\/uploads\/2020\/09\/deliveroo_logo.jpg\" alt=\"\" width=\"180\" height=\"180\" \/><\/p>\n<h1>Commandez votre plat pr\u00e9f\u00e9r\u00e9<\/h1>\n<p class=\"small-text\">Chez vous gr\u00e2ce \u00e0 la livraison \u00e0 domicile de Deliveroo.<\/p>\n<p class=\"btn\"><a href=\"https:\/\/deliveroo.it\/it\/menu\/milano\/duomo\/i-love-poke?utm_campaign=organic&amp;utm_medium=referrer&amp;utm_source=menu_share\" target=\"new\" rel=\"noopener noreferrer\">COMMANDEZ &gt;<\/a><\/p>\n\n\t\t<\/div>\n\t<\/div><\/div><\/div><\/div><div class=\"wpb_column vc_column_container vc_col-sm-6\"><div class=\"vc_column-inner\"><div class=\"wpb_wrapper\">\n\t<div class=\"wpb_text_column wpb_content_element\">\n\t\t<div class=\"wpb_wrapper\">\n\t\t\t<p><img loading=\"lazy\" decoding=\"async\" class=\"alignnone size-medium wp-image-1873\" style=\"float: left;\" src=\"https:\/\/ilovepoke.it\/wp-content\/uploads\/2020\/09\/glovo.jpg\" alt=\"\" width=\"180\" height=\"180\" \/><\/p>\n<h1>Nous vous apportons ce que vous voulez<\/h1>\n<p class=\"small-text\">Commandez ce que vous voulez dans n'importe quel magasin de votre ville<\/p>\n<p class=\"btn\"><a href=\"https:\/\/glovoapp.com\/it\/tor\/store\/i-love-poke-tor1\" target=\"_blank\" rel=\"noopener noreferrer\">COMMANDEZ &gt;<\/a><\/p>\n\n\t\t<\/div>\n\t<\/div><\/div><\/div><\/div><\/div><\/div><\/div><div id=\"hover-effect\"     class=\"vc_row wpb_row section vc_row-fluid  vc_custom_1600765705273 grid_section\" style=' text-align:left;'><div class=\"section_inner clearfix\"><div class='section_inner_margin clearfix'><div class=\"wpb_column vc_column_container vc_col-sm-6\"><div class=\"vc_column-inner\"><div class=\"wpb_wrapper\">\n\t<div class=\"wpb_text_column wpb_content_element\">\n\t\t<div class=\"wpb_wrapper\">\n\t\t\t<p><img loading=\"lazy\" decoding=\"async\" class=\"alignnone size-medium wp-image-1873\" style=\"float: left;\" src=\"https:\/\/ilovepoke.it\/wp-content\/uploads\/2020\/09\/justeat.png\" alt=\"\" width=\"180\" height=\"180\" \/><\/p>\n<h1>Ce que vous voulez, o\u00f9 vous voulez<\/h1>\n<p class=\"small-text\">Envie de Poke \u00e0 domicile, d\u00e9couvrez le menu<\/p>\n<p class=\"btn\"><a href=\"https:\/\/www.justeat.it\/restaurants-ilovepokecitylife\" target=\"_blank\" rel=\"noopener noreferrer\">COMMANDEZ &gt;<\/a><\/p>\n\n\t\t<\/div>\n\t<\/div><\/div><\/div><\/div><div class=\"wpb_column vc_column_container vc_col-sm-6 vc_hidden-lg vc_hidden-md vc_hidden-sm vc_hidden-xs\"><div class=\"vc_column-inner\"><div class=\"wpb_wrapper\">\n\t<div class=\"wpb_text_column wpb_content_element\">\n\t\t<div class=\"wpb_wrapper\">\n\t\t\t<p><img loading=\"lazy\" decoding=\"async\" class=\"\" style=\"float: left;\" src=\"https:\/\/ilovepoke.it\/wp-content\/uploads\/2020\/09\/uber-eats-consegna-gratis.png\" alt=\"\" width=\"180\" height=\"180\" \/><\/p>\n<h1>Vous avez faim ? Commandez la nourriture que vous voulez<\/h1>\n<p class=\"small-text\">Vous pouvez recevoir nos poke pr\u00e9f\u00e9r\u00e9s \u00e0 la vitesse d'Uber<\/p>\n<p class=\"btn\"><a href=\"https:\/\/www.ubereats.com\/it\/milano\/food-delivery\/i-love-poke-duomo\/xs_beDx3Q2u8OP6VPOmMUg\" target=\"_blank\" rel=\"noopener noreferrer\">COMMANDEZ &gt;<\/a><\/p>\n\n\t\t<\/div>\n\t<\/div><\/div><\/div><\/div><\/div><\/div><\/div><div      class=\"vc_row wpb_row section vc_row-fluid\" style=' text-align:left;'><div class=\"full_section_inner clearfix\"><div class=\"wpb_column vc_column_container vc_col-sm-12\"><div class=\"vc_column-inner\"><div class=\"wpb_wrapper\"><div class=\"vc_empty_space\"  style=\"height: 62px\" >\n\t<span class=\"vc_empty_space_inner\">\n\t\t<span class=\"empty_space_image\"  ><\/span>\n\t<\/span>\n<\/div><\/div><\/div><\/div><\/div><\/div>\n<\/div>","protected":false},"excerpt":{"rendered":"Delivery Poke Un Volo alle Hawaii Senza Muoverti Da Casa? Ordina la tua poke preferita comodamente a casa tua, per una pausa pranzo o cena healthy che appaga il gusto e anche la vista! Ci trovi sui principali portali di delivery. jQuery(document).ready(function(){ jQuery('#hover-effect .vc_column-inner >...","protected":false},"author":1,"featured_media":0,"parent":0,"menu_order":0,"comment_status":"closed","ping_status":"closed","template":"full_width.php","meta":{"_acf_changed":false,"content-type":"","inline_featured_image":false,"wpupg_custom_link":[],"wpupg_custom_link_behaviour":[],"wpupg_custom_link_nofollow":[],"wpupg_custom_image":[],"wpupg_custom_image_id":[],"footnotes":""},"class_list":["post-1570","page","type-page","status-publish","hentry"],"acf":[],"yoast_head":"<!-- This site is optimized with the Yoast SEO Premium plugin v26.1 (Yoast SEO v27.1.1) - https:\/\/yoast.com\/product\/yoast-seo-premium-wordpress\/ -->\n<title>Poke Asporto Delivery - I love Pok\u00e9<\/title>\n<meta name=\"description\" content=\"Ordina la tua poke preferita comodamente a casa tua, per una pausa pranzo o cena healthy che appaga il gusto e anche la vista!\" \/>\n<meta name=\"robots\" content=\"index, follow, max-snippet:-1, max-image-preview:large, max-video-preview:-1\" \/>\n<link rel=\"canonical\" href=\"https:\/\/ilovepoke.it\/fr\/livraison-3\/\" \/>\n<meta property=\"og:locale\" content=\"fr_FR\" \/>\n<meta property=\"og:type\" content=\"article\" \/>\n<meta property=\"og:title\" content=\"Delivery\" \/>\n<meta property=\"og:url\" content=\"https:\/\/ilovepoke.it\/fr\/livraison-3\/\" \/>\n<meta property=\"og:site_name\" content=\"I love Pok\u00e9\" \/>\n<meta property=\"article:publisher\" content=\"https:\/\/www.facebook.com\/ilovepoke.official\/\" \/>\n<meta property=\"article:modified_time\" content=\"2025-10-19T12:37:29+00:00\" \/>\n<meta property=\"og:image\" content=\"https:\/\/ilovepoke.it\/wp-content\/uploads\/2020\/09\/deliveroo_logo.jpg\" \/>\n<meta name=\"twitter:card\" content=\"summary_large_image\" \/>\n<meta name=\"twitter:site\" content=\"@ilovepoke_\" \/>\n<meta name=\"twitter:label1\" content=\"Dur\u00e9e de lecture estim\u00e9e\" \/>\n\t<meta name=\"twitter:data1\" content=\"2 minutes\" \/>\n<script type=\"application\/ld+json\" class=\"yoast-schema-graph\">{\"@context\":\"https:\/\/schema.org\",\"@graph\":[{\"@type\":[\"Article\",\"BlogPosting\"],\"@id\":\"https:\/\/ilovepoke.it\/delivery-3\/#article\",\"isPartOf\":{\"@id\":\"https:\/\/ilovepoke.it\/delivery-3\/\"},\"author\":{\"name\":\"admin\",\"@id\":\"https:\/\/ilovepoke.it\/en\/#\/schema\/person\/4531dd6db37dd7beb4316882c8cec41d\"},\"headline\":\"Delivery\",\"datePublished\":\"2020-09-07T13:27:15+00:00\",\"dateModified\":\"2025-10-19T12:37:29+00:00\",\"mainEntityOfPage\":{\"@id\":\"https:\/\/ilovepoke.it\/delivery-3\/\"},\"wordCount\":523,\"publisher\":{\"@id\":\"https:\/\/ilovepoke.it\/en\/#organization\"},\"image\":{\"@id\":\"https:\/\/ilovepoke.it\/delivery-3\/#primaryimage\"},\"thumbnailUrl\":\"https:\/\/ilovepoke.it\/wp-content\/uploads\/2020\/09\/deliveroo_logo.jpg\",\"inLanguage\":\"fr-FR\"},{\"@type\":\"WebPage\",\"@id\":\"https:\/\/ilovepoke.it\/delivery-3\/\",\"url\":\"https:\/\/ilovepoke.it\/delivery-3\/\",\"name\":\"Poke Asporto Delivery - I love Pok\u00e9\",\"isPartOf\":{\"@id\":\"https:\/\/ilovepoke.it\/en\/#website\"},\"primaryImageOfPage\":{\"@id\":\"https:\/\/ilovepoke.it\/delivery-3\/#primaryimage\"},\"image\":{\"@id\":\"https:\/\/ilovepoke.it\/delivery-3\/#primaryimage\"},\"thumbnailUrl\":\"https:\/\/ilovepoke.it\/wp-content\/uploads\/2020\/09\/deliveroo_logo.jpg\",\"datePublished\":\"2020-09-07T13:27:15+00:00\",\"dateModified\":\"2025-10-19T12:37:29+00:00\",\"description\":\"Ordina la tua poke preferita comodamente a casa tua, per una pausa pranzo o cena healthy che appaga il gusto e anche la vista!\",\"breadcrumb\":{\"@id\":\"https:\/\/ilovepoke.it\/delivery-3\/#breadcrumb\"},\"inLanguage\":\"fr-FR\",\"potentialAction\":[{\"@type\":\"ReadAction\",\"target\":[\"https:\/\/ilovepoke.it\/delivery-3\/\"]}]},{\"@type\":\"ImageObject\",\"inLanguage\":\"fr-FR\",\"@id\":\"https:\/\/ilovepoke.it\/delivery-3\/#primaryimage\",\"url\":\"https:\/\/ilovepoke.it\/wp-content\/uploads\/2020\/09\/deliveroo_logo.jpg\",\"contentUrl\":\"https:\/\/ilovepoke.it\/wp-content\/uploads\/2020\/09\/deliveroo_logo.jpg\"},{\"@type\":\"BreadcrumbList\",\"@id\":\"https:\/\/ilovepoke.it\/delivery-3\/#breadcrumb\",\"itemListElement\":[{\"@type\":\"ListItem\",\"position\":1,\"name\":\"Home\",\"item\":\"https:\/\/ilovepoke.it\/\"},{\"@type\":\"ListItem\",\"position\":2,\"name\":\"Delivery\"}]},{\"@type\":\"WebSite\",\"@id\":\"https:\/\/ilovepoke.it\/en\/#website\",\"url\":\"https:\/\/ilovepoke.it\/en\/\",\"name\":\"I love Poke\",\"description\":\"Poke love. Riso nero, salmone, tonno, arancia e finocchio, alghe wakame, edamame, cavolo rosso, carote, melagrana, sesamo, salsa guacamole e soya.\",\"publisher\":{\"@id\":\"https:\/\/ilovepoke.it\/en\/#organization\"},\"potentialAction\":[{\"@type\":\"SearchAction\",\"target\":{\"@type\":\"EntryPoint\",\"urlTemplate\":\"https:\/\/ilovepoke.it\/en\/?s={search_term_string}\"},\"query-input\":{\"@type\":\"PropertyValueSpecification\",\"valueRequired\":true,\"valueName\":\"search_term_string\"}}],\"inLanguage\":\"fr-FR\"},{\"@type\":\"Organization\",\"@id\":\"https:\/\/ilovepoke.it\/en\/#organization\",\"name\":\"I Love Poke\",\"url\":\"https:\/\/ilovepoke.it\/en\/\",\"logo\":{\"@type\":\"ImageObject\",\"inLanguage\":\"fr-FR\",\"@id\":\"https:\/\/ilovepoke.it\/en\/#\/schema\/logo\/image\/\",\"url\":\"https:\/\/ilovepoke.it\/wp-content\/uploads\/2021\/02\/ilovepoke_logo_verde-rosa-bianco-2.png\",\"contentUrl\":\"https:\/\/ilovepoke.it\/wp-content\/uploads\/2021\/02\/ilovepoke_logo_verde-rosa-bianco-2.png\",\"width\":500,\"height\":224,\"caption\":\"I Love Poke\"},\"image\":{\"@id\":\"https:\/\/ilovepoke.it\/en\/#\/schema\/logo\/image\/\"},\"sameAs\":[\"https:\/\/www.facebook.com\/ilovepoke.official\/\",\"https:\/\/x.com\/ilovepoke_\",\"https:\/\/www.instagram.com\/ilovepoke.official\/\"]},{\"@type\":\"Person\",\"@id\":\"https:\/\/ilovepoke.it\/en\/#\/schema\/person\/4531dd6db37dd7beb4316882c8cec41d\",\"name\":\"admin\",\"image\":{\"@type\":\"ImageObject\",\"inLanguage\":\"fr-FR\",\"@id\":\"https:\/\/ilovepoke.it\/en\/#\/schema\/person\/image\/\",\"url\":\"https:\/\/secure.gravatar.com\/avatar\/0c2e032b23081d10a7afe506d6ff8c7fcac9dec713eb1b948486fd2d373664c2?s=96&d=mm&r=g\",\"contentUrl\":\"https:\/\/secure.gravatar.com\/avatar\/0c2e032b23081d10a7afe506d6ff8c7fcac9dec713eb1b948486fd2d373664c2?s=96&d=mm&r=g\",\"caption\":\"admin\"},\"sameAs\":[\"https:\/\/ilovepoke.it\"],\"url\":\"https:\/\/ilovepoke.it\/fr\/author\/admin\/\"}]}<\/script>\n<!-- \/ Yoast SEO Premium plugin. -->","yoast_head_json":{"title":"Poke Carry Delivery - J'aime les Pok\u00e9","description":"Commandez votre poke pr\u00e9f\u00e9r\u00e9 dans le confort de votre maison, pour un d\u00e9jeuner ou un d\u00eener sain qui satisfait aussi bien le palais que l'\u0153il !","robots":{"index":"index","follow":"follow","max-snippet":"max-snippet:-1","max-image-preview":"max-image-preview:large","max-video-preview":"max-video-preview:-1"},"canonical":"https:\/\/ilovepoke.it\/fr\/livraison-3\/","og_locale":"fr_FR","og_type":"article","og_title":"Delivery","og_url":"https:\/\/ilovepoke.it\/fr\/livraison-3\/","og_site_name":"I love Pok\u00e9","article_publisher":"https:\/\/www.facebook.com\/ilovepoke.official\/","article_modified_time":"2025-10-19T12:37:29+00:00","og_image":[{"url":"https:\/\/ilovepoke.it\/wp-content\/uploads\/2020\/09\/deliveroo_logo.jpg","type":"","width":"","height":""}],"twitter_card":"summary_large_image","twitter_site":"@ilovepoke_","twitter_misc":{"Dur\u00e9e de lecture estim\u00e9e":"2 minutes"},"schema":{"@context":"https:\/\/schema.org","@graph":[{"@type":["Article","BlogPosting"],"@id":"https:\/\/ilovepoke.it\/delivery-3\/#article","isPartOf":{"@id":"https:\/\/ilovepoke.it\/delivery-3\/"},"author":{"name":"admin","@id":"https:\/\/ilovepoke.it\/en\/#\/schema\/person\/4531dd6db37dd7beb4316882c8cec41d"},"headline":"Delivery","datePublished":"2020-09-07T13:27:15+00:00","dateModified":"2025-10-19T12:37:29+00:00","mainEntityOfPage":{"@id":"https:\/\/ilovepoke.it\/delivery-3\/"},"wordCount":523,"publisher":{"@id":"https:\/\/ilovepoke.it\/en\/#organization"},"image":{"@id":"https:\/\/ilovepoke.it\/delivery-3\/#primaryimage"},"thumbnailUrl":"https:\/\/ilovepoke.it\/wp-content\/uploads\/2020\/09\/deliveroo_logo.jpg","inLanguage":"fr-FR"},{"@type":"WebPage","@id":"https:\/\/ilovepoke.it\/delivery-3\/","url":"https:\/\/ilovepoke.it\/delivery-3\/","name":"Poke Carry Delivery - J'aime les Pok\u00e9","isPartOf":{"@id":"https:\/\/ilovepoke.it\/en\/#website"},"primaryImageOfPage":{"@id":"https:\/\/ilovepoke.it\/delivery-3\/#primaryimage"},"image":{"@id":"https:\/\/ilovepoke.it\/delivery-3\/#primaryimage"},"thumbnailUrl":"https:\/\/ilovepoke.it\/wp-content\/uploads\/2020\/09\/deliveroo_logo.jpg","datePublished":"2020-09-07T13:27:15+00:00","dateModified":"2025-10-19T12:37:29+00:00","description":"Commandez votre poke pr\u00e9f\u00e9r\u00e9 dans le confort de votre maison, pour un d\u00e9jeuner ou un d\u00eener sain qui satisfait aussi bien le palais que l'\u0153il !","breadcrumb":{"@id":"https:\/\/ilovepoke.it\/delivery-3\/#breadcrumb"},"inLanguage":"fr-FR","potentialAction":[{"@type":"ReadAction","target":["https:\/\/ilovepoke.it\/delivery-3\/"]}]},{"@type":"ImageObject","inLanguage":"fr-FR","@id":"https:\/\/ilovepoke.it\/delivery-3\/#primaryimage","url":"https:\/\/ilovepoke.it\/wp-content\/uploads\/2020\/09\/deliveroo_logo.jpg","contentUrl":"https:\/\/ilovepoke.it\/wp-content\/uploads\/2020\/09\/deliveroo_logo.jpg"},{"@type":"BreadcrumbList","@id":"https:\/\/ilovepoke.it\/delivery-3\/#breadcrumb","itemListElement":[{"@type":"ListItem","position":1,"name":"Home","item":"https:\/\/ilovepoke.it\/"},{"@type":"ListItem","position":2,"name":"Delivery"}]},{"@type":"WebSite","@id":"https:\/\/ilovepoke.it\/en\/#website","url":"https:\/\/ilovepoke.it\/en\/","name":"J'aime le Poke","description":"Poke love. Riz noir, saumon, thon, orange et fenouil, algues wakame, edamame, chou rouge, carottes, grenade, s\u00e9same, sauce guacamole et soja.","publisher":{"@id":"https:\/\/ilovepoke.it\/en\/#organization"},"potentialAction":[{"@type":"SearchAction","target":{"@type":"EntryPoint","urlTemplate":"https:\/\/ilovepoke.it\/en\/?s={search_term_string}"},"query-input":{"@type":"PropertyValueSpecification","valueRequired":true,"valueName":"search_term_string"}}],"inLanguage":"fr-FR"},{"@type":"Organization","@id":"https:\/\/ilovepoke.it\/en\/#organization","name":"I Love Poke","url":"https:\/\/ilovepoke.it\/en\/","logo":{"@type":"ImageObject","inLanguage":"fr-FR","@id":"https:\/\/ilovepoke.it\/en\/#\/schema\/logo\/image\/","url":"https:\/\/ilovepoke.it\/wp-content\/uploads\/2021\/02\/ilovepoke_logo_verde-rosa-bianco-2.png","contentUrl":"https:\/\/ilovepoke.it\/wp-content\/uploads\/2021\/02\/ilovepoke_logo_verde-rosa-bianco-2.png","width":500,"height":224,"caption":"I Love Poke"},"image":{"@id":"https:\/\/ilovepoke.it\/en\/#\/schema\/logo\/image\/"},"sameAs":["https:\/\/www.facebook.com\/ilovepoke.official\/","https:\/\/x.com\/ilovepoke_","https:\/\/www.instagram.com\/ilovepoke.official\/"]},{"@type":"Person","@id":"https:\/\/ilovepoke.it\/en\/#\/schema\/person\/4531dd6db37dd7beb4316882c8cec41d","name":"l'administration","image":{"@type":"ImageObject","inLanguage":"fr-FR","@id":"https:\/\/ilovepoke.it\/en\/#\/schema\/person\/image\/","url":"https:\/\/secure.gravatar.com\/avatar\/0c2e032b23081d10a7afe506d6ff8c7fcac9dec713eb1b948486fd2d373664c2?s=96&d=mm&r=g","contentUrl":"https:\/\/secure.gravatar.com\/avatar\/0c2e032b23081d10a7afe506d6ff8c7fcac9dec713eb1b948486fd2d373664c2?s=96&d=mm&r=g","caption":"admin"},"sameAs":["https:\/\/ilovepoke.it"],"url":"https:\/\/ilovepoke.it\/fr\/author\/admin\/"}]}},"_links":{"self":[{"href":"https:\/\/ilovepoke.it\/fr\/wp-json\/wp\/v2\/pages\/1570","targetHints":{"allow":["GET"]}}],"collection":[{"href":"https:\/\/ilovepoke.it\/fr\/wp-json\/wp\/v2\/pages"}],"about":[{"href":"https:\/\/ilovepoke.it\/fr\/wp-json\/wp\/v2\/types\/page"}],"author":[{"embeddable":true,"href":"https:\/\/ilovepoke.it\/fr\/wp-json\/wp\/v2\/users\/1"}],"replies":[{"embeddable":true,"href":"https:\/\/ilovepoke.it\/fr\/wp-json\/wp\/v2\/comments?post=1570"}],"version-history":[{"count":1,"href":"https:\/\/ilovepoke.it\/fr\/wp-json\/wp\/v2\/pages\/1570\/revisions"}],"predecessor-version":[{"id":900299,"href":"https:\/\/ilovepoke.it\/fr\/wp-json\/wp\/v2\/pages\/1570\/revisions\/900299"}],"wp:attachment":[{"href":"https:\/\/ilovepoke.it\/fr\/wp-json\/wp\/v2\/media?parent=1570"}],"curies":[{"name":"wp","href":"https:\/\/api.w.org\/{rel}","templated":true}]}}