{"id":1671,"date":"2020-09-14T06:50:16","date_gmt":"2020-09-14T06:50:16","guid":{"rendered":"https:\/\/ilovepoke.it\/?page_id=1671"},"modified":"2026-02-28T08:12:11","modified_gmt":"2026-02-28T08:12:11","slug":"politique-en-matiere-de-cookies","status":"publish","type":"page","link":"https:\/\/ilovepoke.it\/fr\/politique-en-matiere-de-cookies\/","title":{"rendered":"Politique en mati\u00e8re de cookies"},"content":{"rendered":"<div class=\"wpb-content-wrapper\"><div      class=\"vc_row wpb_row section vc_row-fluid\" style=' text-align:left;'><div class=\"full_section_inner clearfix\"><div class=\"wpb_column vc_column_container vc_col-sm-12\"><div class=\"vc_column-inner\"><div class=\"wpb_wrapper\">\n\t<div class=\"wpb_text_column wpb_content_element\">\n\t\t<div class=\"wpb_wrapper\">\n\t\t\t<p>POLITIQUE EN MATI\u00c8RE DE COOKIES<\/p>\n<p>Les applications logicielles utilis\u00e9es peuvent contenir la technologie des \"cookies\". La fonction principale des cookies est de faciliter la navigation de l'utilisateur. Les cookies peuvent fournir des informations sur la navigation \u00e0 l'int\u00e9rieur du site et permettre le fonctionnement de certains services qui requi\u00e8rent l'identification du parcours de l'utilisateur \u00e0 travers les diff\u00e9rentes pages du site. Pour tout acc\u00e8s au portail, ind\u00e9pendamment de la pr\u00e9sence d'un cookie, le type de navigateur, le syst\u00e8me d'exploitation (par exemple Microsoft, Apple, Android, Linux, etc.), l'h\u00f4te et l'URL d'origine du visiteur, ainsi que les donn\u00e9es de la page demand\u00e9e sont enregistr\u00e9s. L'utilisateur peut toutefois configurer son navigateur de mani\u00e8re \u00e0 \u00eatre inform\u00e9 de la r\u00e9ception d'un cookie et d\u00e9cider de le supprimer. De plus amples informations sur les cookies sont disponibles sur les sites web des fournisseurs de navigateurs.<\/p>\n<p><b>Qu'est-ce qu'un biscuit ?<\/b><\/p>\n<p>Les cookies sont de petites cha\u00eenes de texte stock\u00e9es sur votre ordinateur lorsque vous visitez certaines pages sur l'internet. Dans la plupart des navigateurs, les cookies sont activ\u00e9s. Vous trouverez ci-dessous les informations n\u00e9cessaires pour modifier les param\u00e8tres des cookies dans votre navigateur. Les cookies ne sont pas nocifs pour l'appareil. Dans les cookies que nous g\u00e9n\u00e9rons, nous ne stockons pas d'informations permettant de vous identifier personnellement, mais nous utilisons ces informations pour am\u00e9liorer votre exp\u00e9rience sur le site. Par exemple, ils sont utiles pour identifier et r\u00e9soudre les erreurs. De plus amples informations sur les cookies sont disponibles sur les sites :\u00a0<a href=\"https:\/\/www.allaboutcookies.org\/\">www.allaboutcookies.org<\/a>\u00a0e\u00a0<a href=\"https:\/\/www.youronlinechoices.eu\/\">www.youronlinechoices.eu<\/a>.<\/p>\n<p>Les cookies peuvent remplir diverses fonctions, telles que la navigation efficace entre les pages et, en g\u00e9n\u00e9ral, am\u00e9liorer le s\u00e9jour de l'utilisateur. Le titulaire se r\u00e9serve le droit d'utiliser des cookies, avec le consentement de l'utilisateur lorsque la loi ou la r\u00e9glementation applicable le pr\u00e9voit, pour faciliter la navigation sur ce site et personnaliser les informations qui y apparaissent. Le titulaire se r\u00e9serve \u00e9galement le droit d'utiliser des syst\u00e8mes similaires pour collecter des informations sur les utilisateurs du site, telles que le type de navigateur Internet et le syst\u00e8me d'exploitation utilis\u00e9, \u00e0 des fins statistiques ou de s\u00e9curit\u00e9.<\/p>\n<p><b>Types de cookies<\/b><\/p>\n<p>On distingue alors les cookies \"de session\" et les cookies \"persistants\", les premiers une fois t\u00e9l\u00e9charg\u00e9s sont ensuite effac\u00e9s \u00e0 la fermeture du navigateur, tandis que les seconds sont stock\u00e9s jusqu'\u00e0 leur expiration ou leur effacement. Les cookies de session utilis\u00e9s ont pour but d'acc\u00e9l\u00e9rer l'analyse du trafic Internet et de faciliter l'acc\u00e8s des utilisateurs aux services offerts par le site. Les cookies de session sont principalement utilis\u00e9s lors de l'authentification, de l'autorisation et de la navigation dans les services auxquels on acc\u00e8de par le biais d'une inscription. La plupart des navigateurs sont configur\u00e9s pour accepter les cookies. Si vous ne souhaitez pas accepter les cookies, vous pouvez configurer votre ordinateur pour les refuser ou afficher un avertissement lorsqu'ils sont stock\u00e9s. Si vous refusez l'utilisation de cookies, certaines fonctionnalit\u00e9s du site peuvent ne pas fonctionner correctement et certains services peuvent ne pas \u00eatre disponibles. L'utilisation de cookies de session est strictement limit\u00e9e \u00e0 la transmission d'identifiants de session, qui sont n\u00e9cessaires pour permettre une exploration s\u00fbre et efficace du site. Ces donn\u00e9es sont de nature technique, ont une validit\u00e9 temporaire et ne sont pas collect\u00e9es dans le but d'identifier les utilisateurs mais, en raison de leur fonctionnement et en combinaison avec d'autres donn\u00e9es d\u00e9tenues par des tiers (par exemple, le fournisseur de connexion Internet de la personne concern\u00e9e), elles pourraient permettre l'identification. Les cookies de premi\u00e8re partie ne sont lisibles que par le domaine qui les a cr\u00e9\u00e9s.<\/p>\n<p><b>Cookies de tiers :<\/b><\/p>\n<p>cr\u00e9\u00e9s et lisibles \u00e0 partir de domaines ext\u00e9rieurs \u00e0 ce site. Le logiciel utilis\u00e9 cr\u00e9e un cookie afin de g\u00e9n\u00e9rer des statistiques d'utilisation. Les donn\u00e9es g\u00e9n\u00e9r\u00e9es par ce cookie sont stock\u00e9es chez Google Inc.<\/p>\n<p>Pour savoir comment fonctionnent les cookies dans Google Analytics, veuillez consulter la documentation officielle fournie par Google \u00e0 l'adresse url :\u00a0<a href=\"https:\/\/code.google.com\/apis\/analytics\/docs\/concepts\/gaConceptsCookies.html\" target=\"_blank\" rel=\"noopener noreferrer\">http:\/\/code.google.com\/apis\/analytics\/docs\/concepts\/gaConceptsCookies.html<\/a><\/p>\n<p><b>Comment d\u00e9sactiver les cookies ?<\/b><\/p>\n<p>La plupart des navigateurs acceptent automatiquement les cookies, mais vous pouvez \u00e9galement choisir de ne pas les accepter. Si vous ne souhaitez pas que votre ordinateur re\u00e7oive et stocke des cookies, vous pouvez modifier les param\u00e8tres de s\u00e9curit\u00e9 de votre navigateur (Internet Explorer, Google Chrome, Mozilla Firefox, Safari, etc.) Il existe plusieurs fa\u00e7ons de g\u00e9rer les cookies et les autres technologies de suivi. En modifiant les param\u00e8tres de votre navigateur, vous pouvez accepter ou refuser les cookies ou d\u00e9cider de recevoir un message d'avertissement avant d'accepter un cookie des sites web que vous visitez. Vous pouvez supprimer tous les cookies install\u00e9s dans le dossier des cookies de votre navigateur. Les proc\u00e9dures de gestion des param\u00e8tres varient d'un navigateur \u00e0 l'autre.<\/p>\n<p>Cliquez sur l'un des liens ci-dessous pour obtenir des instructions sp\u00e9cifiques :<\/p>\n<p><i>Microsoft Internet Explorer<\/i><br \/>\nCliquez sur l'ic\u00f4ne \"Outils\" dans le coin sup\u00e9rieur droit et s\u00e9lectionnez \"Options Internet\". Dans la fen\u00eatre qui s'affiche, s\u00e9lectionnez \"Vie priv\u00e9e\".<br \/>\nVous pouvez modifier vos param\u00e8tres en mati\u00e8re de cookies ici ou en cliquant sur le lien suivant\u00a0<a href=\"https:\/\/windows.microsoft.com\/en-us\/windows-vista\/block-or-allow-cookies\/\">http:\/\/windows.microsoft.com\/en-us\/windows-vista\/block-or-allow-cookies<\/a><\/p>\n<p><i>Google Chrome<\/i><br \/>\nCliquez sur la cl\u00e9 dans le coin sup\u00e9rieur droit et s\u00e9lectionnez \"Param\u00e8tres\". S\u00e9lectionnez ensuite \"Afficher les param\u00e8tres avanc\u00e9s\" (\"Sous le capot\") et modifiez les param\u00e8tres de \"Confidentialit\u00e9\".<br \/>\nVous pouvez modifier vos param\u00e8tres en mati\u00e8re de cookies ici ou en cliquant sur le lien suivant\u00a0<a href=\"https:\/\/support.google.com\/chrome\/bin\/answer.py?hl=en&amp;answer=95647&amp;p=cpn_cookies\" target=\"_blank\" rel=\"noopener noreferrer\">https:\/\/support.google.com\/chrome\/bin\/answer.py?hl=en&amp;answer=95647&amp;p=cpn_cookies<\/a><\/p>\n<p><i>Mozilla Firefox<br \/>\n<\/i>Dans le menu d\u00e9roulant situ\u00e9 dans le coin sup\u00e9rieur gauche, s\u00e9lectionnez \"Options\". Dans la fen\u00eatre qui s'ouvre, s\u00e9lectionnez \"Vie priv\u00e9e\".<br \/>\nVous pouvez modifier vos param\u00e8tres en mati\u00e8re de cookies ici ou en cliquant sur le lien suivant\u00a0<a href=\"https:\/\/support.mozilla.org\/en-US\/kb\/Enabling%20and%20disabling%20cookies\">http:\/\/support.mozilla.org\/en-US\/kb\/Enabling%20and%20disabling%20cookies<\/a><\/p>\n<p><i>Pomme<\/i>\u00a0Safari<br \/>\nDans le menu d\u00e9roulant situ\u00e9 dans le coin sup\u00e9rieur droit, s\u00e9lectionnez \"Pr\u00e9f\u00e9rences\". S\u00e9lectionnez \"S\u00e9curit\u00e9\".<br \/>\nVous pouvez modifier vos param\u00e8tres en mati\u00e8re de cookies ici ou en cliquant sur le lien suivant\u00a0<a href=\"https:\/\/docs.info.apple.com\/article.html\/?path=Safari\/5.0\/en\/9277.html\">http:\/\/docs.info.apple.com\/article.html?path=Safari\/5.0\/en\/9277.html<\/a><\/p>\n<p>Si vous n'utilisez pas l'un des navigateurs \u00e9num\u00e9r\u00e9s ci-dessus, s\u00e9lectionnez \"cookies\" dans la section correspondante du guide pour savoir o\u00f9 se trouve votre dossier de cookies.<\/p>\n<p><b>D\u00e9sactivation des cookies Flash<\/b><\/p>\n<p>Cliquez sur le lien ci-dessous pour modifier vos param\u00e8tres de cookies Flash.<br \/>\n<a href=\"https:\/\/www.macromedia.com\/support\/documentation\/en\/flashplayer\/help\/settings_manager02.html#118539\" target=\"_blank\" rel=\"noopener noreferrer\">http:\/\/www.macromedia.com\/support\/documentation\/en\/flashplayer\/help\/settings_manager02.html#118539<\/a><\/p>\n<p><b>Cookies de Google Analytics<\/b><\/p>\n<p>Pour d\u00e9sactiver les cookies analytiques et emp\u00eacher Google Analytics de collecter des donn\u00e9es de navigation, t\u00e9l\u00e9chargez le module compl\u00e9mentaire de navigateur Google Analytics Opt-Out :\u00a0<a href=\"https:\/\/tools.google.com\/dlpage\/gaoptout\">https:\/\/tools.google.com\/dlpage\/gaoptout<\/a><\/p>\n\n\t\t<\/div>\n\t<\/div><\/div><\/div><\/div><\/div><\/div>\n<\/div>","protected":false},"excerpt":{"rendered":"POLITIQUE EN MATI\u00c8RE DE COOKIES Les applications logicielles utilis\u00e9es peuvent contenir la technologie des \"cookies\". La fonction principale des cookies est de faciliter la navigation de l'utilisateur. Les cookies peuvent fournir des informations sur la navigation au sein du Site et permettre le fonctionnement de certains services n\u00e9cessitant l'identification de l'utilisateur.","protected":false},"author":1,"featured_media":0,"parent":0,"menu_order":0,"comment_status":"closed","ping_status":"closed","template":"","meta":{"_acf_changed":false,"content-type":"","inline_featured_image":false,"wpupg_custom_link":[],"wpupg_custom_link_behaviour":[],"wpupg_custom_link_nofollow":[],"wpupg_custom_image":[],"wpupg_custom_image_id":[],"footnotes":""},"class_list":["post-1671","page","type-page","status-publish","hentry"],"acf":[],"yoast_head":"<!-- This site is optimized with the Yoast SEO Premium plugin v26.1 (Yoast SEO v27.1.1) - https:\/\/yoast.com\/product\/yoast-seo-premium-wordpress\/ -->\n<title>Cookies Policy - I love Pok\u00e9<\/title>\n<meta name=\"robots\" content=\"index, follow, max-snippet:-1, max-image-preview:large, max-video-preview:-1\" \/>\n<link rel=\"canonical\" href=\"https:\/\/ilovepoke.it\/fr\/politique-en-matiere-de-cookies\/\" \/>\n<meta property=\"og:locale\" content=\"fr_FR\" \/>\n<meta property=\"og:type\" content=\"article\" \/>\n<meta property=\"og:title\" content=\"Cookies Policy\" \/>\n<meta property=\"og:url\" content=\"https:\/\/ilovepoke.it\/fr\/politique-en-matiere-de-cookies\/\" \/>\n<meta property=\"og:site_name\" content=\"I love Pok\u00e9\" \/>\n<meta property=\"article:publisher\" content=\"https:\/\/www.facebook.com\/ilovepoke.official\/\" \/>\n<meta property=\"article:modified_time\" content=\"2026-02-28T08:12:11+00:00\" \/>\n<meta property=\"og:image\" content=\"https:\/\/ilovepoke.it\/wp-content\/uploads\/2022\/11\/image-2.jpg\" \/>\n\t<meta property=\"og:image:width\" content=\"626\" \/>\n\t<meta property=\"og:image:height\" content=\"604\" \/>\n\t<meta property=\"og:image:type\" content=\"image\/jpeg\" \/>\n<meta name=\"twitter:card\" content=\"summary_large_image\" \/>\n<meta name=\"twitter:site\" content=\"@ilovepoke_\" \/>\n<meta name=\"twitter:label1\" content=\"Dur\u00e9e de lecture estim\u00e9e\" \/>\n\t<meta name=\"twitter:data1\" content=\"5 minutes\" \/>\n<script type=\"application\/ld+json\" class=\"yoast-schema-graph\">{\"@context\":\"https:\/\/schema.org\",\"@graph\":[{\"@type\":[\"Article\",\"BlogPosting\"],\"@id\":\"https:\/\/ilovepoke.it\/cookies-policy\/#article\",\"isPartOf\":{\"@id\":\"https:\/\/ilovepoke.it\/cookies-policy\/\"},\"author\":{\"name\":\"admin\",\"@id\":\"https:\/\/ilovepoke.it\/en\/#\/schema\/person\/4531dd6db37dd7beb4316882c8cec41d\"},\"headline\":\"Cookies Policy\",\"datePublished\":\"2020-09-14T06:50:16+00:00\",\"dateModified\":\"2026-02-28T08:12:11+00:00\",\"mainEntityOfPage\":{\"@id\":\"https:\/\/ilovepoke.it\/cookies-policy\/\"},\"wordCount\":1068,\"publisher\":{\"@id\":\"https:\/\/ilovepoke.it\/en\/#organization\"},\"inLanguage\":\"fr-FR\"},{\"@type\":\"WebPage\",\"@id\":\"https:\/\/ilovepoke.it\/cookies-policy\/\",\"url\":\"https:\/\/ilovepoke.it\/cookies-policy\/\",\"name\":\"Cookies Policy - I love Pok\u00e9\",\"isPartOf\":{\"@id\":\"https:\/\/ilovepoke.it\/en\/#website\"},\"datePublished\":\"2020-09-14T06:50:16+00:00\",\"dateModified\":\"2026-02-28T08:12:11+00:00\",\"breadcrumb\":{\"@id\":\"https:\/\/ilovepoke.it\/cookies-policy\/#breadcrumb\"},\"inLanguage\":\"fr-FR\",\"potentialAction\":[{\"@type\":\"ReadAction\",\"target\":[\"https:\/\/ilovepoke.it\/cookies-policy\/\"]}]},{\"@type\":\"BreadcrumbList\",\"@id\":\"https:\/\/ilovepoke.it\/cookies-policy\/#breadcrumb\",\"itemListElement\":[{\"@type\":\"ListItem\",\"position\":1,\"name\":\"Home\",\"item\":\"https:\/\/ilovepoke.it\/\"},{\"@type\":\"ListItem\",\"position\":2,\"name\":\"Cookies Policy\"}]},{\"@type\":\"WebSite\",\"@id\":\"https:\/\/ilovepoke.it\/en\/#website\",\"url\":\"https:\/\/ilovepoke.it\/en\/\",\"name\":\"I love Poke\",\"description\":\"Poke love. Riso nero, salmone, tonno, arancia e finocchio, alghe wakame, edamame, cavolo rosso, carote, melagrana, sesamo, salsa guacamole e soya.\",\"publisher\":{\"@id\":\"https:\/\/ilovepoke.it\/en\/#organization\"},\"potentialAction\":[{\"@type\":\"SearchAction\",\"target\":{\"@type\":\"EntryPoint\",\"urlTemplate\":\"https:\/\/ilovepoke.it\/en\/?s={search_term_string}\"},\"query-input\":{\"@type\":\"PropertyValueSpecification\",\"valueRequired\":true,\"valueName\":\"search_term_string\"}}],\"inLanguage\":\"fr-FR\"},{\"@type\":\"Organization\",\"@id\":\"https:\/\/ilovepoke.it\/en\/#organization\",\"name\":\"I Love Poke\",\"url\":\"https:\/\/ilovepoke.it\/en\/\",\"logo\":{\"@type\":\"ImageObject\",\"inLanguage\":\"fr-FR\",\"@id\":\"https:\/\/ilovepoke.it\/en\/#\/schema\/logo\/image\/\",\"url\":\"https:\/\/ilovepoke.it\/wp-content\/uploads\/2021\/02\/ilovepoke_logo_verde-rosa-bianco-2.png\",\"contentUrl\":\"https:\/\/ilovepoke.it\/wp-content\/uploads\/2021\/02\/ilovepoke_logo_verde-rosa-bianco-2.png\",\"width\":500,\"height\":224,\"caption\":\"I Love Poke\"},\"image\":{\"@id\":\"https:\/\/ilovepoke.it\/en\/#\/schema\/logo\/image\/\"},\"sameAs\":[\"https:\/\/www.facebook.com\/ilovepoke.official\/\",\"https:\/\/x.com\/ilovepoke_\",\"https:\/\/www.instagram.com\/ilovepoke.official\/\"]},{\"@type\":\"Person\",\"@id\":\"https:\/\/ilovepoke.it\/en\/#\/schema\/person\/4531dd6db37dd7beb4316882c8cec41d\",\"name\":\"admin\",\"image\":{\"@type\":\"ImageObject\",\"inLanguage\":\"fr-FR\",\"@id\":\"https:\/\/ilovepoke.it\/en\/#\/schema\/person\/image\/\",\"url\":\"https:\/\/secure.gravatar.com\/avatar\/0c2e032b23081d10a7afe506d6ff8c7fcac9dec713eb1b948486fd2d373664c2?s=96&d=mm&r=g\",\"contentUrl\":\"https:\/\/secure.gravatar.com\/avatar\/0c2e032b23081d10a7afe506d6ff8c7fcac9dec713eb1b948486fd2d373664c2?s=96&d=mm&r=g\",\"caption\":\"admin\"},\"sameAs\":[\"https:\/\/ilovepoke.it\"],\"url\":\"https:\/\/ilovepoke.it\/fr\/author\/admin\/\"}]}<\/script>\n<!-- \/ Yoast SEO Premium plugin. -->","yoast_head_json":{"title":"Politique en mati\u00e8re de cookies - I love Pok\u00e9","robots":{"index":"index","follow":"follow","max-snippet":"max-snippet:-1","max-image-preview":"max-image-preview:large","max-video-preview":"max-video-preview:-1"},"canonical":"https:\/\/ilovepoke.it\/fr\/politique-en-matiere-de-cookies\/","og_locale":"fr_FR","og_type":"article","og_title":"Cookies Policy","og_url":"https:\/\/ilovepoke.it\/fr\/politique-en-matiere-de-cookies\/","og_site_name":"I love Pok\u00e9","article_publisher":"https:\/\/www.facebook.com\/ilovepoke.official\/","article_modified_time":"2026-02-28T08:12:11+00:00","og_image":[{"width":626,"height":604,"url":"https:\/\/ilovepoke.it\/wp-content\/uploads\/2022\/11\/image-2.jpg","type":"image\/jpeg"}],"twitter_card":"summary_large_image","twitter_site":"@ilovepoke_","twitter_misc":{"Dur\u00e9e de lecture estim\u00e9e":"5 minutes"},"schema":{"@context":"https:\/\/schema.org","@graph":[{"@type":["Article","BlogPosting"],"@id":"https:\/\/ilovepoke.it\/cookies-policy\/#article","isPartOf":{"@id":"https:\/\/ilovepoke.it\/cookies-policy\/"},"author":{"name":"admin","@id":"https:\/\/ilovepoke.it\/en\/#\/schema\/person\/4531dd6db37dd7beb4316882c8cec41d"},"headline":"Cookies Policy","datePublished":"2020-09-14T06:50:16+00:00","dateModified":"2026-02-28T08:12:11+00:00","mainEntityOfPage":{"@id":"https:\/\/ilovepoke.it\/cookies-policy\/"},"wordCount":1068,"publisher":{"@id":"https:\/\/ilovepoke.it\/en\/#organization"},"inLanguage":"fr-FR"},{"@type":"WebPage","@id":"https:\/\/ilovepoke.it\/cookies-policy\/","url":"https:\/\/ilovepoke.it\/cookies-policy\/","name":"Politique en mati\u00e8re de cookies - I love Pok\u00e9","isPartOf":{"@id":"https:\/\/ilovepoke.it\/en\/#website"},"datePublished":"2020-09-14T06:50:16+00:00","dateModified":"2026-02-28T08:12:11+00:00","breadcrumb":{"@id":"https:\/\/ilovepoke.it\/cookies-policy\/#breadcrumb"},"inLanguage":"fr-FR","potentialAction":[{"@type":"ReadAction","target":["https:\/\/ilovepoke.it\/cookies-policy\/"]}]},{"@type":"BreadcrumbList","@id":"https:\/\/ilovepoke.it\/cookies-policy\/#breadcrumb","itemListElement":[{"@type":"ListItem","position":1,"name":"Home","item":"https:\/\/ilovepoke.it\/"},{"@type":"ListItem","position":2,"name":"Cookies Policy"}]},{"@type":"WebSite","@id":"https:\/\/ilovepoke.it\/en\/#website","url":"https:\/\/ilovepoke.it\/en\/","name":"J'aime le Poke","description":"Poke love. Riz noir, saumon, thon, orange et fenouil, algues wakame, edamame, chou rouge, carottes, grenade, s\u00e9same, sauce guacamole et soja.","publisher":{"@id":"https:\/\/ilovepoke.it\/en\/#organization"},"potentialAction":[{"@type":"SearchAction","target":{"@type":"EntryPoint","urlTemplate":"https:\/\/ilovepoke.it\/en\/?s={search_term_string}"},"query-input":{"@type":"PropertyValueSpecification","valueRequired":true,"valueName":"search_term_string"}}],"inLanguage":"fr-FR"},{"@type":"Organization","@id":"https:\/\/ilovepoke.it\/en\/#organization","name":"I Love Poke","url":"https:\/\/ilovepoke.it\/en\/","logo":{"@type":"ImageObject","inLanguage":"fr-FR","@id":"https:\/\/ilovepoke.it\/en\/#\/schema\/logo\/image\/","url":"https:\/\/ilovepoke.it\/wp-content\/uploads\/2021\/02\/ilovepoke_logo_verde-rosa-bianco-2.png","contentUrl":"https:\/\/ilovepoke.it\/wp-content\/uploads\/2021\/02\/ilovepoke_logo_verde-rosa-bianco-2.png","width":500,"height":224,"caption":"I Love Poke"},"image":{"@id":"https:\/\/ilovepoke.it\/en\/#\/schema\/logo\/image\/"},"sameAs":["https:\/\/www.facebook.com\/ilovepoke.official\/","https:\/\/x.com\/ilovepoke_","https:\/\/www.instagram.com\/ilovepoke.official\/"]},{"@type":"Person","@id":"https:\/\/ilovepoke.it\/en\/#\/schema\/person\/4531dd6db37dd7beb4316882c8cec41d","name":"l'administration","image":{"@type":"ImageObject","inLanguage":"fr-FR","@id":"https:\/\/ilovepoke.it\/en\/#\/schema\/person\/image\/","url":"https:\/\/secure.gravatar.com\/avatar\/0c2e032b23081d10a7afe506d6ff8c7fcac9dec713eb1b948486fd2d373664c2?s=96&d=mm&r=g","contentUrl":"https:\/\/secure.gravatar.com\/avatar\/0c2e032b23081d10a7afe506d6ff8c7fcac9dec713eb1b948486fd2d373664c2?s=96&d=mm&r=g","caption":"admin"},"sameAs":["https:\/\/ilovepoke.it"],"url":"https:\/\/ilovepoke.it\/fr\/author\/admin\/"}]}},"_links":{"self":[{"href":"https:\/\/ilovepoke.it\/fr\/wp-json\/wp\/v2\/pages\/1671","targetHints":{"allow":["GET"]}}],"collection":[{"href":"https:\/\/ilovepoke.it\/fr\/wp-json\/wp\/v2\/pages"}],"about":[{"href":"https:\/\/ilovepoke.it\/fr\/wp-json\/wp\/v2\/types\/page"}],"author":[{"embeddable":true,"href":"https:\/\/ilovepoke.it\/fr\/wp-json\/wp\/v2\/users\/1"}],"replies":[{"embeddable":true,"href":"https:\/\/ilovepoke.it\/fr\/wp-json\/wp\/v2\/comments?post=1671"}],"version-history":[{"count":0,"href":"https:\/\/ilovepoke.it\/fr\/wp-json\/wp\/v2\/pages\/1671\/revisions"}],"wp:attachment":[{"href":"https:\/\/ilovepoke.it\/fr\/wp-json\/wp\/v2\/media?parent=1671"}],"curies":[{"name":"wp","href":"https:\/\/api.w.org\/{rel}","templated":true}]}}