{"id":4777,"date":"2021-07-19T07:45:25","date_gmt":"2021-07-19T05:45:25","guid":{"rendered":"https:\/\/ilovepoke.it\/?page_id=4777"},"modified":"2025-06-04T13:23:31","modified_gmt":"2025-06-04T11:23:31","slug":"commander-poke-sassari","status":"publish","type":"page","link":"https:\/\/ilovepoke.it\/fr\/commander-poke-sassari\/","title":{"rendered":"Ordre Poke Sassari"},"content":{"rendered":"<div class=\"wpb-content-wrapper\"><section      data-speed=\"1\" class=\"parallax_section_holder  mainbanner\" style = \" height:px; background-image:url('https:\/\/ilovepoke.it\/wp-content\/uploads\/2020\/09\/take-away-poke.jpg');\"><div class=\"parallax_content left\"><div class='parallax_section_inner_margin clearfix'><div class=\"wpb_column vc_column_container vc_col-sm-12\"><div class=\"vc_column-inner\"><div class=\"wpb_wrapper\"><div id=\"pages-inner-heading\"     class=\"vc_row wpb_row section vc_row-fluid vc_inner  vc_custom_1620121441138\" style=' text-align:center;'><div class=\"full_section_inner clearfix\"><div class=\"wpb_column vc_column_container vc_col-sm-12\"><div class=\"vc_column-inner\"><div class=\"wpb_wrapper\">\n\t<div class=\"wpb_text_column wpb_content_element\">\n\t\t<div class=\"wpb_wrapper\">\n\t\t\t<h2><span style=\"color: #fff;\">Ordre Poke Sassari<\/span><\/h2>\n\n\t\t<\/div>\n\t<\/div><\/div><\/div><\/div><\/div><\/div><\/div><\/div><\/div><\/div><\/div><\/section><div      class=\"vc_row wpb_row section vc_row-fluid\" style=' text-align:left;'><div class=\"full_section_inner clearfix\"><div class=\"wpb_column vc_column_container vc_col-sm-12\"><div class=\"vc_column-inner\"><div class=\"wpb_wrapper\">\n\t<div class=\"wpb_text_column wpb_content_element\">\n\t\t<div class=\"wpb_wrapper\">\n\t\t\t\n\t\t<\/div>\n\t<\/div><\/div><\/div><\/div><\/div><\/div><div      class=\"vc_row wpb_row section vc_row-fluid\" style=' text-align:left;'><div class=\"full_section_inner clearfix\"><div class=\"wpb_column vc_column_container vc_col-sm-12\"><div class=\"vc_column-inner vc_custom_1510221971034\"><div class=\"wpb_wrapper\">\n\t<div class=\"wpb_single_image wpb_content_element vc_align_center\">\n\t\t<div class=\"wpb_wrapper\">\n\t\t\t\n\t\t\t<div class=\"vc_single_image-wrapper   vc_box_border_grey\"><img fetchpriority=\"high\" decoding=\"async\" width=\"1920\" height=\"198\" src=\"https:\/\/ilovepoke.it\/wp-content\/uploads\/2017\/11\/shape2.png\" class=\"vc_single_image-img attachment-full\" alt=\"forme2\" title=\"forme2\" srcset=\"https:\/\/ilovepoke.it\/wp-content\/uploads\/2017\/11\/shape2.png 1920w, https:\/\/ilovepoke.it\/wp-content\/uploads\/2017\/11\/shape2-600x62.png 600w, https:\/\/ilovepoke.it\/wp-content\/uploads\/2017\/11\/shape2-300x31.png 300w, https:\/\/ilovepoke.it\/wp-content\/uploads\/2017\/11\/shape2-1024x106.png 1024w, https:\/\/ilovepoke.it\/wp-content\/uploads\/2017\/11\/shape2-768x79.png 768w, https:\/\/ilovepoke.it\/wp-content\/uploads\/2017\/11\/shape2-1536x158.png 1536w, https:\/\/ilovepoke.it\/wp-content\/uploads\/2017\/11\/shape2-700x72.png 700w\" sizes=\"(max-width: 1920px) 100vw, 1920px\" \/><\/div>\n\t\t<\/div>\n\t<\/div>\n<\/div><\/div><\/div><\/div><\/div><div      class=\"vc_row wpb_row section vc_row-fluid\" style=' text-align:left;'><div class=\"full_section_inner clearfix\"><div class=\"wpb_column vc_column_container vc_col-sm-12\"><div class=\"vc_column-inner\"><div class=\"wpb_wrapper\"><div class=\"vc_empty_space\"  style=\"height: 62px\" >\n\t<span class=\"vc_empty_space_inner\">\n\t\t<span class=\"empty_space_image\"  ><\/span>\n\t<\/span>\n<\/div><\/div><\/div><\/div><\/div><\/div><div id=\"first-row-section\"     class=\"vc_row wpb_row section vc_row-fluid  menu-section vc_custom_1620122066974 grid_section\" style=' text-align:left;'><div class=\"section_inner clearfix\"><div class='section_inner_margin clearfix'><div class=\"dfbox wpb_column vc_column_container vc_col-sm-4\" id=\"towns-col-left\"><div class=\"vc_column-inner\"><div class=\"wpb_wrapper\">\n\t<div class=\"wpb_text_column wpb_content_element\">\n\t\t<div class=\"wpb_wrapper\">\n\t\t\t<h2><strong>\u00c0 emporter<\/strong><\/h2>\n<h3><strong><span style=\"color: #ee5c7f;\">ingr\u00e9dients frais<\/span><\/strong><\/h3>\n\n\t\t<\/div>\n\t<\/div><div class=\"vc_empty_space\"  style=\"height: 22px\" >\n\t<span class=\"vc_empty_space_inner\">\n\t\t<span class=\"empty_space_image\"  ><\/span>\n\t<\/span>\n<\/div>\n\t<div class=\"wpb_text_column wpb_content_element  vobteneleftbox\">\n\t\t<div class=\"wpb_wrapper\">\n\t\t\t<p><span style=\"vertical-align: inherit;\"><span style=\"vertical-align: inherit;\">Nous sommes pr\u00eats \u00e0 vous faire d\u00e9couvrir les couleurs et les saveurs de pays exotiques et locaux, en enrichissant votre corps de vitamines et de nutriments pour une explosion d'\u00e9nergie et de sant\u00e9 ! <\/span><\/span><br \/>\n<span style=\"vertical-align: inherit;\"><span style=\"vertical-align: inherit;\">Toutes nos bases sont sans gluten et de la plus haute qualit\u00e9. <\/span><span style=\"vertical-align: inherit;\">Les meilleurs produits pour appr\u00e9cier le go\u00fbt de la mer.<\/span><\/span><\/p>\n\n\t\t<\/div>\n\t<\/div><div class=\"vc_empty_space\"  style=\"height: 22px\" >\n\t<span class=\"vc_empty_space_inner\">\n\t\t<span class=\"empty_space_image\"  ><\/span>\n\t<\/span>\n<\/div><a  itemprop=\"url\" href=\"https:\/\/ilovepokesassari.ipratico.com\/#\/\" target=\"_blank\" data-hover-background-color=\"#000000\" class=\"qbutton  default  qode-button-shadow\" style=\"color: #ffffff; border-radius: 4px;-moz-border-radius: 4px;-webkit-border-radius: 4px; background-color:#e1647e;\">R\u00c9CUP\u00c9RER SON BOL<\/a><div class=\"vc_empty_space\"  style=\"height: 22px\" >\n\t<span class=\"vc_empty_space_inner\">\n\t\t<span class=\"empty_space_image\"  ><\/span>\n\t<\/span>\n<\/div><\/div><\/div><\/div><div class=\"wpb_column vc_column_container vc_col-sm-8\"><div class=\"vc_column-inner\"><div class=\"wpb_wrapper\">\n\t<div class=\"wpb_single_image wpb_content_element vc_align_left   dfd\">\n\t\t<div class=\"wpb_wrapper\">\n\t\t\t\n\t\t\t<div class=\"vc_single_image-wrapper   vc_box_border_grey\"><img decoding=\"async\" width=\"828\" height=\"465\" src=\"https:\/\/ilovepoke.it\/wp-content\/uploads\/2020\/09\/image-4.png\" class=\"vc_single_image-img attachment-full\" alt=\"\" title=\"image-4\" srcset=\"https:\/\/ilovepoke.it\/wp-content\/uploads\/2020\/09\/image-4.png 828w, https:\/\/ilovepoke.it\/wp-content\/uploads\/2020\/09\/image-4-600x337.png 600w\" sizes=\"(max-width: 828px) 100vw, 828px\" \/><\/div>\n\t\t<\/div>\n\t<\/div>\n<\/div><\/div><\/div><\/div><\/div><\/div><div      class=\"vc_row wpb_row section vc_row-fluid\" style=' text-align:left;'><div class=\"full_section_inner clearfix\"><div class=\"wpb_column vc_column_container vc_col-sm-12\"><div class=\"vc_column-inner\"><div class=\"wpb_wrapper\"><div class=\"vc_empty_space\"  style=\"height: 52px\" >\n\t<span class=\"vc_empty_space_inner\">\n\t\t<span class=\"empty_space_image\"  ><\/span>\n\t<\/span>\n<\/div><\/div><\/div><\/div><\/div><\/div><div id=\"sec-row-section\"     class=\"vc_row wpb_row section vc_row-fluid  menu-section dleberu grid_section\" style=' text-align:left;'><div class=\"section_inner clearfix\"><div class='section_inner_margin clearfix'><div class=\"wpb_column vc_column_container vc_col-sm-8\"><div class=\"vc_column-inner\"><div class=\"wpb_wrapper\">\n\t<div class=\"wpb_single_image wpb_content_element vc_align_left   dfd\">\n\t\t<div class=\"wpb_wrapper\">\n\t\t\t\n\t\t\t<div class=\"vc_single_image-wrapper   vc_box_border_grey\"><img decoding=\"async\" width=\"2000\" height=\"1123\" src=\"https:\/\/ilovepoke.it\/wp-content\/uploads\/2020\/09\/IMG_2744.jpg\" class=\"vc_single_image-img attachment-full\" alt=\"\" title=\"IMG_2744\" srcset=\"https:\/\/ilovepoke.it\/wp-content\/uploads\/2020\/09\/IMG_2744.jpg 2000w, https:\/\/ilovepoke.it\/wp-content\/uploads\/2020\/09\/IMG_2744-300x168.jpg 300w, https:\/\/ilovepoke.it\/wp-content\/uploads\/2020\/09\/IMG_2744-1024x575.jpg 1024w, https:\/\/ilovepoke.it\/wp-content\/uploads\/2020\/09\/IMG_2744-768x431.jpg 768w, https:\/\/ilovepoke.it\/wp-content\/uploads\/2020\/09\/IMG_2744-1536x862.jpg 1536w, https:\/\/ilovepoke.it\/wp-content\/uploads\/2020\/09\/IMG_2744-18x10.jpg 18w, https:\/\/ilovepoke.it\/wp-content\/uploads\/2020\/09\/IMG_2744-480x270.jpg 480w, https:\/\/ilovepoke.it\/wp-content\/uploads\/2020\/09\/IMG_2744-700x393.jpg 700w, https:\/\/ilovepoke.it\/wp-content\/uploads\/2020\/09\/IMG_2744-539x303.jpg 539w\" sizes=\"(max-width: 2000px) 100vw, 2000px\" \/><\/div>\n\t\t<\/div>\n\t<\/div>\n<\/div><\/div><\/div><div class=\"dfboxright wpb_column vc_column_container vc_col-sm-4\" id=\"towns-col-right\"><div class=\"vc_column-inner\"><div class=\"wpb_wrapper\">\n\t<div class=\"wpb_text_column wpb_content_element\">\n\t\t<div class=\"wpb_wrapper\">\n\t\t\t<h2><strong>Livraison Poke<\/strong><\/h2>\n\n\t\t<\/div>\n\t<\/div><div class=\"vc_empty_space\"  style=\"height: 22px\" >\n\t<span class=\"vc_empty_space_inner\">\n\t\t<span class=\"empty_space_image\"  ><\/span>\n\t<\/span>\n<\/div>\n\t<div class=\"wpb_text_column wpb_content_element  vobtenerightbox\">\n\t\t<div class=\"wpb_wrapper\">\n\t\t\t<p><span style=\"vertical-align: inherit;\"><span style=\"vertical-align: inherit;\">Commandez votre plat pr\u00e9f\u00e9r\u00e9 et faites-le livrer imm\u00e9diatement chez vous, dans votre studio ou o\u00f9 que vous soyez gr\u00e2ce \u00e0 la livraison \u00e0 domicile de nos partenaires.<\/span><\/span><\/p>\n\n\t\t<\/div>\n\t<\/div><div class=\"vc_empty_space\"  style=\"height: 22px\" >\n\t<span class=\"vc_empty_space_inner\">\n\t\t<span class=\"empty_space_image\"  ><\/span>\n\t<\/span>\n<\/div>\n\t<div class=\"wpb_text_column wpb_content_element\">\n\t\t<div class=\"wpb_wrapper\">\n\t\t\t<h3><strong><span style=\"color: #ee5c7f;\">Commandez et recevez votre poke bowl<\/span><\/strong><\/h3>\n\n\t\t<\/div>\n\t<\/div><a  itemprop=\"url\" href=\"https:\/\/ilovepoke.ordine.deliveroo.it\/it\/\" target=\"_blank\" data-hover-background-color=\"#000000\" class=\"qbutton  default  qode-button-shadow\" style=\"color: #ffffff; margin: 30px 0px 70px 0px; border-radius: 4px;-moz-border-radius: 4px;-webkit-border-radius: 4px; background-color:#e1647e;\">RECEVEZ VOTRE BOL<\/a><\/div><\/div><\/div><\/div><\/div><\/div><div      class=\"vc_row wpb_row section vc_row-fluid\" style=' text-align:left;'><div class=\"full_section_inner clearfix\"><div class=\"wpb_column vc_column_container vc_col-sm-12\"><div class=\"vc_column-inner\"><div class=\"wpb_wrapper\"><div class=\"vc_empty_space\"  style=\"height: 100px\" >\n\t<span class=\"vc_empty_space_inner\">\n\t\t<span class=\"empty_space_image\"  ><\/span>\n\t<\/span>\n<\/div><\/div><\/div><\/div><\/div><\/div>\n<\/div>","protected":false},"excerpt":{"rendered":"Ordina Poke Sassari Take Away ingredienti freschi Siamo pronti a condurti attraverso i colori e i sapori di terre esotiche e nostrane arricchendo il tuo corpo di vitamine e nutrienti per un pieno di energia e salute!! Tutte le nostre basi sono senza glutine e...","protected":false},"author":1,"featured_media":0,"parent":0,"menu_order":0,"comment_status":"closed","ping_status":"closed","template":"full_width.php","meta":{"_acf_changed":false,"content-type":"","inline_featured_image":false,"wpupg_custom_link":[],"wpupg_custom_link_behaviour":[],"wpupg_custom_link_nofollow":[],"wpupg_custom_image":[],"wpupg_custom_image_id":[],"footnotes":""},"class_list":["post-4777","page","type-page","status-publish","hentry"],"acf":[],"yoast_head":"<!-- This site is optimized with the Yoast SEO Premium plugin v26.1 (Yoast SEO v27.1.1) - https:\/\/yoast.com\/product\/yoast-seo-premium-wordpress\/ -->\n<title>Ordina Poke Sassari Take away Consegna a domicilio - I love Pok\u00e9<\/title>\n<meta name=\"description\" content=\"Ordina la tua poke bowl online a Sassari e ricevilo subito a casa o dovunque tu sia grazie alla consegna a domicilio. Take away e Delivery veloci\" \/>\n<meta name=\"robots\" content=\"index, follow, max-snippet:-1, max-image-preview:large, max-video-preview:-1\" \/>\n<link rel=\"canonical\" href=\"https:\/\/ilovepoke.it\/fr\/commander-poke-sassari\/\" \/>\n<meta property=\"og:locale\" content=\"fr_FR\" \/>\n<meta property=\"og:type\" content=\"article\" \/>\n<meta property=\"og:title\" content=\"Ordina Poke Sassari\" \/>\n<meta property=\"og:url\" content=\"https:\/\/ilovepoke.it\/fr\/commander-poke-sassari\/\" \/>\n<meta property=\"og:site_name\" content=\"I love Pok\u00e9\" \/>\n<meta property=\"article:publisher\" content=\"https:\/\/www.facebook.com\/ilovepoke.official\/\" \/>\n<meta property=\"article:modified_time\" content=\"2025-06-04T11:23:31+00:00\" \/>\n<meta property=\"og:image\" content=\"https:\/\/ilovepoke.it\/wp-content\/uploads\/2022\/11\/image-2.jpg\" \/>\n\t<meta property=\"og:image:width\" content=\"626\" \/>\n\t<meta property=\"og:image:height\" content=\"604\" \/>\n\t<meta property=\"og:image:type\" content=\"image\/jpeg\" \/>\n<meta name=\"twitter:card\" content=\"summary_large_image\" \/>\n<meta name=\"twitter:site\" content=\"@ilovepoke_\" \/>\n<meta name=\"twitter:label1\" content=\"Dur\u00e9e de lecture estim\u00e9e\" \/>\n\t<meta name=\"twitter:data1\" content=\"2 minutes\" \/>\n<script type=\"application\/ld+json\" class=\"yoast-schema-graph\">{\"@context\":\"https:\/\/schema.org\",\"@graph\":[{\"@type\":[\"Article\",\"BlogPosting\"],\"@id\":\"https:\/\/ilovepoke.it\/ordina-poke-sassari\/#article\",\"isPartOf\":{\"@id\":\"https:\/\/ilovepoke.it\/ordina-poke-sassari\/\"},\"author\":{\"name\":\"admin\",\"@id\":\"https:\/\/ilovepoke.it\/en\/#\/schema\/person\/4531dd6db37dd7beb4316882c8cec41d\"},\"headline\":\"Ordina Poke Sassari\",\"datePublished\":\"2021-07-19T05:45:25+00:00\",\"dateModified\":\"2025-06-04T11:23:31+00:00\",\"mainEntityOfPage\":{\"@id\":\"https:\/\/ilovepoke.it\/ordina-poke-sassari\/\"},\"wordCount\":651,\"publisher\":{\"@id\":\"https:\/\/ilovepoke.it\/en\/#organization\"},\"inLanguage\":\"fr-FR\"},{\"@type\":\"WebPage\",\"@id\":\"https:\/\/ilovepoke.it\/ordina-poke-sassari\/\",\"url\":\"https:\/\/ilovepoke.it\/ordina-poke-sassari\/\",\"name\":\"Ordina Poke Sassari Take away Consegna a domicilio - I love Pok\u00e9\",\"isPartOf\":{\"@id\":\"https:\/\/ilovepoke.it\/en\/#website\"},\"datePublished\":\"2021-07-19T05:45:25+00:00\",\"dateModified\":\"2025-06-04T11:23:31+00:00\",\"description\":\"Ordina la tua poke bowl online a Sassari e ricevilo subito a casa o dovunque tu sia grazie alla consegna a domicilio. Take away e Delivery veloci\",\"breadcrumb\":{\"@id\":\"https:\/\/ilovepoke.it\/ordina-poke-sassari\/#breadcrumb\"},\"inLanguage\":\"fr-FR\",\"potentialAction\":[{\"@type\":\"ReadAction\",\"target\":[\"https:\/\/ilovepoke.it\/ordina-poke-sassari\/\"]}]},{\"@type\":\"BreadcrumbList\",\"@id\":\"https:\/\/ilovepoke.it\/ordina-poke-sassari\/#breadcrumb\",\"itemListElement\":[{\"@type\":\"ListItem\",\"position\":1,\"name\":\"Home\",\"item\":\"https:\/\/ilovepoke.it\/\"},{\"@type\":\"ListItem\",\"position\":2,\"name\":\"Ordina Poke Sassari\"}]},{\"@type\":\"WebSite\",\"@id\":\"https:\/\/ilovepoke.it\/en\/#website\",\"url\":\"https:\/\/ilovepoke.it\/en\/\",\"name\":\"I love Poke\",\"description\":\"Poke love. Riso nero, salmone, tonno, arancia e finocchio, alghe wakame, edamame, cavolo rosso, carote, melagrana, sesamo, salsa guacamole e soya.\",\"publisher\":{\"@id\":\"https:\/\/ilovepoke.it\/en\/#organization\"},\"potentialAction\":[{\"@type\":\"SearchAction\",\"target\":{\"@type\":\"EntryPoint\",\"urlTemplate\":\"https:\/\/ilovepoke.it\/en\/?s={search_term_string}\"},\"query-input\":{\"@type\":\"PropertyValueSpecification\",\"valueRequired\":true,\"valueName\":\"search_term_string\"}}],\"inLanguage\":\"fr-FR\"},{\"@type\":\"Organization\",\"@id\":\"https:\/\/ilovepoke.it\/en\/#organization\",\"name\":\"I Love Poke\",\"url\":\"https:\/\/ilovepoke.it\/en\/\",\"logo\":{\"@type\":\"ImageObject\",\"inLanguage\":\"fr-FR\",\"@id\":\"https:\/\/ilovepoke.it\/en\/#\/schema\/logo\/image\/\",\"url\":\"https:\/\/ilovepoke.it\/wp-content\/uploads\/2021\/02\/ilovepoke_logo_verde-rosa-bianco-2.png\",\"contentUrl\":\"https:\/\/ilovepoke.it\/wp-content\/uploads\/2021\/02\/ilovepoke_logo_verde-rosa-bianco-2.png\",\"width\":500,\"height\":224,\"caption\":\"I Love Poke\"},\"image\":{\"@id\":\"https:\/\/ilovepoke.it\/en\/#\/schema\/logo\/image\/\"},\"sameAs\":[\"https:\/\/www.facebook.com\/ilovepoke.official\/\",\"https:\/\/x.com\/ilovepoke_\",\"https:\/\/www.instagram.com\/ilovepoke.official\/\"]},{\"@type\":\"Person\",\"@id\":\"https:\/\/ilovepoke.it\/en\/#\/schema\/person\/4531dd6db37dd7beb4316882c8cec41d\",\"name\":\"admin\",\"image\":{\"@type\":\"ImageObject\",\"inLanguage\":\"fr-FR\",\"@id\":\"https:\/\/ilovepoke.it\/en\/#\/schema\/person\/image\/\",\"url\":\"https:\/\/secure.gravatar.com\/avatar\/0c2e032b23081d10a7afe506d6ff8c7fcac9dec713eb1b948486fd2d373664c2?s=96&d=mm&r=g\",\"contentUrl\":\"https:\/\/secure.gravatar.com\/avatar\/0c2e032b23081d10a7afe506d6ff8c7fcac9dec713eb1b948486fd2d373664c2?s=96&d=mm&r=g\",\"caption\":\"admin\"},\"sameAs\":[\"https:\/\/ilovepoke.it\"],\"url\":\"https:\/\/ilovepoke.it\/fr\/author\/admin\/\"}]}<\/script>\n<!-- \/ Yoast SEO Premium plugin. -->","yoast_head_json":{"title":"Commande Poke Sassari Plats \u00e0 emporter Livraison \u00e0 domicile - I love Pok\u00e9","description":"Commandez votre poke bowl en ligne \u00e0 Sassari et recevez-le imm\u00e9diatement chez vous ou o\u00f9 que vous soyez gr\u00e2ce \u00e0 la livraison \u00e0 domicile. Vente \u00e0 emporter rapide et Delivery","robots":{"index":"index","follow":"follow","max-snippet":"max-snippet:-1","max-image-preview":"max-image-preview:large","max-video-preview":"max-video-preview:-1"},"canonical":"https:\/\/ilovepoke.it\/fr\/commander-poke-sassari\/","og_locale":"fr_FR","og_type":"article","og_title":"Ordina Poke Sassari","og_url":"https:\/\/ilovepoke.it\/fr\/commander-poke-sassari\/","og_site_name":"I love Pok\u00e9","article_publisher":"https:\/\/www.facebook.com\/ilovepoke.official\/","article_modified_time":"2025-06-04T11:23:31+00:00","og_image":[{"width":626,"height":604,"url":"https:\/\/ilovepoke.it\/wp-content\/uploads\/2022\/11\/image-2.jpg","type":"image\/jpeg"}],"twitter_card":"summary_large_image","twitter_site":"@ilovepoke_","twitter_misc":{"Dur\u00e9e de lecture estim\u00e9e":"2 minutes"},"schema":{"@context":"https:\/\/schema.org","@graph":[{"@type":["Article","BlogPosting"],"@id":"https:\/\/ilovepoke.it\/ordina-poke-sassari\/#article","isPartOf":{"@id":"https:\/\/ilovepoke.it\/ordina-poke-sassari\/"},"author":{"name":"admin","@id":"https:\/\/ilovepoke.it\/en\/#\/schema\/person\/4531dd6db37dd7beb4316882c8cec41d"},"headline":"Ordina Poke Sassari","datePublished":"2021-07-19T05:45:25+00:00","dateModified":"2025-06-04T11:23:31+00:00","mainEntityOfPage":{"@id":"https:\/\/ilovepoke.it\/ordina-poke-sassari\/"},"wordCount":651,"publisher":{"@id":"https:\/\/ilovepoke.it\/en\/#organization"},"inLanguage":"fr-FR"},{"@type":"WebPage","@id":"https:\/\/ilovepoke.it\/ordina-poke-sassari\/","url":"https:\/\/ilovepoke.it\/ordina-poke-sassari\/","name":"Commande Poke Sassari Plats \u00e0 emporter Livraison \u00e0 domicile - I love Pok\u00e9","isPartOf":{"@id":"https:\/\/ilovepoke.it\/en\/#website"},"datePublished":"2021-07-19T05:45:25+00:00","dateModified":"2025-06-04T11:23:31+00:00","description":"Commandez votre poke bowl en ligne \u00e0 Sassari et recevez-le imm\u00e9diatement chez vous ou o\u00f9 que vous soyez gr\u00e2ce \u00e0 la livraison \u00e0 domicile. Vente \u00e0 emporter rapide et Delivery","breadcrumb":{"@id":"https:\/\/ilovepoke.it\/ordina-poke-sassari\/#breadcrumb"},"inLanguage":"fr-FR","potentialAction":[{"@type":"ReadAction","target":["https:\/\/ilovepoke.it\/ordina-poke-sassari\/"]}]},{"@type":"BreadcrumbList","@id":"https:\/\/ilovepoke.it\/ordina-poke-sassari\/#breadcrumb","itemListElement":[{"@type":"ListItem","position":1,"name":"Home","item":"https:\/\/ilovepoke.it\/"},{"@type":"ListItem","position":2,"name":"Ordina Poke Sassari"}]},{"@type":"WebSite","@id":"https:\/\/ilovepoke.it\/en\/#website","url":"https:\/\/ilovepoke.it\/en\/","name":"J'aime le Poke","description":"Poke love. Riz noir, saumon, thon, orange et fenouil, algues wakame, edamame, chou rouge, carottes, grenade, s\u00e9same, sauce guacamole et soja.","publisher":{"@id":"https:\/\/ilovepoke.it\/en\/#organization"},"potentialAction":[{"@type":"SearchAction","target":{"@type":"EntryPoint","urlTemplate":"https:\/\/ilovepoke.it\/en\/?s={search_term_string}"},"query-input":{"@type":"PropertyValueSpecification","valueRequired":true,"valueName":"search_term_string"}}],"inLanguage":"fr-FR"},{"@type":"Organization","@id":"https:\/\/ilovepoke.it\/en\/#organization","name":"I Love Poke","url":"https:\/\/ilovepoke.it\/en\/","logo":{"@type":"ImageObject","inLanguage":"fr-FR","@id":"https:\/\/ilovepoke.it\/en\/#\/schema\/logo\/image\/","url":"https:\/\/ilovepoke.it\/wp-content\/uploads\/2021\/02\/ilovepoke_logo_verde-rosa-bianco-2.png","contentUrl":"https:\/\/ilovepoke.it\/wp-content\/uploads\/2021\/02\/ilovepoke_logo_verde-rosa-bianco-2.png","width":500,"height":224,"caption":"I Love Poke"},"image":{"@id":"https:\/\/ilovepoke.it\/en\/#\/schema\/logo\/image\/"},"sameAs":["https:\/\/www.facebook.com\/ilovepoke.official\/","https:\/\/x.com\/ilovepoke_","https:\/\/www.instagram.com\/ilovepoke.official\/"]},{"@type":"Person","@id":"https:\/\/ilovepoke.it\/en\/#\/schema\/person\/4531dd6db37dd7beb4316882c8cec41d","name":"l'administration","image":{"@type":"ImageObject","inLanguage":"fr-FR","@id":"https:\/\/ilovepoke.it\/en\/#\/schema\/person\/image\/","url":"https:\/\/secure.gravatar.com\/avatar\/0c2e032b23081d10a7afe506d6ff8c7fcac9dec713eb1b948486fd2d373664c2?s=96&d=mm&r=g","contentUrl":"https:\/\/secure.gravatar.com\/avatar\/0c2e032b23081d10a7afe506d6ff8c7fcac9dec713eb1b948486fd2d373664c2?s=96&d=mm&r=g","caption":"admin"},"sameAs":["https:\/\/ilovepoke.it"],"url":"https:\/\/ilovepoke.it\/fr\/author\/admin\/"}]}},"_links":{"self":[{"href":"https:\/\/ilovepoke.it\/fr\/wp-json\/wp\/v2\/pages\/4777","targetHints":{"allow":["GET"]}}],"collection":[{"href":"https:\/\/ilovepoke.it\/fr\/wp-json\/wp\/v2\/pages"}],"about":[{"href":"https:\/\/ilovepoke.it\/fr\/wp-json\/wp\/v2\/types\/page"}],"author":[{"embeddable":true,"href":"https:\/\/ilovepoke.it\/fr\/wp-json\/wp\/v2\/users\/1"}],"replies":[{"embeddable":true,"href":"https:\/\/ilovepoke.it\/fr\/wp-json\/wp\/v2\/comments?post=4777"}],"version-history":[{"count":0,"href":"https:\/\/ilovepoke.it\/fr\/wp-json\/wp\/v2\/pages\/4777\/revisions"}],"wp:attachment":[{"href":"https:\/\/ilovepoke.it\/fr\/wp-json\/wp\/v2\/media?parent=4777"}],"curies":[{"name":"wp","href":"https:\/\/api.w.org\/{rel}","templated":true}]}}