{"id":8522,"date":"2022-01-06T11:21:40","date_gmt":"2022-01-06T09:21:40","guid":{"rendered":"https:\/\/ilovepoke.it\/?page_id=8522"},"modified":"2025-10-19T00:46:45","modified_gmt":"2025-10-18T22:46:45","slug":"i-love-poke-orio-al-serio-aeroport","status":"publish","type":"page","link":"https:\/\/ilovepoke.it\/fr\/i-love-poke-orio-al-serio-aeroport\/","title":{"rendered":"J'ADORE L'A\u00c9ROPORT POKE ORIO AL SERIO"},"content":{"rendered":"<div class=\"wpb-content-wrapper\"><section      data-speed=\"1\" class=\"parallax_section_holder  mainbanner\" style = \" height:px; background-image:url('https:\/\/ilovepoke.it\/wp-content\/uploads\/2021\/12\/FOTO-TOP.jpg');\"><div class=\"parallax_content center\"><div class='parallax_section_inner_margin clearfix'><div class=\"wpb_column vc_column_container vc_col-sm-12\"><div class=\"vc_column-inner\"><div class=\"wpb_wrapper\"><div      class=\"vc_row wpb_row section vc_row-fluid vc_inner  store-top-banner vc_custom_1640943114316\" style=' text-align:center;'><div class=\"full_section_inner clearfix\"><div class=\"wpb_column vc_column_container vc_col-sm-12\"><div class=\"vc_column-inner\"><div class=\"wpb_wrapper\">\n\t<div class=\"wpb_text_column wpb_content_element\">\n\t\t<div class=\"wpb_wrapper\">\n\t\t\t<h2 style=\"color: #5fbdbc !important;\">I Love Poke<br \/>\n<span class=\"store_Name\">A\u00e9roport d'Orio Al Serio<\/span><\/h2>\n\n\t\t<\/div>\n\t<\/div><\/div><\/div><\/div><\/div><\/div><\/div><\/div><\/div><\/div><\/div><\/section><div      class=\"vc_row wpb_row section vc_row-fluid  take-away-head vc_custom_1641195610605 grid_section\" style=' text-align:left;'><div class=\"section_inner clearfix\"><div class='section_inner_margin clearfix'><div class=\"wpb_column vc_column_container vc_col-sm-6\"><div class=\"vc_column-inner\"><div class=\"wpb_wrapper\">\n\t<div class=\"wpb_text_column wpb_content_element  colorful-headings vc_custom_1653716774923\">\n\t\t<div class=\"wpb_wrapper\">\n\t\t\t<h3 style=\"color: #ee5c7f;\"><strong>A emporter &amp;<br \/>\nLivraison \u00e0 domicile<\/strong><\/h3>\n<h4 style=\"color: #5fbdbc;\"><strong>Le meilleur poke savoureux<br \/>\nHawa\u00ef \u00e0 l'a\u00e9roport d'Orio Al Serio <\/strong><\/h4>\n\n\t\t<\/div>\n\t<\/div><div class=\"vc_empty_space\"  style=\"height: 300px\" >\n\t<span class=\"vc_empty_space_inner\">\n\t\t<span class=\"empty_space_image\"  ><\/span>\n\t<\/span>\n<\/div>\n\t<div class=\"wpb_single_image wpb_content_element vc_align_left  element_from_left\">\n\t\t<div class=\"wpb_wrapper\">\n\t\t\t\n\t\t\t<div class=\"vc_single_image-wrapper   vc_box_border_grey\"><img fetchpriority=\"high\" decoding=\"async\" width=\"600\" height=\"750\" src=\"https:\/\/ilovepoke.it\/wp-content\/uploads\/2021\/12\/poke.jpg\" class=\"vc_single_image-img attachment-full\" alt=\"\" title=\"poke\" srcset=\"https:\/\/ilovepoke.it\/wp-content\/uploads\/2021\/12\/poke.jpg 600w, https:\/\/ilovepoke.it\/wp-content\/uploads\/2021\/12\/poke-240x300.jpg 240w\" sizes=\"(max-width: 600px) 100vw, 600px\" \/><\/div>\n\t\t<\/div>\n\t<\/div>\n<\/div><\/div><\/div><div class=\"wpb_column vc_column_container vc_col-sm-6\"><div class=\"vc_column-inner\"><div class=\"wpb_wrapper\">\n\t<div class=\"wpb_text_column wpb_content_element  text-styling\">\n\t\t<div class=\"wpb_wrapper\">\n\t\t\t<p>Les <a href=\"https:\/\/ilovepoke.it\/fr\/types-de-poke-tout-ce-quil-faut-savoir\/\">Poke<\/a> \u00e0 l'a\u00e9roport d'Orio Al Serio est n\u00e9, comme un soi-disant plat sain de la cuisine hawa\u00efenne : un bol de poisson cru, de riz, d'\u00e9pices, de sauces, de sel de mer et d'algues.<\/p>\n<p>Le poke bowl s\u00e9duit \u00e9galement parce qu'en plus d'\u00eatre un plat hypocalorique, il offre la possibilit\u00e9 de se faire plaisir en cr\u00e9ant un poke bowl personnalis\u00e9. Chacun peut cr\u00e9er son propre bol Poke comme il le souhaite.<\/p>\n<p>Des ingr\u00e9dients frais et sains, des produits biologiques locaux et des fruits des \u00eeles tropicales. Sur une base de riz, de quinoa, de c\u00e9r\u00e9ales ou de salade, vous ajoutez votre prot\u00e9ine pr\u00e9f\u00e9r\u00e9e, des l\u00e9gumes, des fruits et des sauces.<\/p>\n<p>Les combinaisons sont presque aussi nombreuses que les qualit\u00e9s de ce produit ! Bologne red\u00e9couvre donc la bont\u00e9 de ce produit et s<span class=\"Y2IQFc\" lang=\"it\">et que vous voulez la go\u00fbter \u00e0 la mani\u00e8re hawa\u00efenne, venez nous rendre visite et mahalo pour avoir partag\u00e9 avec nous votre amour de cette cuisine.<\/span><\/p>\n\n\t\t<\/div>\n\t<\/div><a  itemprop=\"url\" href=\"https:\/\/ilovepoke.it\/fr\/magasins-de-poke\/\" target=\"_blank\" data-hover-background-color=\"#ee5c7f\" class=\"qbutton  medium default bttns-stores  qode-button-shadow\" style=\"color: #ffffff; font-weight: 600; text-transform: uppercase; font-size: 18px; border-radius: 30px;-moz-border-radius: 30px;-webkit-border-radius: 30px; background-color:#5fbdbc;\">\u00c0 EMPORTER<\/a>\n\t<div class=\"wpb_text_column wpb_content_element  colorful-headings ordina-online vc_custom_1653716838666\">\n\t\t<div class=\"wpb_wrapper\">\n\t\t\t<h1 style=\"color: #5fbdbc;\"><strong>COMMANDEZ VOTRE POKE BOWL EN LIGNE \u00e0 l'a\u00e9roport Orio Al Serio<\/strong><\/h1>\n<h4 style=\"color: #ee5c7f;\"><strong>Votre poke hawa\u00efen<br \/>\n\u00e0 l'a\u00e9roport d'Orio Al Serio en livraison <\/strong><\/h4>\n\n\t\t<\/div>\n\t<\/div>\n\t<div class=\"wpb_text_column wpb_content_element  text-styling vc_custom_1649609634793\">\n\t\t<div class=\"wpb_wrapper\">\n\t\t\t<p><b>J'aime Poke Orio Al Serio Airport <\/b>fait partie de <a href=\"https:\/\/ilovepoke.it\/fr\/menu\/\">J'aime<\/a> Poke, la premi\u00e8re cha\u00eene italienne de restauration rapide d\u00e9di\u00e9e au monde du poke, o\u00f9 la d\u00e9gustation de ce plat hawa\u00efen super sain devient la cl\u00e9 d'un mode de vie sain et d\u00e9licieux.<\/p>\n<p>Beaucoup d'ingr\u00e9dients frais et authentiques pour personnaliser votre bol, dans un voyage cr\u00e9atif et savoureux avec un r\u00e9sultat toujours diff\u00e9rent selon vos envies. Parce que s'aimer soi-m\u00eame, c'est aussi manger consciemment sans renoncer au meilleur de ce que la nature nous offre.<\/p>\n\n\t\t<\/div>\n\t<\/div><a  itemprop=\"url\" href=\"https:\/\/ilovepoke.it\/fr\/magasins-de-poke\/\" target=\"_blank\" data-hover-background-color=\"#5fbdbc\" class=\"qbutton  medium default bttns-stores  qode-button-shadow\" style=\"color: #ffffff; font-weight: 600; text-transform: uppercase; font-size: 18px; border-radius: 30px;-moz-border-radius: 30px;-webkit-border-radius: 30px; background-color:#ee5c7f;\">LIVRAISON<\/a><\/div><\/div><\/div><\/div><\/div><\/div><div      class=\"vc_row wpb_row section vc_row-fluid  pass-a-travarci vc_custom_1641195699694 grid_section\" style=' text-align:left;'><div class=\"section_inner clearfix\"><div class='section_inner_margin clearfix'><div class=\"wpb_column vc_column_container vc_col-sm-6\"><div class=\"vc_column-inner\"><div class=\"wpb_wrapper\">\n\t<div class=\"wpb_text_column wpb_content_element  colorful-headings vc_custom_1644145840857\">\n\t\t<div class=\"wpb_wrapper\">\n\t\t\t<h1 style=\"color: #ee5c7f;\"><strong>venez nous voir !<\/strong><\/h1>\n<h4 style=\"color: #5fbdbc; margin-top: 10px;\"><strong>Profitez de votre s\u00e9jour \u00e0 l'a\u00e9roport d'Orio Al Serio !<\/strong><\/h4>\n\n\t\t<\/div>\n\t<\/div>\n\t<div class=\"wpb_text_column wpb_content_element  adresses-txt vc_custom_1641509804089\">\n\t\t<div class=\"wpb_wrapper\">\n\t\t\t<h4 style=\"text-transform: uppercase; color: #5fbdbc;\">J'aime Poke Orio Al Serio Airport<\/h4>\n<p class=\"address\">Via Aeroporto, 13, 24050 Orio al Serio BG<\/p>\n\n\t\t<\/div>\n\t<\/div>\n\t<div class=\"wpb_text_column wpb_content_element  adresses-txt vc_custom_1730369342674\">\n\t\t<div class=\"wpb_wrapper\">\n\t\t\t<p class=\"connect\">T\u00e9l\u00e9phone :<\/p>\n<p class=\"day\">Du : lundi au dimanche<\/p>\n<p class=\"time\">Horaires : de 11h30 \u00e0 22h.<\/p>\n<p>Adresse postale : orio@ilovepoke.it<\/p>\n\n\t\t<\/div>\n\t<\/div><\/div><\/div><\/div><div class=\"wpb_column vc_column_container vc_col-sm-6\"><div class=\"vc_column-inner\"><div class=\"wpb_wrapper\">\n\t<div class=\"wpb_single_image wpb_content_element vc_align_left  element_from_right\">\n\t\t<div class=\"wpb_wrapper\">\n\t\t\t\n\t\t\t<div class=\"vc_single_image-wrapper   vc_box_border_grey\"><img decoding=\"async\" width=\"836\" height=\"836\" src=\"https:\/\/ilovepoke.it\/wp-content\/uploads\/2021\/12\/store.jpg\" class=\"vc_single_image-img attachment-full\" alt=\"\" title=\"magasin\" srcset=\"https:\/\/ilovepoke.it\/wp-content\/uploads\/2021\/12\/store.jpg 836w, https:\/\/ilovepoke.it\/wp-content\/uploads\/2021\/12\/store-300x300.jpg 300w, https:\/\/ilovepoke.it\/wp-content\/uploads\/2021\/12\/store-150x150.jpg 150w, https:\/\/ilovepoke.it\/wp-content\/uploads\/2021\/12\/store-768x768.jpg 768w, https:\/\/ilovepoke.it\/wp-content\/uploads\/2021\/12\/store-570x570.jpg 570w, https:\/\/ilovepoke.it\/wp-content\/uploads\/2021\/12\/store-500x500.jpg 500w, https:\/\/ilovepoke.it\/wp-content\/uploads\/2021\/12\/store-700x700.jpg 700w\" sizes=\"(max-width: 836px) 100vw, 836px\" \/><\/div>\n\t\t<\/div>\n\t<\/div>\n<\/div><\/div><\/div><\/div><\/div><\/div><div      class=\"vc_row wpb_row section vc_row-fluid  vc_custom_1640952843987\" style=' text-align:left;'><div class=\"full_section_inner clearfix\"><div class=\"wpb_column vc_column_container vc_col-sm-12\"><div class=\"vc_column-inner\"><div class=\"wpb_wrapper\"><div class=\"wpb_gmaps_widget wpb_content_element\"><div class=\"wpb_wrapper\"><div class=\"wpb_map_wraper\"><iframe src=\"https:\/\/www.google.com\/maps\/embed?pb=!1m18!1m12!1m3!1d2788.066232201811!2d9.701442615564357!3d45.669570679103956!2m3!1f0!2f0!3f0!3m2!1i1024!2i768!4f13.1!3m3!1m2!1s0x4781506f9e32830d%3A0x177c7faf1030082!2sIl%20Caravaggio%20Orio%20al%20Serio%20International%20Airport!5e0!3m2!1sen!2sin!4v1641509908575!5m2!1sen!2sin\" width=\"600\" height=\"450\" style=\"border:0;\" allowfullscreen=\"\" loading=\"lazy\"><\/iframe><\/div><\/div><\/div><\/div><\/div><\/div><\/div><\/div><div      class=\"vc_row wpb_row section vc_row-fluid  bottom-two-btn vc_custom_1641196098316 grid_section\" style=' text-align:left;'><div class=\"section_inner clearfix\"><div class='section_inner_margin clearfix'><div class=\"wpb_column vc_column_container vc_col-sm-6\"><div class=\"vc_column-inner\"><div class=\"wpb_wrapper\">\n\t<div class=\"wpb_text_column wpb_content_element  more-btn-org\">\n\t\t<div class=\"wpb_wrapper\">\n\t\t\t<p><a href=\"https:\/\/ilovepoke.it\/fr\/poke-hawaien\/\">PLUS<br \/>\n\u00c0 PROPOS DE NOUS<\/a><\/p>\n\n\t\t<\/div>\n\t<\/div><\/div><\/div><\/div><div class=\"wpb_column vc_column_container vc_col-sm-6\"><div class=\"vc_column-inner\"><div class=\"wpb_wrapper\">\n\t<div class=\"wpb_text_column wpb_content_element  more-btn-green\">\n\t\t<div class=\"wpb_wrapper\">\n\t\t\t<p style=\"text-align: right;\"><a href=\"https:\/\/ilovepoke.it\/fr\/componi-bowl\/\">D\u00c9COUVREZ LA<br \/>\nNOTRE MENU<\/a><\/p>\n\n\t\t<\/div>\n\t<\/div><\/div><\/div><\/div><\/div><\/div><\/div><div      class=\"vc_row wpb_row section vc_row-fluid\" style=' text-align:left;'><div class=\"full_section_inner clearfix\"><div class=\"wpb_column vc_column_container vc_col-sm-12\"><div class=\"vc_column-inner\"><div class=\"wpb_wrapper\"><\/div><\/div><\/div><\/div><\/div>\n<\/div>","protected":false},"excerpt":{"rendered":"I Love Poke Orio Al Serio Airport Take Away &amp; Home Delivery Le meilleur poke hawa\u00efen \u00e0 Orio Al Serio Airport Le Poke \u00e0 Orio Al Serio Airport est \u00e0 l'origine un soi-disant plat sain de la cuisine hawa\u00efenne : un bol de poisson cru, de riz,...","protected":false},"author":1,"featured_media":41569,"parent":0,"menu_order":0,"comment_status":"closed","ping_status":"closed","template":"full_width.php","meta":{"_acf_changed":false,"content-type":"","inline_featured_image":false,"wpupg_custom_link":[],"wpupg_custom_link_behaviour":["default"],"wpupg_custom_link_nofollow":["default"],"wpupg_custom_image":[],"wpupg_custom_image_id":[],"footnotes":""},"class_list":["post-8522","page","type-page","status-publish","has-post-thumbnail","hentry"],"acf":[],"yoast_head":"<!-- This site is optimized with the Yoast SEO Premium plugin v26.1 (Yoast SEO v27.1.1) - https:\/\/yoast.com\/product\/yoast-seo-premium-wordpress\/ -->\n<title>Poke Orio Al Serio Areoporto Take Away Delivery - I love Pok\u00e9<\/title>\n<meta name=\"description\" content=\"Ordina online poke a Orio al Serio, tanti ingredienti freschi e genuini per personalizzare la tua bowl, riso, pesce, verdure.\" \/>\n<meta name=\"robots\" content=\"index, follow, max-snippet:-1, max-image-preview:large, max-video-preview:-1\" \/>\n<link rel=\"canonical\" href=\"https:\/\/ilovepoke.it\/fr\/i-love-poke-orio-al-serio-aeroport\/\" \/>\n<meta property=\"og:locale\" content=\"fr_FR\" \/>\n<meta property=\"og:type\" content=\"article\" \/>\n<meta property=\"og:title\" content=\"I LOVE POKE ORIO AL SERIO AEROPORTO\" \/>\n<meta property=\"og:url\" content=\"https:\/\/ilovepoke.it\/fr\/i-love-poke-orio-al-serio-aeroport\/\" \/>\n<meta property=\"og:site_name\" content=\"I love Pok\u00e9\" \/>\n<meta property=\"article:publisher\" content=\"https:\/\/www.facebook.com\/ilovepoke.official\/\" \/>\n<meta property=\"article:modified_time\" content=\"2025-10-18T22:46:45+00:00\" \/>\n<meta property=\"og:image\" content=\"https:\/\/ilovepoke.it\/wp-content\/uploads\/2025\/05\/ILovePoke-12apr22-086-36.webp\" \/>\n\t<meta property=\"og:image:width\" content=\"1350\" \/>\n\t<meta property=\"og:image:height\" content=\"1080\" \/>\n\t<meta property=\"og:image:type\" content=\"image\/webp\" \/>\n<meta name=\"twitter:card\" content=\"summary_large_image\" \/>\n<meta name=\"twitter:site\" content=\"@ilovepoke_\" \/>\n<meta name=\"twitter:label1\" content=\"Dur\u00e9e de lecture estim\u00e9e\" \/>\n\t<meta name=\"twitter:data1\" content=\"3 minutes\" \/>\n<script type=\"application\/ld+json\" class=\"yoast-schema-graph\">{\"@context\":\"https:\/\/schema.org\",\"@graph\":[{\"@type\":[\"Article\",\"BlogPosting\"],\"@id\":\"https:\/\/ilovepoke.it\/en\/i-love-poke-orio-al-serio-airport\/#article\",\"isPartOf\":{\"@id\":\"https:\/\/ilovepoke.it\/en\/i-love-poke-orio-al-serio-airport\/\"},\"author\":{\"name\":\"admin\",\"@id\":\"https:\/\/ilovepoke.it\/en\/#\/schema\/person\/4531dd6db37dd7beb4316882c8cec41d\"},\"headline\":\"I LOVE POKE ORIO AL SERIO AEROPORTO\",\"datePublished\":\"2022-01-06T09:21:40+00:00\",\"dateModified\":\"2025-10-18T22:46:45+00:00\",\"mainEntityOfPage\":{\"@id\":\"https:\/\/ilovepoke.it\/en\/i-love-poke-orio-al-serio-airport\/\"},\"wordCount\":916,\"publisher\":{\"@id\":\"https:\/\/ilovepoke.it\/en\/#organization\"},\"image\":{\"@id\":\"https:\/\/ilovepoke.it\/en\/i-love-poke-orio-al-serio-airport\/#primaryimage\"},\"thumbnailUrl\":\"https:\/\/ilovepoke.it\/wp-content\/uploads\/2025\/05\/ILovePoke-12apr22-086-36.webp\",\"inLanguage\":\"fr-FR\"},{\"@type\":\"WebPage\",\"@id\":\"https:\/\/ilovepoke.it\/en\/i-love-poke-orio-al-serio-airport\/\",\"url\":\"https:\/\/ilovepoke.it\/en\/i-love-poke-orio-al-serio-airport\/\",\"name\":\"Poke Orio Al Serio Areoporto Take Away Delivery - I love Pok\u00e9\",\"isPartOf\":{\"@id\":\"https:\/\/ilovepoke.it\/en\/#website\"},\"primaryImageOfPage\":{\"@id\":\"https:\/\/ilovepoke.it\/en\/i-love-poke-orio-al-serio-airport\/#primaryimage\"},\"image\":{\"@id\":\"https:\/\/ilovepoke.it\/en\/i-love-poke-orio-al-serio-airport\/#primaryimage\"},\"thumbnailUrl\":\"https:\/\/ilovepoke.it\/wp-content\/uploads\/2025\/05\/ILovePoke-12apr22-086-36.webp\",\"datePublished\":\"2022-01-06T09:21:40+00:00\",\"dateModified\":\"2025-10-18T22:46:45+00:00\",\"description\":\"Ordina online poke a Orio al Serio, tanti ingredienti freschi e genuini per personalizzare la tua bowl, riso, pesce, verdure.\",\"breadcrumb\":{\"@id\":\"https:\/\/ilovepoke.it\/en\/i-love-poke-orio-al-serio-airport\/#breadcrumb\"},\"inLanguage\":\"fr-FR\",\"potentialAction\":[{\"@type\":\"ReadAction\",\"target\":[\"https:\/\/ilovepoke.it\/en\/i-love-poke-orio-al-serio-airport\/\"]}]},{\"@type\":\"ImageObject\",\"inLanguage\":\"fr-FR\",\"@id\":\"https:\/\/ilovepoke.it\/en\/i-love-poke-orio-al-serio-airport\/#primaryimage\",\"url\":\"https:\/\/ilovepoke.it\/wp-content\/uploads\/2025\/05\/ILovePoke-12apr22-086-36.webp\",\"contentUrl\":\"https:\/\/ilovepoke.it\/wp-content\/uploads\/2025\/05\/ILovePoke-12apr22-086-36.webp\",\"width\":1350,\"height\":1080,\"caption\":\"I LOVE POKE ORIO AL SERIO AEROPORTO\"},{\"@type\":\"BreadcrumbList\",\"@id\":\"https:\/\/ilovepoke.it\/en\/i-love-poke-orio-al-serio-airport\/#breadcrumb\",\"itemListElement\":[{\"@type\":\"ListItem\",\"position\":1,\"name\":\"Home\",\"item\":\"https:\/\/ilovepoke.it\/\"},{\"@type\":\"ListItem\",\"position\":2,\"name\":\"I LOVE POKE ORIO AL SERIO AEROPORTO\"}]},{\"@type\":\"WebSite\",\"@id\":\"https:\/\/ilovepoke.it\/en\/#website\",\"url\":\"https:\/\/ilovepoke.it\/en\/\",\"name\":\"I love Poke\",\"description\":\"Poke love. Riso nero, salmone, tonno, arancia e finocchio, alghe wakame, edamame, cavolo rosso, carote, melagrana, sesamo, salsa guacamole e soya.\",\"publisher\":{\"@id\":\"https:\/\/ilovepoke.it\/en\/#organization\"},\"potentialAction\":[{\"@type\":\"SearchAction\",\"target\":{\"@type\":\"EntryPoint\",\"urlTemplate\":\"https:\/\/ilovepoke.it\/en\/?s={search_term_string}\"},\"query-input\":{\"@type\":\"PropertyValueSpecification\",\"valueRequired\":true,\"valueName\":\"search_term_string\"}}],\"inLanguage\":\"fr-FR\"},{\"@type\":\"Organization\",\"@id\":\"https:\/\/ilovepoke.it\/en\/#organization\",\"name\":\"I Love Poke\",\"url\":\"https:\/\/ilovepoke.it\/en\/\",\"logo\":{\"@type\":\"ImageObject\",\"inLanguage\":\"fr-FR\",\"@id\":\"https:\/\/ilovepoke.it\/en\/#\/schema\/logo\/image\/\",\"url\":\"https:\/\/ilovepoke.it\/wp-content\/uploads\/2021\/02\/ilovepoke_logo_verde-rosa-bianco-2.png\",\"contentUrl\":\"https:\/\/ilovepoke.it\/wp-content\/uploads\/2021\/02\/ilovepoke_logo_verde-rosa-bianco-2.png\",\"width\":500,\"height\":224,\"caption\":\"I Love Poke\"},\"image\":{\"@id\":\"https:\/\/ilovepoke.it\/en\/#\/schema\/logo\/image\/\"},\"sameAs\":[\"https:\/\/www.facebook.com\/ilovepoke.official\/\",\"https:\/\/x.com\/ilovepoke_\",\"https:\/\/www.instagram.com\/ilovepoke.official\/\"]},{\"@type\":\"Person\",\"@id\":\"https:\/\/ilovepoke.it\/en\/#\/schema\/person\/4531dd6db37dd7beb4316882c8cec41d\",\"name\":\"admin\",\"image\":{\"@type\":\"ImageObject\",\"inLanguage\":\"fr-FR\",\"@id\":\"https:\/\/ilovepoke.it\/en\/#\/schema\/person\/image\/\",\"url\":\"https:\/\/secure.gravatar.com\/avatar\/0c2e032b23081d10a7afe506d6ff8c7fcac9dec713eb1b948486fd2d373664c2?s=96&d=mm&r=g\",\"contentUrl\":\"https:\/\/secure.gravatar.com\/avatar\/0c2e032b23081d10a7afe506d6ff8c7fcac9dec713eb1b948486fd2d373664c2?s=96&d=mm&r=g\",\"caption\":\"admin\"},\"sameAs\":[\"https:\/\/ilovepoke.it\"],\"url\":\"https:\/\/ilovepoke.it\/fr\/author\/admin\/\"}]}<\/script>\n<!-- \/ Yoast SEO Premium plugin. -->","yoast_head_json":{"title":"Poke Orio Al Serio Airport Take Away Delivery - J'aime le Pok\u00e9","description":"Commandez en ligne du poke \u00e0 Orio al Serio, beaucoup d'ingr\u00e9dients frais et sains pour personnaliser votre bol, du riz, du poisson, des l\u00e9gumes.","robots":{"index":"index","follow":"follow","max-snippet":"max-snippet:-1","max-image-preview":"max-image-preview:large","max-video-preview":"max-video-preview:-1"},"canonical":"https:\/\/ilovepoke.it\/fr\/i-love-poke-orio-al-serio-aeroport\/","og_locale":"fr_FR","og_type":"article","og_title":"I LOVE POKE ORIO AL SERIO AEROPORTO","og_url":"https:\/\/ilovepoke.it\/fr\/i-love-poke-orio-al-serio-aeroport\/","og_site_name":"I love Pok\u00e9","article_publisher":"https:\/\/www.facebook.com\/ilovepoke.official\/","article_modified_time":"2025-10-18T22:46:45+00:00","og_image":[{"width":1350,"height":1080,"url":"https:\/\/ilovepoke.it\/wp-content\/uploads\/2025\/05\/ILovePoke-12apr22-086-36.webp","type":"image\/webp"}],"twitter_card":"summary_large_image","twitter_site":"@ilovepoke_","twitter_misc":{"Dur\u00e9e de lecture estim\u00e9e":"3 minutes"},"schema":{"@context":"https:\/\/schema.org","@graph":[{"@type":["Article","BlogPosting"],"@id":"https:\/\/ilovepoke.it\/en\/i-love-poke-orio-al-serio-airport\/#article","isPartOf":{"@id":"https:\/\/ilovepoke.it\/en\/i-love-poke-orio-al-serio-airport\/"},"author":{"name":"admin","@id":"https:\/\/ilovepoke.it\/en\/#\/schema\/person\/4531dd6db37dd7beb4316882c8cec41d"},"headline":"I LOVE POKE ORIO AL SERIO AEROPORTO","datePublished":"2022-01-06T09:21:40+00:00","dateModified":"2025-10-18T22:46:45+00:00","mainEntityOfPage":{"@id":"https:\/\/ilovepoke.it\/en\/i-love-poke-orio-al-serio-airport\/"},"wordCount":916,"publisher":{"@id":"https:\/\/ilovepoke.it\/en\/#organization"},"image":{"@id":"https:\/\/ilovepoke.it\/en\/i-love-poke-orio-al-serio-airport\/#primaryimage"},"thumbnailUrl":"https:\/\/ilovepoke.it\/wp-content\/uploads\/2025\/05\/ILovePoke-12apr22-086-36.webp","inLanguage":"fr-FR"},{"@type":"WebPage","@id":"https:\/\/ilovepoke.it\/en\/i-love-poke-orio-al-serio-airport\/","url":"https:\/\/ilovepoke.it\/en\/i-love-poke-orio-al-serio-airport\/","name":"Poke Orio Al Serio Airport Take Away Delivery - J'aime le Pok\u00e9","isPartOf":{"@id":"https:\/\/ilovepoke.it\/en\/#website"},"primaryImageOfPage":{"@id":"https:\/\/ilovepoke.it\/en\/i-love-poke-orio-al-serio-airport\/#primaryimage"},"image":{"@id":"https:\/\/ilovepoke.it\/en\/i-love-poke-orio-al-serio-airport\/#primaryimage"},"thumbnailUrl":"https:\/\/ilovepoke.it\/wp-content\/uploads\/2025\/05\/ILovePoke-12apr22-086-36.webp","datePublished":"2022-01-06T09:21:40+00:00","dateModified":"2025-10-18T22:46:45+00:00","description":"Commandez en ligne du poke \u00e0 Orio al Serio, beaucoup d'ingr\u00e9dients frais et sains pour personnaliser votre bol, du riz, du poisson, des l\u00e9gumes.","breadcrumb":{"@id":"https:\/\/ilovepoke.it\/en\/i-love-poke-orio-al-serio-airport\/#breadcrumb"},"inLanguage":"fr-FR","potentialAction":[{"@type":"ReadAction","target":["https:\/\/ilovepoke.it\/en\/i-love-poke-orio-al-serio-airport\/"]}]},{"@type":"ImageObject","inLanguage":"fr-FR","@id":"https:\/\/ilovepoke.it\/en\/i-love-poke-orio-al-serio-airport\/#primaryimage","url":"https:\/\/ilovepoke.it\/wp-content\/uploads\/2025\/05\/ILovePoke-12apr22-086-36.webp","contentUrl":"https:\/\/ilovepoke.it\/wp-content\/uploads\/2025\/05\/ILovePoke-12apr22-086-36.webp","width":1350,"height":1080,"caption":"I LOVE POKE ORIO AL SERIO AEROPORTO"},{"@type":"BreadcrumbList","@id":"https:\/\/ilovepoke.it\/en\/i-love-poke-orio-al-serio-airport\/#breadcrumb","itemListElement":[{"@type":"ListItem","position":1,"name":"Home","item":"https:\/\/ilovepoke.it\/"},{"@type":"ListItem","position":2,"name":"I LOVE POKE ORIO AL SERIO AEROPORTO"}]},{"@type":"WebSite","@id":"https:\/\/ilovepoke.it\/en\/#website","url":"https:\/\/ilovepoke.it\/en\/","name":"J'aime le Poke","description":"Poke love. Riz noir, saumon, thon, orange et fenouil, algues wakame, edamame, chou rouge, carottes, grenade, s\u00e9same, sauce guacamole et soja.","publisher":{"@id":"https:\/\/ilovepoke.it\/en\/#organization"},"potentialAction":[{"@type":"SearchAction","target":{"@type":"EntryPoint","urlTemplate":"https:\/\/ilovepoke.it\/en\/?s={search_term_string}"},"query-input":{"@type":"PropertyValueSpecification","valueRequired":true,"valueName":"search_term_string"}}],"inLanguage":"fr-FR"},{"@type":"Organization","@id":"https:\/\/ilovepoke.it\/en\/#organization","name":"I Love Poke","url":"https:\/\/ilovepoke.it\/en\/","logo":{"@type":"ImageObject","inLanguage":"fr-FR","@id":"https:\/\/ilovepoke.it\/en\/#\/schema\/logo\/image\/","url":"https:\/\/ilovepoke.it\/wp-content\/uploads\/2021\/02\/ilovepoke_logo_verde-rosa-bianco-2.png","contentUrl":"https:\/\/ilovepoke.it\/wp-content\/uploads\/2021\/02\/ilovepoke_logo_verde-rosa-bianco-2.png","width":500,"height":224,"caption":"I Love Poke"},"image":{"@id":"https:\/\/ilovepoke.it\/en\/#\/schema\/logo\/image\/"},"sameAs":["https:\/\/www.facebook.com\/ilovepoke.official\/","https:\/\/x.com\/ilovepoke_","https:\/\/www.instagram.com\/ilovepoke.official\/"]},{"@type":"Person","@id":"https:\/\/ilovepoke.it\/en\/#\/schema\/person\/4531dd6db37dd7beb4316882c8cec41d","name":"l'administration","image":{"@type":"ImageObject","inLanguage":"fr-FR","@id":"https:\/\/ilovepoke.it\/en\/#\/schema\/person\/image\/","url":"https:\/\/secure.gravatar.com\/avatar\/0c2e032b23081d10a7afe506d6ff8c7fcac9dec713eb1b948486fd2d373664c2?s=96&d=mm&r=g","contentUrl":"https:\/\/secure.gravatar.com\/avatar\/0c2e032b23081d10a7afe506d6ff8c7fcac9dec713eb1b948486fd2d373664c2?s=96&d=mm&r=g","caption":"admin"},"sameAs":["https:\/\/ilovepoke.it"],"url":"https:\/\/ilovepoke.it\/fr\/author\/admin\/"}]}},"_links":{"self":[{"href":"https:\/\/ilovepoke.it\/fr\/wp-json\/wp\/v2\/pages\/8522","targetHints":{"allow":["GET"]}}],"collection":[{"href":"https:\/\/ilovepoke.it\/fr\/wp-json\/wp\/v2\/pages"}],"about":[{"href":"https:\/\/ilovepoke.it\/fr\/wp-json\/wp\/v2\/types\/page"}],"author":[{"embeddable":true,"href":"https:\/\/ilovepoke.it\/fr\/wp-json\/wp\/v2\/users\/1"}],"replies":[{"embeddable":true,"href":"https:\/\/ilovepoke.it\/fr\/wp-json\/wp\/v2\/comments?post=8522"}],"version-history":[{"count":1,"href":"https:\/\/ilovepoke.it\/fr\/wp-json\/wp\/v2\/pages\/8522\/revisions"}],"predecessor-version":[{"id":900267,"href":"https:\/\/ilovepoke.it\/fr\/wp-json\/wp\/v2\/pages\/8522\/revisions\/900267"}],"wp:featuredmedia":[{"embeddable":true,"href":"https:\/\/ilovepoke.it\/fr\/wp-json\/wp\/v2\/media\/41569"}],"wp:attachment":[{"href":"https:\/\/ilovepoke.it\/fr\/wp-json\/wp\/v2\/media?parent=8522"}],"curies":[{"name":"wp","href":"https:\/\/api.w.org\/{rel}","templated":true}]}}